{"id":692161,"date":"2025-08-27T14:04:45","date_gmt":"2025-08-27T11:04:45","guid":{"rendered":"https:\/\/roveyayinevi.com.tr\/index.php\/urun\/ibn-rusdde-nedensellik\/"},"modified":"2026-04-16T02:02:10","modified_gmt":"2026-04-15T23:02:10","slug":"ibn-rusdde-nedensellik","status":"publish","type":"product","link":"https:\/\/roveyayinevi.com.tr\/index.php\/urun\/ibn-rusdde-nedensellik\/","title":{"rendered":"\u0130bn R\u00fc\u015fd\u2019de Nedensellik"},"content":{"rendered":"<p>Bu \u00e7al\u0131\u015fman\u0131n amac\u0131, esas itibariyle, \u0130slam d\u00fc\u015f\u00fcncesi ba\u011flam\u0131nda bilim sorununun irdelenmesine bir katk\u0131da bulunabilmektir. Nitekim nedensellik, her \u015feyden \u00f6nce bilimsel d\u00fc\u015f\u00fcncenin bir polemati\u011fidir.  Bilginin taml\u0131\u011f\u0131 nedenlerin bilgisidir. Diyen \u0130bn R\u00fc\u015fd\u2019e uyarak, bu amaca y\u00f6nelmenin nedenlerini a\u00e7\u0131klamay\u0131 da gerekli g\u00f6rmekteyiz; \u015f\u00fcphe yok ki \u0130slam Medeniyeti, felsefe ve bilime \u00f6nemli evrensel katk\u0131lar yapm\u0131\u015ft\u0131r. Ancak ne yaz\u0131k ki \u015f\u00fcphe g\u00f6t\u00fcrmez di\u011fer bir ger\u00e7ek de, t\u00fcm \u0130slam co\u011frafyas\u0131nda, bu g\u00fcn dahi bilim ve bilimsel d\u00fc\u015f\u00fcncenin hala mecras\u0131n\u0131 bulamad\u0131\u011f\u0131, din-bilim ili\u015fkilerinin sa\u011fl\u0131kl\u0131 bir zemine oturtulamad\u0131\u011f\u0131d\u0131r. Bize g\u00f6re bu sorunun temelinde, bilimin sa\u011fl\u0131kl\u0131 anla\u015f\u0131lmas\u0131, daha do\u011frusu k\u00f6k\u00fc maziye dayanan bir\u00e7ok yanl\u0131\u015f anlamalar\u0131 etkisini hala s\u00fcrd\u00fcrmesi yatmaktad\u0131r. <\/p>\n","protected":false},"excerpt":{"rendered":"<p>Bu \u00e7al\u0131\u015fman\u0131n amac\u0131, esas itibariyle, \u0130slam d\u00fc\u015f\u00fcncesi ba\u011flam\u0131nda bilim sorununun irdelenmesine bir katk\u0131da bulunabilmektir. Nitekim nedensellik, her \u015feyden \u00f6nce bilimsel d\u00fc\u015f\u00fcncenin bir polemati\u011fidir. Bilginin taml\u0131\u011f\u0131 nedenlerin<span class=\"excerpt-hellip\"> [\u2026]<\/span><\/p>\n","protected":false},"featured_media":0,"template":"","meta":{"_monsterinsights_skip_tracking":false,"_monsterinsights_sitenote_active":false,"_monsterinsights_sitenote_note":"","_monsterinsights_sitenote_category":0},"product_brand":[],"product_cat":[12718,12719,13025],"product_tag":[],"class_list":{"0":"post-692161","1":"product","2":"type-product","3":"status-publish","5":"product_cat-din","6":"product_cat-islam","7":"product_cat-islam-ve-gunumuz-islam-dusuncesi","8":"pa_tur-kitap","9":"pa_yayinevi-otuken-nesriyat","10":"pa_yazar-mehmet-fatih-birgul","12":"first","13":"instock","14":"sale","15":"shipping-taxable","16":"purchasable","17":"product-type-simple"},"_links":{"self":[{"href":"https:\/\/roveyayinevi.com.tr\/index.php\/wp-json\/wp\/v2\/product\/692161","targetHints":{"allow":["GET"]}}],"collection":[{"href":"https:\/\/roveyayinevi.com.tr\/index.php\/wp-json\/wp\/v2\/product"}],"about":[{"href":"https:\/\/roveyayinevi.com.tr\/index.php\/wp-json\/wp\/v2\/types\/product"}],"wp:attachment":[{"href":"https:\/\/roveyayinevi.com.tr\/index.php\/wp-json\/wp\/v2\/media?parent=692161"}],"wp:term":[{"taxonomy":"product_brand","embeddable":true,"href":"https:\/\/roveyayinevi.com.tr\/index.php\/wp-json\/wp\/v2\/product_brand?post=692161"},{"taxonomy":"product_cat","embeddable":true,"href":"https:\/\/roveyayinevi.com.tr\/index.php\/wp-json\/wp\/v2\/product_cat?post=692161"},{"taxonomy":"product_tag","embeddable":true,"href":"https:\/\/roveyayinevi.com.tr\/index.php\/wp-json\/wp\/v2\/product_tag?post=692161"}],"curies":[{"name":"wp","href":"https:\/\/api.w.org\/{rel}","templated":true}]}}