{"id":692160,"date":"2025-08-27T14:04:45","date_gmt":"2025-08-27T11:04:45","guid":{"rendered":"https:\/\/roveyayinevi.com.tr\/index.php\/urun\/huzun-coktu-daglara\/"},"modified":"2026-04-16T02:02:10","modified_gmt":"2026-04-15T23:02:10","slug":"huzun-coktu-daglara","status":"publish","type":"product","link":"https:\/\/roveyayinevi.com.tr\/index.php\/urun\/huzun-coktu-daglara\/","title":{"rendered":"H\u00fcz\u00fcn \u00c7\u00f6kt\u00fc Da\u011flara"},"content":{"rendered":"<p>Y\u00fcce da\u011f zirveleri aldat\u0131r insan\u0131&#8230; Ula\u015fmak kolay de\u011fildir. Saatler s\u00fcren, dizlerde derman b\u0131rakmayan t\u0131rman\u0131\u015ftan sonra: &#8230; \u0130\u015fte! zirve orada!  der, tazelenen bir g\u00fc\u00e7le daha bir \u015fevkle t\u0131rman\u0131rs\u0131n, dikenli, eriyen karlar\u0131n, sert esen kuzey r\u00fczg\u00e2rlar\u0131n\u0131n \u00e7atlatt\u0131\u011f\u0131, yerinden oynatt\u0131\u011f\u0131 kayalara ihtiyatla basarak. Tam zirveye ula\u015ft\u0131\u011f\u0131n\u0131 sand\u0131\u011f\u0131n an, taa y\u00fckseklerde, g\u00fcnahs\u0131z insanlar gibi ak bulutlarla kucakla\u015fm\u0131\u015f, gururla bakar sana, acziyetinle alay edercesine&#8230; Orada, epilek ya\u011fmurlarda, da\u011f esintisinde boy atan, nazl\u0131 \u00e7i\u00e7ekler vard\u0131r&#8230; Onlar yaln\u0131zl\u0131klar\u0131ndan yak\u0131n\u0131r g\u00f6r\u00fcnseler de \u015fik\u00e2yet\u00e7i de\u011fildirler bu inzivadan&#8230; <\/p>\n","protected":false},"excerpt":{"rendered":"<p>Y\u00fcce da\u011f zirveleri aldat\u0131r insan\u0131&#8230; Ula\u015fmak kolay de\u011fildir. Saatler s\u00fcren, dizlerde derman b\u0131rakmayan t\u0131rman\u0131\u015ftan sonra: &#8230; \u0130\u015fte! zirve orada! der, tazelenen bir g\u00fc\u00e7le daha bir \u015fevkle<span class=\"excerpt-hellip\"> [\u2026]<\/span><\/p>\n","protected":false},"featured_media":0,"template":"","meta":{"_monsterinsights_skip_tracking":false,"_monsterinsights_sitenote_active":false,"_monsterinsights_sitenote_note":"","_monsterinsights_sitenote_category":0},"product_brand":[],"product_cat":[12291,12711],"product_tag":[],"class_list":{"0":"post-692160","1":"product","2":"type-product","3":"status-publish","5":"product_cat-edebiyat","6":"product_cat-roman-oyku","7":"pa_tur-kitap","8":"pa_yayinevi-otuken-nesriyat","9":"pa_yazar-cafer-akman","11":"first","12":"instock","13":"sale","14":"shipping-taxable","15":"purchasable","16":"product-type-simple"},"_links":{"self":[{"href":"https:\/\/roveyayinevi.com.tr\/index.php\/wp-json\/wp\/v2\/product\/692160","targetHints":{"allow":["GET"]}}],"collection":[{"href":"https:\/\/roveyayinevi.com.tr\/index.php\/wp-json\/wp\/v2\/product"}],"about":[{"href":"https:\/\/roveyayinevi.com.tr\/index.php\/wp-json\/wp\/v2\/types\/product"}],"wp:attachment":[{"href":"https:\/\/roveyayinevi.com.tr\/index.php\/wp-json\/wp\/v2\/media?parent=692160"}],"wp:term":[{"taxonomy":"product_brand","embeddable":true,"href":"https:\/\/roveyayinevi.com.tr\/index.php\/wp-json\/wp\/v2\/product_brand?post=692160"},{"taxonomy":"product_cat","embeddable":true,"href":"https:\/\/roveyayinevi.com.tr\/index.php\/wp-json\/wp\/v2\/product_cat?post=692160"},{"taxonomy":"product_tag","embeddable":true,"href":"https:\/\/roveyayinevi.com.tr\/index.php\/wp-json\/wp\/v2\/product_tag?post=692160"}],"curies":[{"name":"wp","href":"https:\/\/api.w.org\/{rel}","templated":true}]}}