{"id":692159,"date":"2025-08-27T14:04:45","date_gmt":"2025-08-27T11:04:45","guid":{"rendered":"https:\/\/roveyayinevi.com.tr\/index.php\/urun\/iktisat-metodolojisi-ve-dusunce-tarihi-yazilari\/"},"modified":"2026-04-16T02:02:10","modified_gmt":"2026-04-15T23:02:10","slug":"iktisat-metodolojisi-ve-dusunce-tarihi-yazilari","status":"publish","type":"product","link":"https:\/\/roveyayinevi.com.tr\/index.php\/urun\/iktisat-metodolojisi-ve-dusunce-tarihi-yazilari\/","title":{"rendered":"\u0130ktisat Metodolojisi ve D\u00fc\u015f\u00fcnce Tarihi Yaz\u0131lar\u0131"},"content":{"rendered":"<p>Bu toplama yaz\u0131larda iktisad\u00ee d\u00fc\u015f\u00fcnce tarihine ili\u015fkin konular ele al\u0131nm\u0131\u015f olmas\u0131na ra\u011fmen d\u00fcnden bug\u00fcne ula\u015fan iktisad\u00ee bilgi birikiminin tahlilinde sa\u011fl\u0131kl\u0131 bir metod anlay\u0131\u015f\u0131na duyulan ihtiya\u00e7 da dile getirilmeye \u00e7al\u0131\u015f\u0131lm\u0131\u015ft\u0131r. Metod m\u00fcnaka\u015falar\u0131n\u0131n ayd\u0131nl\u0131\u011f\u0131nda, somut iktisad\u00ee meselelerin \u00e7\u00f6z\u00fcm\u00fc i\u00e7in kurgulanm\u0131\u015f teorik yap\u0131lar\u0131n \u015fekillenmesinde teoriyi in\u015fa etmeden bir ad\u0131m \u00f6nde kurgulanacak olan \u2018norm\u2019un metafizik tuzaklardan ar\u0131nd\u0131r\u0131lmas\u0131n\u0131n \u00f6nemi vurgulanm\u0131\u015ft\u0131r. <\/p>\n","protected":false},"excerpt":{"rendered":"<p>Bu toplama yaz\u0131larda iktisad\u00ee d\u00fc\u015f\u00fcnce tarihine ili\u015fkin konular ele al\u0131nm\u0131\u015f olmas\u0131na ra\u011fmen d\u00fcnden bug\u00fcne ula\u015fan iktisad\u00ee bilgi birikiminin tahlilinde sa\u011fl\u0131kl\u0131 bir metod anlay\u0131\u015f\u0131na duyulan ihtiya\u00e7 da<span class=\"excerpt-hellip\"> [\u2026]<\/span><\/p>\n","protected":false},"featured_media":0,"template":"","meta":{"_monsterinsights_skip_tracking":false,"_monsterinsights_sitenote_active":false,"_monsterinsights_sitenote_note":"","_monsterinsights_sitenote_category":0},"product_brand":[],"product_cat":[13044,13043],"product_tag":[],"class_list":{"0":"post-692159","1":"product","2":"type-product","3":"status-publish","5":"product_cat-dunya-ekonomisi","6":"product_cat-ekonomi","7":"pa_tur-kitap","8":"pa_yayinevi-otuken-nesriyat","9":"pa_yazar-ahmed-guner-sayar","11":"first","12":"instock","13":"sale","14":"shipping-taxable","15":"purchasable","16":"product-type-simple"},"_links":{"self":[{"href":"https:\/\/roveyayinevi.com.tr\/index.php\/wp-json\/wp\/v2\/product\/692159","targetHints":{"allow":["GET"]}}],"collection":[{"href":"https:\/\/roveyayinevi.com.tr\/index.php\/wp-json\/wp\/v2\/product"}],"about":[{"href":"https:\/\/roveyayinevi.com.tr\/index.php\/wp-json\/wp\/v2\/types\/product"}],"wp:attachment":[{"href":"https:\/\/roveyayinevi.com.tr\/index.php\/wp-json\/wp\/v2\/media?parent=692159"}],"wp:term":[{"taxonomy":"product_brand","embeddable":true,"href":"https:\/\/roveyayinevi.com.tr\/index.php\/wp-json\/wp\/v2\/product_brand?post=692159"},{"taxonomy":"product_cat","embeddable":true,"href":"https:\/\/roveyayinevi.com.tr\/index.php\/wp-json\/wp\/v2\/product_cat?post=692159"},{"taxonomy":"product_tag","embeddable":true,"href":"https:\/\/roveyayinevi.com.tr\/index.php\/wp-json\/wp\/v2\/product_tag?post=692159"}],"curies":[{"name":"wp","href":"https:\/\/api.w.org\/{rel}","templated":true}]}}