{"id":692156,"date":"2025-08-27T14:04:44","date_gmt":"2025-08-27T11:04:44","guid":{"rendered":"https:\/\/roveyayinevi.com.tr\/index.php\/urun\/hoscakal-sehir\/"},"modified":"2026-04-16T02:02:10","modified_gmt":"2026-04-15T23:02:10","slug":"hoscakal-sehir","status":"publish","type":"product","link":"https:\/\/roveyayinevi.com.tr\/index.php\/urun\/hoscakal-sehir\/","title":{"rendered":"Ho\u015f\u00e7akal \u015eehir"},"content":{"rendered":"<p>&#8230; A\u015fklar\u0131n nefesleri vurmu\u015f bizim da\u011flar\u0131m\u0131za, Bu y\u00fczdendir ki duman eksilmez ba\u015flar\u0131ndan, bu y\u00fczdendir ki erken bulutlan\u0131r tepeleri, sis erken \u00e7\u00f6ker, kar erken d\u00fc\u015fer sevdal\u0131 doruklar\u0131na. Bu y\u00fczdendir ki erken sarar\u0131r ye\u015filler, \u00e7i\u00e7ekler erken solar, h\u00fcz\u00fcn erken iner ovalara.. Bu y\u00fczdendir ki, beli b\u00fck\u00fck bir aslan gibi k\u0131rg\u0131n durur Erciyes&#8230; <\/p>\n","protected":false},"excerpt":{"rendered":"<p>&#8230; A\u015fklar\u0131n nefesleri vurmu\u015f bizim da\u011flar\u0131m\u0131za, Bu y\u00fczdendir ki duman eksilmez ba\u015flar\u0131ndan, bu y\u00fczdendir ki erken bulutlan\u0131r tepeleri, sis erken \u00e7\u00f6ker, kar erken d\u00fc\u015fer sevdal\u0131 doruklar\u0131na.<span class=\"excerpt-hellip\"> [\u2026]<\/span><\/p>\n","protected":false},"featured_media":0,"template":"","meta":{"_monsterinsights_skip_tracking":false,"_monsterinsights_sitenote_active":false,"_monsterinsights_sitenote_note":"","_monsterinsights_sitenote_category":0},"product_brand":[],"product_cat":[12312,12304],"product_tag":[],"class_list":{"0":"post-692156","1":"product","2":"type-product","3":"status-publish","5":"product_cat-diger","6":"product_cat-tarih","7":"pa_tur-kitap","8":"pa_yayinevi-otuken-nesriyat","9":"pa_yazar-emir-kalkan","11":"first","12":"instock","13":"sale","14":"shipping-taxable","15":"purchasable","16":"product-type-simple"},"_links":{"self":[{"href":"https:\/\/roveyayinevi.com.tr\/index.php\/wp-json\/wp\/v2\/product\/692156","targetHints":{"allow":["GET"]}}],"collection":[{"href":"https:\/\/roveyayinevi.com.tr\/index.php\/wp-json\/wp\/v2\/product"}],"about":[{"href":"https:\/\/roveyayinevi.com.tr\/index.php\/wp-json\/wp\/v2\/types\/product"}],"wp:attachment":[{"href":"https:\/\/roveyayinevi.com.tr\/index.php\/wp-json\/wp\/v2\/media?parent=692156"}],"wp:term":[{"taxonomy":"product_brand","embeddable":true,"href":"https:\/\/roveyayinevi.com.tr\/index.php\/wp-json\/wp\/v2\/product_brand?post=692156"},{"taxonomy":"product_cat","embeddable":true,"href":"https:\/\/roveyayinevi.com.tr\/index.php\/wp-json\/wp\/v2\/product_cat?post=692156"},{"taxonomy":"product_tag","embeddable":true,"href":"https:\/\/roveyayinevi.com.tr\/index.php\/wp-json\/wp\/v2\/product_tag?post=692156"}],"curies":[{"name":"wp","href":"https:\/\/api.w.org\/{rel}","templated":true}]}}