{"id":692155,"date":"2025-08-27T14:04:44","date_gmt":"2025-08-27T11:04:44","guid":{"rendered":"https:\/\/roveyayinevi.com.tr\/index.php\/urun\/ferrarisini-satan-bilge\/"},"modified":"2026-04-16T02:02:10","modified_gmt":"2026-04-15T23:02:10","slug":"ferrarisini-satan-bilge","status":"publish","type":"product","link":"https:\/\/roveyayinevi.com.tr\/index.php\/urun\/ferrarisini-satan-bilge\/","title":{"rendered":"Ferrari&#8217;sini Satan Bilge"},"content":{"rendered":"<p>On y\u0131l \u00f6nce bir kitap yay\u0131nland\u0131 ve milyonlar\u0131n ya\u015fam\u0131n\u0131 de\u011fi\u015ftirdi. Kariyerindeki ba\u015far\u0131s\u0131, i\u00e7indeki derin bo\u015flu\u011fu gizlemeye yetmeyen \u00fcnl\u00fc avukat Julian Mantle\u2019\u0131n hik\u00e2yesini anlatan Ferrari\u2019sini Satan Bilge, hayatta neyin \u00f6nemli oldu\u011funa ve sonunda gurur duyaca\u011f\u0131n\u0131z bir ya\u015fam s\u00fcrmenizi neyin sa\u011flayaca\u011f\u0131na dair unutulmaz bir ders veriyor ve okurlar\u0131n refah, mutluluk ve i\u00e7 huzuruna kavu\u015fmalar\u0131n\u0131 sa\u011flayacak \u00e7\u00f6z\u00fcmler \u00f6neriyor. \u00d6\u011fretirken keyif de veren, b\u00fcy\u00fcleyici bir \u00f6yk\u00fc. -Paulo Coelho, Simyac\u0131\u2019n\u0131n Yazar\u0131- Sansasyonel. Bu kitap hayat\u0131n\u0131z\u0131 de\u011fi\u015ftirecek. -Mark Victor- Ya\u015fam\u0131n b\u00fcy\u00fck sorular\u0131na \u0131\u015f\u0131k tutuyor. -Edmonton Journal- Herkesin faydalanabilece\u011fi sade bir bilgelik. -Calgary Herald- Bu kitap, sa\u011fduyu ve bilgeli\u011fin alt\u0131n madeni. -Dean Larry Tapp- Robin Sharma\u2019n\u0131n hayat\u0131m\u0131z\u0131 de\u011fi\u015ftirecek \u00f6nemli bir mesaj\u0131 var. Ki\u015fisel memnuniyetin tela\u015fl\u0131 bir \u00e7a\u011fda yaz\u0131lm\u0131\u015f, e\u015fine rastlan\u0131lamayacak kitab\u0131. -Scott DeGarmo, Success Magazine- Bir hazine; ger\u00e7ek ba\u015far\u0131 ve mutluluk i\u00e7in zarif ve g\u00fc\u00e7l\u00fc bir form\u00fcl. Robin Sharma y\u00fczy\u0131llar\u0131n bilgeli\u011fini yakalay\u0131p onu bu \u00e7alkant\u0131l\u0131 zamanlara uyarlam\u0131\u015f. Elinizden b\u0131rakamayacaks\u0131n\u0131z. -Joe Tye- \ufffcTan\u0131t\u0131m Metni<\/p>\n","protected":false},"excerpt":{"rendered":"<p>On y\u0131l \u00f6nce bir kitap yay\u0131nland\u0131 ve milyonlar\u0131n ya\u015fam\u0131n\u0131 de\u011fi\u015ftirdi. Kariyerindeki ba\u015far\u0131s\u0131, i\u00e7indeki derin bo\u015flu\u011fu gizlemeye yetmeyen \u00fcnl\u00fc avukat Julian Mantle\u2019\u0131n hik\u00e2yesini anlatan Ferrari\u2019sini Satan Bilge,<span class=\"excerpt-hellip\"> [\u2026]<\/span><\/p>\n","protected":false},"featured_media":0,"template":"","meta":{"_monsterinsights_skip_tracking":false,"_monsterinsights_sitenote_active":false,"_monsterinsights_sitenote_note":"","_monsterinsights_sitenote_category":0},"product_brand":[],"product_cat":[12291,12711],"product_tag":[],"class_list":{"0":"post-692155","1":"product","2":"type-product","3":"status-publish","5":"product_cat-edebiyat","6":"product_cat-roman-oyku","7":"pa_tur-kitap","8":"pa_yayinevi-pegasus-yayinlari","9":"pa_yazar-robin-sharma","11":"first","12":"instock","13":"sale","14":"shipping-taxable","15":"purchasable","16":"product-type-simple"},"_links":{"self":[{"href":"https:\/\/roveyayinevi.com.tr\/index.php\/wp-json\/wp\/v2\/product\/692155","targetHints":{"allow":["GET"]}}],"collection":[{"href":"https:\/\/roveyayinevi.com.tr\/index.php\/wp-json\/wp\/v2\/product"}],"about":[{"href":"https:\/\/roveyayinevi.com.tr\/index.php\/wp-json\/wp\/v2\/types\/product"}],"wp:attachment":[{"href":"https:\/\/roveyayinevi.com.tr\/index.php\/wp-json\/wp\/v2\/media?parent=692155"}],"wp:term":[{"taxonomy":"product_brand","embeddable":true,"href":"https:\/\/roveyayinevi.com.tr\/index.php\/wp-json\/wp\/v2\/product_brand?post=692155"},{"taxonomy":"product_cat","embeddable":true,"href":"https:\/\/roveyayinevi.com.tr\/index.php\/wp-json\/wp\/v2\/product_cat?post=692155"},{"taxonomy":"product_tag","embeddable":true,"href":"https:\/\/roveyayinevi.com.tr\/index.php\/wp-json\/wp\/v2\/product_tag?post=692155"}],"curies":[{"name":"wp","href":"https:\/\/api.w.org\/{rel}","templated":true}]}}