{"id":692154,"date":"2025-08-27T14:04:44","date_gmt":"2025-08-27T11:04:44","guid":{"rendered":"https:\/\/roveyayinevi.com.tr\/index.php\/urun\/ejderha-dovmeli-kiz\/"},"modified":"2025-11-22T02:21:22","modified_gmt":"2025-11-21T23:21:22","slug":"ejderha-dovmeli-kiz","status":"publish","type":"product","link":"https:\/\/roveyayinevi.com.tr\/index.php\/urun\/ejderha-dovmeli-kiz\/","title":{"rendered":"Ejderha D\u00f6vmeli K\u0131z"},"content":{"rendered":"<p>41 \u00fclkede rekor sat\u0131\u015f yapan kitaplar\u0131n\u0131n ba\u015far\u0131s\u0131n\u0131 g\u00f6remeden 50 ya\u015f\u0131nda hayata veda eden \u0130sve\u00e7li gazeteci Stieg Larsson&#8217;un zihne kaz\u0131nacak sahneler, \u00e7arp\u0131c\u0131 ve canl\u0131 karakterler, okurlar\u0131 adeta yerlerine \u00e7ivileyecek s\u00fcr\u00fckleyici bir kurgu ile her sayfas\u0131n\u0131 a\u011f\u0131r a\u011f\u0131r ve dokuyarak yazd\u0131\u011f\u0131 Millennium serisinin ilk kitab\u0131 Ejderha D\u00f6vmeli K\u0131z&#8217;\u0131 okuduktan sonra, Gefle Dagblad gibi &#8216;bundan daha iyisi yap\u0131lamaz&#8217; diyebilirsiniz. Ama bu erken bir karar olabilir. Son s\u00f6z\u00fc s\u00f6ylemeden ikincisini beklemenizi tavsiye ederiz. <\/p>\n","protected":false},"excerpt":{"rendered":"<p>41 \u00fclkede rekor sat\u0131\u015f yapan kitaplar\u0131n\u0131n ba\u015far\u0131s\u0131n\u0131 g\u00f6remeden 50 ya\u015f\u0131nda hayata veda eden \u0130sve\u00e7li gazeteci Stieg Larsson&#8217;un zihne kaz\u0131nacak sahneler, \u00e7arp\u0131c\u0131 ve canl\u0131 karakterler, okurlar\u0131 adeta<span class=\"excerpt-hellip\"> [\u2026]<\/span><\/p>\n","protected":false},"featured_media":0,"template":"","meta":{"_monsterinsights_skip_tracking":false,"_monsterinsights_sitenote_active":false,"_monsterinsights_sitenote_note":"","_monsterinsights_sitenote_category":0},"product_brand":[],"product_cat":[12291,12711],"product_tag":[],"class_list":{"0":"post-692154","1":"product","2":"type-product","3":"status-publish","5":"product_cat-edebiyat","6":"product_cat-roman-oyku","7":"pa_cilt-ciltsiz","8":"pa_tur-kitap","9":"pa_yayinevi-pegasus-yayinlari","10":"pa_yazar-stieg-larsson","12":"first","13":"instock","14":"sale","15":"shipping-taxable","16":"purchasable","17":"product-type-simple"},"_links":{"self":[{"href":"https:\/\/roveyayinevi.com.tr\/index.php\/wp-json\/wp\/v2\/product\/692154","targetHints":{"allow":["GET"]}}],"collection":[{"href":"https:\/\/roveyayinevi.com.tr\/index.php\/wp-json\/wp\/v2\/product"}],"about":[{"href":"https:\/\/roveyayinevi.com.tr\/index.php\/wp-json\/wp\/v2\/types\/product"}],"wp:attachment":[{"href":"https:\/\/roveyayinevi.com.tr\/index.php\/wp-json\/wp\/v2\/media?parent=692154"}],"wp:term":[{"taxonomy":"product_brand","embeddable":true,"href":"https:\/\/roveyayinevi.com.tr\/index.php\/wp-json\/wp\/v2\/product_brand?post=692154"},{"taxonomy":"product_cat","embeddable":true,"href":"https:\/\/roveyayinevi.com.tr\/index.php\/wp-json\/wp\/v2\/product_cat?post=692154"},{"taxonomy":"product_tag","embeddable":true,"href":"https:\/\/roveyayinevi.com.tr\/index.php\/wp-json\/wp\/v2\/product_tag?post=692154"}],"curies":[{"name":"wp","href":"https:\/\/api.w.org\/{rel}","templated":true}]}}