{"id":692153,"date":"2025-08-27T14:04:43","date_gmt":"2025-08-27T11:04:43","guid":{"rendered":"https:\/\/roveyayinevi.com.tr\/index.php\/urun\/liderlik-ve-spor\/"},"modified":"2026-04-16T02:02:10","modified_gmt":"2026-04-15T23:02:10","slug":"liderlik-ve-spor","status":"publish","type":"product","link":"https:\/\/roveyayinevi.com.tr\/index.php\/urun\/liderlik-ve-spor\/","title":{"rendered":"Liderlik ve Spor"},"content":{"rendered":"<p>Dr. Bilge Donuk bu kitab\u0131nda Liderlik ve Spor ili\u015fkisini detayl\u0131 bir inceleme konusu yapm\u0131\u015ft\u0131r. Zaman zaman tarihi \u00f6rneklere at\u0131fta bulunulmas\u0131 yan\u0131nda, y\u00f6netimde, motivasyon kazand\u0131rmada liderli\u011fin \u00f6nemli rol\u00fcn\u00fc ele alm\u0131\u015f, liderlik kuram ve tarzlar\u0131 ile liderli\u011fin fonksiyonlar\u0131n\u0131 incelemi\u015f, Atat\u00fcrk\u2019\u00fcn, Osmanl\u0131 Padi\u015fahlar\u0131n\u0131n sportif politikalar\u0131ndan, etkinliklerinden \u00f6rnekler vermi\u015ftir. Kitapta ayr\u0131 bir b\u00f6l\u00fcm halinde liderlik ve antren\u00f6rl\u00fck ili\u015fkisi ile T\u00fcrkiye Profesyonel Futbol Ligleri antren\u00f6rlerinin liderlik tarzlar\u0131n\u0131 ortaya \u00e7\u0131karmak amac\u0131yla antren\u00f6rler ve oyuncular \u00fczerinde uygulanm\u0131\u015f anket sonu\u00e7lar\u0131na yer verilmi\u015ftir. Son b\u00f6l\u00fcmde ise, futbol ve basketbolde, oynad\u0131klar\u0131 tak\u0131mlarda \u00f6n plana \u00e7\u0131km\u0131\u015f olan ve tak\u0131mlar\u0131n\u0131n \u00fcst seviyelerde ba\u015far\u0131ya ula\u015fmas\u0131nda b\u00fcy\u00fck katk\u0131lar\u0131 bulunan d\u00fcnya \u00e7ap\u0131ndaki sporcular hakk\u0131nda baz\u0131 bilgiler eklenmi\u015ftir. <\/p>\n","protected":false},"excerpt":{"rendered":"<p>Dr. Bilge Donuk bu kitab\u0131nda Liderlik ve Spor ili\u015fkisini detayl\u0131 bir inceleme konusu yapm\u0131\u015ft\u0131r. Zaman zaman tarihi \u00f6rneklere at\u0131fta bulunulmas\u0131 yan\u0131nda, y\u00f6netimde, motivasyon kazand\u0131rmada liderli\u011fin \u00f6nemli<span class=\"excerpt-hellip\"> [\u2026]<\/span><\/p>\n","protected":false},"featured_media":0,"template":"","meta":{"_monsterinsights_skip_tracking":false,"_monsterinsights_sitenote_active":false,"_monsterinsights_sitenote_note":"","_monsterinsights_sitenote_category":0},"product_brand":[],"product_cat":[15563,15564],"product_tag":[],"class_list":{"0":"post-692153","1":"product","2":"type-product","3":"status-publish","5":"product_cat-hobi","6":"product_cat-spor","7":"pa_tur-kitap","8":"pa_yayinevi-otuken-nesriyat","9":"pa_yazar-bilge-donuk","11":"first","12":"instock","13":"sale","14":"shipping-taxable","15":"purchasable","16":"product-type-simple"},"_links":{"self":[{"href":"https:\/\/roveyayinevi.com.tr\/index.php\/wp-json\/wp\/v2\/product\/692153","targetHints":{"allow":["GET"]}}],"collection":[{"href":"https:\/\/roveyayinevi.com.tr\/index.php\/wp-json\/wp\/v2\/product"}],"about":[{"href":"https:\/\/roveyayinevi.com.tr\/index.php\/wp-json\/wp\/v2\/types\/product"}],"wp:attachment":[{"href":"https:\/\/roveyayinevi.com.tr\/index.php\/wp-json\/wp\/v2\/media?parent=692153"}],"wp:term":[{"taxonomy":"product_brand","embeddable":true,"href":"https:\/\/roveyayinevi.com.tr\/index.php\/wp-json\/wp\/v2\/product_brand?post=692153"},{"taxonomy":"product_cat","embeddable":true,"href":"https:\/\/roveyayinevi.com.tr\/index.php\/wp-json\/wp\/v2\/product_cat?post=692153"},{"taxonomy":"product_tag","embeddable":true,"href":"https:\/\/roveyayinevi.com.tr\/index.php\/wp-json\/wp\/v2\/product_tag?post=692153"}],"curies":[{"name":"wp","href":"https:\/\/api.w.org\/{rel}","templated":true}]}}