{"id":692152,"date":"2025-08-27T14:04:43","date_gmt":"2025-08-27T11:04:43","guid":{"rendered":"https:\/\/roveyayinevi.com.tr\/index.php\/urun\/mevlana-hakimuddin-idris-i-bitlisi\/"},"modified":"2026-04-16T02:02:10","modified_gmt":"2026-04-15T23:02:10","slug":"mevlana-hakimuddin-idris-i-bitlisi","status":"publish","type":"product","link":"https:\/\/roveyayinevi.com.tr\/index.php\/urun\/mevlana-hakimuddin-idris-i-bitlisi\/","title":{"rendered":"Mevlana Hakim\u00fcddin \u0130dris-i Bitlisi"},"content":{"rendered":"<p>\u0130dris-i Bitlisi, Yavuz Sultan Selim gibi tavizsiz bir cihan padi\u015fah\u0131n\u0131n dostluk ve g\u00fcvenini kazanm\u0131\u015f b\u00fcy\u00fck bir \u015fahsiyettir. \u015eah \u0130smail\u2019in inan\u00e7 ve siyaset olarak ortaya koydu\u011fu tehlikeyi Yavuz Sultan Selim gibi \u0130dris-i Bitlisi de \u00f6nceden fark etmi\u015f, bu iki b\u00fcy\u00fck siyasi g\u00fc\u00e7 aras\u0131ndaki hakimiyet m\u00fccadelesinin \u00e7eki\u015fme sahas\u0131ndaki 25 K\u00fcrt beyinin kendi r\u0131zalar\u0131yla Osmanl\u0131\u2019ya ba\u011flanmalar\u0131n\u0131 sa\u011flam\u0131\u015f, b\u00f6ylece Anadolu\u2019daki M\u00fcsl\u00fcman T\u00fcrk birli\u011fi daha fazla tehlikeye girmeden, \u0130dris\u2019in ilmi ve siyasi yol g\u00f6stericili\u011fi sayesinde sa\u011flanm\u0131\u015ft\u0131r. K\u0131sacas\u0131 Bitlisli \u0130dris, bug\u00fcnk\u00fc \u00fclke co\u011frafyas\u0131n\u0131n vatan la\u015fmas\u0131nda, bayra\u011f\u0131 bir, Kitab\u2019\u0131 bir, \u00fclkesi bir, menfaati bir bir topluluk haline gelmesinde hem ilmi ki\u015fili\u011fi, hem siyasi rehberli\u011fiyle unutulmaz hizmetler etmi\u015ftir. Yavuz ve \u0130dris\u2019in Anadolu\u2019nun do\u011fusunda sa\u011flad\u0131\u011f\u0131 bu 5 as\u0131rl\u0131k yap\u0131, \u00fclkenin dostlar\u0131 taraf\u0131ndan takdir ve hayranl\u0131kla kar\u015f\u0131lanmakta, ba\u015fka emeller besleyenler taraf\u0131ndan ise yad\u0131rganmakta, bu iki m\u00fcmtaz \u015fahsiyet hedef haline getirilmektedir. Bu kitap, allame Bitlisli \u0130dris\u2019imizin yeni nesillerce tan\u0131nmas\u0131 maksad\u0131yla kaleme al\u0131nm\u0131\u015ft\u0131r. \ufffcTan\u0131t\u0131m Metni<\/p>\n","protected":false},"excerpt":{"rendered":"<p>\u0130dris-i Bitlisi, Yavuz Sultan Selim gibi tavizsiz bir cihan padi\u015fah\u0131n\u0131n dostluk ve g\u00fcvenini kazanm\u0131\u015f b\u00fcy\u00fck bir \u015fahsiyettir. \u015eah \u0130smail\u2019in inan\u00e7 ve siyaset olarak ortaya koydu\u011fu tehlikeyi<span class=\"excerpt-hellip\"> [\u2026]<\/span><\/p>\n","protected":false},"featured_media":0,"template":"","meta":{"_monsterinsights_skip_tracking":false,"_monsterinsights_sitenote_active":false,"_monsterinsights_sitenote_note":"","_monsterinsights_sitenote_category":0},"product_brand":[],"product_cat":[18094,12718,12719],"product_tag":[],"class_list":{"0":"post-692152","1":"product","2":"type-product","3":"status-publish","5":"product_cat-biyografi-otobiyografi-islam","6":"product_cat-din","7":"product_cat-islam","8":"pa_cilt-ciltsiz","9":"pa_tur-kitap","10":"pa_yayinevi-otuken-nesriyat","11":"pa_yazar-m-torehan-serdar","13":"first","14":"instock","15":"sale","16":"shipping-taxable","17":"purchasable","18":"product-type-simple"},"_links":{"self":[{"href":"https:\/\/roveyayinevi.com.tr\/index.php\/wp-json\/wp\/v2\/product\/692152","targetHints":{"allow":["GET"]}}],"collection":[{"href":"https:\/\/roveyayinevi.com.tr\/index.php\/wp-json\/wp\/v2\/product"}],"about":[{"href":"https:\/\/roveyayinevi.com.tr\/index.php\/wp-json\/wp\/v2\/types\/product"}],"wp:attachment":[{"href":"https:\/\/roveyayinevi.com.tr\/index.php\/wp-json\/wp\/v2\/media?parent=692152"}],"wp:term":[{"taxonomy":"product_brand","embeddable":true,"href":"https:\/\/roveyayinevi.com.tr\/index.php\/wp-json\/wp\/v2\/product_brand?post=692152"},{"taxonomy":"product_cat","embeddable":true,"href":"https:\/\/roveyayinevi.com.tr\/index.php\/wp-json\/wp\/v2\/product_cat?post=692152"},{"taxonomy":"product_tag","embeddable":true,"href":"https:\/\/roveyayinevi.com.tr\/index.php\/wp-json\/wp\/v2\/product_tag?post=692152"}],"curies":[{"name":"wp","href":"https:\/\/api.w.org\/{rel}","templated":true}]}}