{"id":692150,"date":"2025-08-27T14:04:43","date_gmt":"2025-08-27T11:04:43","guid":{"rendered":"https:\/\/roveyayinevi.com.tr\/index.php\/urun\/hayattan-cizgiler-tanidiklarim\/"},"modified":"2026-04-16T02:02:10","modified_gmt":"2026-04-15T23:02:10","slug":"hayattan-cizgiler-tanidiklarim","status":"publish","type":"product","link":"https:\/\/roveyayinevi.com.tr\/index.php\/urun\/hayattan-cizgiler-tanidiklarim\/","title":{"rendered":"Hayattan \u00c7izgiler Tan\u0131d\u0131klar\u0131m"},"content":{"rendered":"<p>Vatan dedi\u011fimiz co\u011frafya ge\u00e7mi\u015fiyle ve haliyle \u015fiir olmal\u0131 okunmal\u0131, t\u00fcrk\u00fc olmal\u0131 \u00e7a\u011fr\u0131lmal\u0131, kitap olmal\u0131 yaz\u0131lmal\u0131d\u0131r. Kalplerden vatana, vatandan kalplere yollar a\u00e7\u0131lmal\u0131 ve insanlar vatan topraklar\u0131 denilen bu mek\u00e2nlarda uyurgezer gibi gezmemelidir&#8230; Anadolu\u2019da ya\u015famak ayr\u0131 bir heyecan, bir \u015fehrin hem\u015fehrisi olmak ba\u015fka bir haz, her ak\u015fam ayr\u0131 bir soka\u011f\u0131na girmek yeni duygular i\u00e7in farkl\u0131 bir kaynak olmal\u0131d\u0131r. O zaman hayat\u0131m\u0131z da vatan\u0131m\u0131z da daha bir g\u00fczelle\u015fir. \u0130\u015fte M. \u015eerif Korkut\u2019un, Osmanl\u0131\u2019n\u0131n son ve Cumhuriyet\u2019in ilk y\u0131llar\u0131ndaki Burdur\u2019u anlatan kitab\u0131 bize bu heyecanlar\u0131 ya\u015fatacak t\u00fcrden bir h\u00e2t\u0131ratt\u0131r. Bu eser, k\u00fc\u00e7\u00fck hacmine ra\u011fmen, bir Anadolu \u015fehri hakk\u0131nda yaz\u0131lm\u0131\u015f en g\u00fczel kitaplardan biridir. Ayr\u0131ca, \u00fcnl\u00fc ressamlar\u0131m\u0131zdan Turgut Zaim\u2019in karakalem resimleriyle s\u00fcslenmi\u015f olmas\u0131 kitaba ayr\u0131 bir de\u011fer kazand\u0131rmaktad\u0131r. <\/p>\n","protected":false},"excerpt":{"rendered":"<p>Vatan dedi\u011fimiz co\u011frafya ge\u00e7mi\u015fiyle ve haliyle \u015fiir olmal\u0131 okunmal\u0131, t\u00fcrk\u00fc olmal\u0131 \u00e7a\u011fr\u0131lmal\u0131, kitap olmal\u0131 yaz\u0131lmal\u0131d\u0131r. Kalplerden vatana, vatandan kalplere yollar a\u00e7\u0131lmal\u0131 ve insanlar vatan topraklar\u0131 denilen<span class=\"excerpt-hellip\"> [\u2026]<\/span><\/p>\n","protected":false},"featured_media":0,"template":"","meta":{"_monsterinsights_skip_tracking":false,"_monsterinsights_sitenote_active":false,"_monsterinsights_sitenote_note":"","_monsterinsights_sitenote_category":0},"product_brand":[],"product_cat":[12370,12304],"product_tag":[],"class_list":{"0":"post-692150","1":"product","2":"type-product","3":"status-publish","5":"product_cat-arastirma-inceleme","6":"product_cat-tarih","7":"pa_tur-kitap","8":"pa_yayinevi-otuken-nesriyat","9":"pa_yazar-m-serif-korkut","11":"first","12":"instock","13":"sale","14":"shipping-taxable","15":"purchasable","16":"product-type-simple"},"_links":{"self":[{"href":"https:\/\/roveyayinevi.com.tr\/index.php\/wp-json\/wp\/v2\/product\/692150","targetHints":{"allow":["GET"]}}],"collection":[{"href":"https:\/\/roveyayinevi.com.tr\/index.php\/wp-json\/wp\/v2\/product"}],"about":[{"href":"https:\/\/roveyayinevi.com.tr\/index.php\/wp-json\/wp\/v2\/types\/product"}],"wp:attachment":[{"href":"https:\/\/roveyayinevi.com.tr\/index.php\/wp-json\/wp\/v2\/media?parent=692150"}],"wp:term":[{"taxonomy":"product_brand","embeddable":true,"href":"https:\/\/roveyayinevi.com.tr\/index.php\/wp-json\/wp\/v2\/product_brand?post=692150"},{"taxonomy":"product_cat","embeddable":true,"href":"https:\/\/roveyayinevi.com.tr\/index.php\/wp-json\/wp\/v2\/product_cat?post=692150"},{"taxonomy":"product_tag","embeddable":true,"href":"https:\/\/roveyayinevi.com.tr\/index.php\/wp-json\/wp\/v2\/product_tag?post=692150"}],"curies":[{"name":"wp","href":"https:\/\/api.w.org\/{rel}","templated":true}]}}