{"id":692146,"date":"2025-08-27T14:04:42","date_gmt":"2025-08-27T11:04:42","guid":{"rendered":"https:\/\/roveyayinevi.com.tr\/index.php\/urun\/bozkurtlar\/"},"modified":"2026-04-16T02:02:10","modified_gmt":"2026-04-15T23:02:10","slug":"bozkurtlar","status":"publish","type":"product","link":"https:\/\/roveyayinevi.com.tr\/index.php\/urun\/bozkurtlar\/","title":{"rendered":"Bozkurtlar"},"content":{"rendered":"<p>BOZKURTLAR, Ate\u015f \u00e7ocuk dergisinin 7 Ocak 1937\u2019de \u00e7\u0131kan 7. say\u0131s\u0131ndan, 29 ve 30. say\u0131lar haricinde, 40. say\u0131s\u0131na kadar tefrika edilip kitap olarak yay\u0131nlanaca\u011f\u0131 1946\u2019ya dek yar\u0131m kalan Bozkurtlar\u0131n \u00d6l\u00fcm\u00fc ve onun devam\u0131 olarak 1949\u2019da yay\u0131nlanan Bozkurtlar Diriliyor\u2019un, \u00d6t\u00fcken Ne\u015friyat taraf\u0131ndan 1973\u2019te b\u00fcy\u00fck yazar\u0131n\u0131n l\u00fctufk\u00e2r m\u00fcsaadeleriyle birle\u015ftirilip ne\u015fredilen ilk bask\u0131s\u0131nda ald\u0131\u011f\u0131 yeni ismidir.Birinci G\u00f6k T\u00fcrk Ka\u011fanl\u0131\u011f\u0131\u2019n\u0131n \u00e7\u00f6k\u00fc\u015f\u00fc ve K\u00fcr \u015ead \u00f6nderli\u011findeki 40 T\u00fcrk bahad\u0131r\u0131n\u0131n canlar\u0131 pahas\u0131na esarete ba\u015fkald\u0131rarak ba\u011f\u0131ms\u0131zl\u0131k ate\u015fini yakmalar\u0131n\u0131n, onlar\u0131n unutulmaz ihtilal giri\u015fiminden elli y\u0131l sonra, Kutluk \u015ead liderli\u011findeki T\u00fcrklerin \u0130kinci G\u00f6k T\u00fcrk Ka\u011fanl\u0131\u011f\u0131\u2019n\u0131n kurt ba\u015fl\u0131 sanca\u011f\u0131n\u0131 yeniden y\u00fckseltmelerinin temiz ve ince i\u015flenmi\u015f destans\u0131 bir dille anlat\u0131ld\u0131\u011f\u0131 bu b\u00fcy\u00fck T\u00fcrk roman\u0131, yazar\u0131 hayattayken klasikle\u015fmi\u015f ve pek \u00e7ok nesli mill\u00ee gurur ve \u015fuur yoluna sevk ederek \u00f6l\u00fcms\u00fczle\u015fmi\u015ftir.Bozkurtlar, okuyucular\u0131n\u0131 as\u0131rlar \u00f6ncesine, ata yurtlar\u0131n\u0131 yo\u011furan eski tasa ve k\u0131van\u00e7lar\u0131n, zafer ve yenilgilerin; bozk\u0131rda \u015fekillenen eski T\u00fcrk ya\u015fay\u0131\u015f ve t\u00f6resinin, ahl\u00e2k ve erdemlerinin y\u00fcceltildi\u011fi \u00fclk\u00fcle\u015ftirilmi\u015f bir kahramanl\u0131k diyar\u0131na ta\u015f\u0131r. Bu iklimin havas\u0131n\u0131 soluyacak T\u00fcrk \u00e7ocuklar\u0131, kar\u015f\u0131lar\u0131nda, atalar\u0131n\u0131n g\u00f6z al\u0131c\u0131 bir ayd\u0131nl\u0131kta par\u0131ldayan faziletli hayat sahnelerini bulacaklard\u0131r.<\/p>\n","protected":false},"excerpt":{"rendered":"<p>BOZKURTLAR, Ate\u015f \u00e7ocuk dergisinin 7 Ocak 1937\u2019de \u00e7\u0131kan 7. say\u0131s\u0131ndan, 29 ve 30. say\u0131lar haricinde, 40. say\u0131s\u0131na kadar tefrika edilip kitap olarak yay\u0131nlanaca\u011f\u0131 1946\u2019ya dek yar\u0131m<span class=\"excerpt-hellip\"> [\u2026]<\/span><\/p>\n","protected":false},"featured_media":0,"template":"","meta":{"_monsterinsights_skip_tracking":false,"_monsterinsights_sitenote_active":false,"_monsterinsights_sitenote_note":"","_monsterinsights_sitenote_category":0},"product_brand":[],"product_cat":[12291,12745],"product_tag":[],"class_list":{"0":"post-692146","1":"product","2":"type-product","3":"status-publish","5":"product_cat-edebiyat","6":"product_cat-tarihi-roman","7":"pa_cilt-ciltsiz","8":"pa_tur-kitap","9":"pa_yayinevi-otuken-nesriyat","10":"pa_yazar-huseyin-nihal-atsiz","12":"first","13":"instock","14":"sale","15":"shipping-taxable","16":"purchasable","17":"product-type-simple"},"_links":{"self":[{"href":"https:\/\/roveyayinevi.com.tr\/index.php\/wp-json\/wp\/v2\/product\/692146","targetHints":{"allow":["GET"]}}],"collection":[{"href":"https:\/\/roveyayinevi.com.tr\/index.php\/wp-json\/wp\/v2\/product"}],"about":[{"href":"https:\/\/roveyayinevi.com.tr\/index.php\/wp-json\/wp\/v2\/types\/product"}],"wp:attachment":[{"href":"https:\/\/roveyayinevi.com.tr\/index.php\/wp-json\/wp\/v2\/media?parent=692146"}],"wp:term":[{"taxonomy":"product_brand","embeddable":true,"href":"https:\/\/roveyayinevi.com.tr\/index.php\/wp-json\/wp\/v2\/product_brand?post=692146"},{"taxonomy":"product_cat","embeddable":true,"href":"https:\/\/roveyayinevi.com.tr\/index.php\/wp-json\/wp\/v2\/product_cat?post=692146"},{"taxonomy":"product_tag","embeddable":true,"href":"https:\/\/roveyayinevi.com.tr\/index.php\/wp-json\/wp\/v2\/product_tag?post=692146"}],"curies":[{"name":"wp","href":"https:\/\/api.w.org\/{rel}","templated":true}]}}