{"id":692144,"date":"2025-08-27T14:04:41","date_gmt":"2025-08-27T11:04:41","guid":{"rendered":"https:\/\/roveyayinevi.com.tr\/index.php\/urun\/haremden-mektuplar\/"},"modified":"2025-09-01T08:39:57","modified_gmt":"2025-09-01T05:39:57","slug":"haremden-mektuplar","status":"publish","type":"product","link":"https:\/\/roveyayinevi.com.tr\/index.php\/urun\/haremden-mektuplar\/","title":{"rendered":"Haremden Mektuplar"},"content":{"rendered":"<p>Padi\u015fah\u0131n haremine dahil kad\u0131nlar, \u00e7ok s\u0131k\u0131 bir disiplin alt\u0131nda ya\u015farlard\u0131. Dairelerinde b\u00f6yle kapal\u0131 ya\u015fad\u0131klar\u0131 gibi, gezinti ve g\u00f6\u00e7lerde de bu hususlara \u00e7ok dikkat ederlerdi. <\/p>\n","protected":false},"excerpt":{"rendered":"<p>Padi\u015fah\u0131n haremine dahil kad\u0131nlar, \u00e7ok s\u0131k\u0131 bir disiplin alt\u0131nda ya\u015farlard\u0131. Dairelerinde b\u00f6yle kapal\u0131 ya\u015fad\u0131klar\u0131 gibi, gezinti ve g\u00f6\u00e7lerde de bu hususlara \u00e7ok dikkat ederlerdi.<\/p>\n","protected":false},"featured_media":0,"template":"","meta":{"_monsterinsights_skip_tracking":false,"_monsterinsights_sitenote_active":false,"_monsterinsights_sitenote_note":"","_monsterinsights_sitenote_category":0},"product_brand":[],"product_cat":[13517,12304],"product_tag":[],"class_list":{"0":"post-692144","1":"product","2":"type-product","3":"status-publish","5":"product_cat-osmanli-tarihi","6":"product_cat-tarih","7":"pa_tur-kitap","8":"pa_yayinevi-otuken-nesriyat","9":"pa_yazar-m-cagatay-ulucay","11":"first","12":"instock","13":"sale","14":"shipping-taxable","15":"purchasable","16":"product-type-simple"},"_links":{"self":[{"href":"https:\/\/roveyayinevi.com.tr\/index.php\/wp-json\/wp\/v2\/product\/692144","targetHints":{"allow":["GET"]}}],"collection":[{"href":"https:\/\/roveyayinevi.com.tr\/index.php\/wp-json\/wp\/v2\/product"}],"about":[{"href":"https:\/\/roveyayinevi.com.tr\/index.php\/wp-json\/wp\/v2\/types\/product"}],"wp:attachment":[{"href":"https:\/\/roveyayinevi.com.tr\/index.php\/wp-json\/wp\/v2\/media?parent=692144"}],"wp:term":[{"taxonomy":"product_brand","embeddable":true,"href":"https:\/\/roveyayinevi.com.tr\/index.php\/wp-json\/wp\/v2\/product_brand?post=692144"},{"taxonomy":"product_cat","embeddable":true,"href":"https:\/\/roveyayinevi.com.tr\/index.php\/wp-json\/wp\/v2\/product_cat?post=692144"},{"taxonomy":"product_tag","embeddable":true,"href":"https:\/\/roveyayinevi.com.tr\/index.php\/wp-json\/wp\/v2\/product_tag?post=692144"}],"curies":[{"name":"wp","href":"https:\/\/api.w.org\/{rel}","templated":true}]}}