{"id":692143,"date":"2025-08-27T14:04:41","date_gmt":"2025-08-27T11:04:41","guid":{"rendered":"https:\/\/roveyayinevi.com.tr\/index.php\/urun\/bir-bayrak-ruzgar-bekliyor\/"},"modified":"2026-04-16T02:02:10","modified_gmt":"2026-04-15T23:02:10","slug":"bir-bayrak-ruzgar-bekliyor","status":"publish","type":"product","link":"https:\/\/roveyayinevi.com.tr\/index.php\/urun\/bir-bayrak-ruzgar-bekliyor\/","title":{"rendered":"Bir Bayrak R\u00fczgar Bekliyor"},"content":{"rendered":"<p>\u015eehitler tepesi bo\u015f de\u011fil,Biri var, bekliyor&#8230;Ve bir g\u00f6\u011f\u00fcs nefes almak i\u00e7in R\u00fczgar bekliyor. T\u00fcrbesi yak\u0131\u015fm\u0131\u015f bu kutlu tepeye, Yatt\u0131\u011f\u0131 toprak belli, Tuttu\u011fu bayrak belli. Kim demi\u015f Me\u00e7hul Asker diye? Dest\u00e2n\u0131n\u0131 yapm\u0131\u015f, kas\u00eedeye kanm\u0131\u015f&#8230; Bir el ki ahretten uzanm\u0131\u015f, Edeple gelip birer birer \u00d6ps\u00fcn diye faniler.<\/p>\n","protected":false},"excerpt":{"rendered":"<p>\u015eehitler tepesi bo\u015f de\u011fil,Biri var, bekliyor&#8230;Ve bir g\u00f6\u011f\u00fcs nefes almak i\u00e7in R\u00fczgar bekliyor. T\u00fcrbesi yak\u0131\u015fm\u0131\u015f bu kutlu tepeye, Yatt\u0131\u011f\u0131 toprak belli, Tuttu\u011fu bayrak belli. Kim demi\u015f<span class=\"excerpt-hellip\"> [\u2026]<\/span><\/p>\n","protected":false},"featured_media":0,"template":"","meta":{"_monsterinsights_skip_tracking":false,"_monsterinsights_sitenote_active":false,"_monsterinsights_sitenote_note":"","_monsterinsights_sitenote_category":0},"product_brand":[],"product_cat":[12291,12509],"product_tag":[],"class_list":{"0":"post-692143","1":"product","2":"type-product","3":"status-publish","5":"product_cat-edebiyat","6":"product_cat-siir","7":"pa_cilt-ciltsiz","8":"pa_tur-kitap","9":"pa_yayinevi-otuken-nesriyat","10":"pa_yazar-arif-nihat-asya","12":"first","13":"instock","14":"sale","15":"shipping-taxable","16":"purchasable","17":"product-type-simple"},"_links":{"self":[{"href":"https:\/\/roveyayinevi.com.tr\/index.php\/wp-json\/wp\/v2\/product\/692143","targetHints":{"allow":["GET"]}}],"collection":[{"href":"https:\/\/roveyayinevi.com.tr\/index.php\/wp-json\/wp\/v2\/product"}],"about":[{"href":"https:\/\/roveyayinevi.com.tr\/index.php\/wp-json\/wp\/v2\/types\/product"}],"wp:attachment":[{"href":"https:\/\/roveyayinevi.com.tr\/index.php\/wp-json\/wp\/v2\/media?parent=692143"}],"wp:term":[{"taxonomy":"product_brand","embeddable":true,"href":"https:\/\/roveyayinevi.com.tr\/index.php\/wp-json\/wp\/v2\/product_brand?post=692143"},{"taxonomy":"product_cat","embeddable":true,"href":"https:\/\/roveyayinevi.com.tr\/index.php\/wp-json\/wp\/v2\/product_cat?post=692143"},{"taxonomy":"product_tag","embeddable":true,"href":"https:\/\/roveyayinevi.com.tr\/index.php\/wp-json\/wp\/v2\/product_tag?post=692143"}],"curies":[{"name":"wp","href":"https:\/\/api.w.org\/{rel}","templated":true}]}}