{"id":692142,"date":"2025-08-27T14:04:41","date_gmt":"2025-08-27T11:04:41","guid":{"rendered":"https:\/\/roveyayinevi.com.tr\/index.php\/urun\/ana-hatlariyla-turk-samanligi\/"},"modified":"2026-04-16T02:02:10","modified_gmt":"2026-04-15T23:02:10","slug":"ana-hatlariyla-turk-samanligi","status":"publish","type":"product","link":"https:\/\/roveyayinevi.com.tr\/index.php\/urun\/ana-hatlariyla-turk-samanligi\/","title":{"rendered":"Ana Hatlar\u0131yla T\u00fcrk \u015eamanl\u0131\u011f\u0131"},"content":{"rendered":"<p>Prof. Dr. Fuzuli Bayat, T\u00fcrk \u015eamanl\u0131\u011f\u0131n\u0131 sistemli bir incelemeye t\u00e2bi tuttu\u011fu ve \u015eamanl\u0131\u011f\u0131n esas \u00f6\u011felerinin ortaya \u00e7\u0131kar\u0131lmas\u0131n\u0131 sa\u011flad\u0131\u011f\u0131 bu eserinde T\u00fcrk \u015eamanl\u0131\u011f\u0131n\u0131 bir b\u00fct\u00fcn olarak ele alm\u0131\u015f; \u015eaman\u0131n i\u00e7 d\u00fcnyas\u0131n\u0131, kulland\u0131\u011f\u0131 teknikleri ve \u015eaman folklorunu inceleyerek, b\u00fct\u00fcn benzer y\u00f6nleriyle beraber T\u00fcrk \u015eamanl\u0131\u011f\u0131n\u0131n orijinalli\u011fini ortaya koymu\u015ftur. Ana hatlar\u0131yla T\u00fcrk \u015eamanl\u0131\u011f\u0131 kitab\u0131, T\u00fcrk \u015eamanl\u0131\u011f\u0131n\u0131 \u00e7a\u011fda\u015f ilmin sunmu\u015f oldu\u011fu yeni y\u00f6ntem ve metodolojik yakla\u015f\u0131mlar seviyesinde inceleyen en kapsaml\u0131 eserdir. Kitapta, T\u00fcrk \u015eamanl\u0131\u011f\u0131n\u0131n tek ve \u00f6z kayna\u011f\u0131 olan \u015eaman efsaneleri ve \u015eaman dualar\u0131na ayr\u0131nt\u0131l\u0131 bir \u015fekilde yer verilmi\u015ftir. Kitapta g\u00f6r\u00fclece\u011fi \u00fczere; \u015eaman d\u00fcnya g\u00f6r\u00fc\u015f\u00fc, \u015eamanl\u0131k \u00f6\u011fesi, din\u00ee-inan\u00e7 sistemi vs. gibi \u00f6\u011feler yaln\u0131z \u015eaman rit\u00fcelleriyle, \u015eaman mitolojisiyle de\u011fil, ayn\u0131 zamanda \u015eaman folkloru diyebilece\u011fimiz efsane, memorat ve \u015fiirli dualarla a\u00e7\u0131klanm\u0131\u015ft\u0131r. Prof. Dr. Fuzuli Bayat&#8217;a g\u00f6re, T\u00fcrk \u015eamanl\u0131\u011f\u0131n\u0131n i\u00e7 yap\u0131s\u0131 veya i\u00e7 bi\u00e7imlenmesi \u015eamanl\u0131\u011f\u0131n mill\u00ee \u00f6zelli\u011finin ba\u015fl\u0131ca g\u00f6stergesi rol\u00fcndedir. Esrime, davul, tokmak, giysi vs. daha \u00e7ok evrensellik sergileyen bu unsurlardan her birinin ayr\u0131 ayr\u0131 ara\u015ft\u0131r\u0131lmas\u0131 ve incelenmesi T\u00fcrk \u015eamanl\u0131\u011f\u0131 hakk\u0131nda tatmin edici bilgi veremez. O y\u00fczden Prof. Dr. Fuzuli Bayat birbiriyle ba\u011flant\u0131l\u0131 olan bu unsurlar\u0131 bir b\u00fct\u00fcn h\u00e2linde inceleyerek T\u00fcrk \u015eamanl\u0131\u011f\u0131n\u0131n ne oldu\u011fu hakk\u0131nda eksiksiz bir bilgi vermeye \u00e7al\u0131\u015fm\u0131\u015ft\u0131r.<\/p>\n","protected":false},"excerpt":{"rendered":"<p>Prof. Dr. Fuzuli Bayat, T\u00fcrk \u015eamanl\u0131\u011f\u0131n\u0131 sistemli bir incelemeye t\u00e2bi tuttu\u011fu ve \u015eamanl\u0131\u011f\u0131n esas \u00f6\u011felerinin ortaya \u00e7\u0131kar\u0131lmas\u0131n\u0131 sa\u011flad\u0131\u011f\u0131 bu eserinde T\u00fcrk \u015eamanl\u0131\u011f\u0131n\u0131 bir b\u00fct\u00fcn olarak ele<span class=\"excerpt-hellip\"> [\u2026]<\/span><\/p>\n","protected":false},"featured_media":0,"template":"","meta":{"_monsterinsights_skip_tracking":false,"_monsterinsights_sitenote_active":false,"_monsterinsights_sitenote_note":"","_monsterinsights_sitenote_category":0},"product_brand":[],"product_cat":[12370,12304],"product_tag":[],"class_list":{"0":"post-692142","1":"product","2":"type-product","3":"status-publish","5":"product_cat-arastirma-inceleme","6":"product_cat-tarih","7":"pa_cilt-ciltsiz","8":"pa_tur-kitap","9":"pa_yayinevi-otuken-nesriyat","10":"pa_yazar-fuzuli-bayat","12":"first","13":"instock","14":"sale","15":"shipping-taxable","16":"purchasable","17":"product-type-simple"},"_links":{"self":[{"href":"https:\/\/roveyayinevi.com.tr\/index.php\/wp-json\/wp\/v2\/product\/692142","targetHints":{"allow":["GET"]}}],"collection":[{"href":"https:\/\/roveyayinevi.com.tr\/index.php\/wp-json\/wp\/v2\/product"}],"about":[{"href":"https:\/\/roveyayinevi.com.tr\/index.php\/wp-json\/wp\/v2\/types\/product"}],"wp:attachment":[{"href":"https:\/\/roveyayinevi.com.tr\/index.php\/wp-json\/wp\/v2\/media?parent=692142"}],"wp:term":[{"taxonomy":"product_brand","embeddable":true,"href":"https:\/\/roveyayinevi.com.tr\/index.php\/wp-json\/wp\/v2\/product_brand?post=692142"},{"taxonomy":"product_cat","embeddable":true,"href":"https:\/\/roveyayinevi.com.tr\/index.php\/wp-json\/wp\/v2\/product_cat?post=692142"},{"taxonomy":"product_tag","embeddable":true,"href":"https:\/\/roveyayinevi.com.tr\/index.php\/wp-json\/wp\/v2\/product_tag?post=692142"}],"curies":[{"name":"wp","href":"https:\/\/api.w.org\/{rel}","templated":true}]}}