{"id":692141,"date":"2025-08-27T14:04:41","date_gmt":"2025-08-27T11:04:41","guid":{"rendered":"https:\/\/roveyayinevi.com.tr\/index.php\/urun\/ruhun-yasalari\/"},"modified":"2026-04-16T02:02:10","modified_gmt":"2026-04-15T23:02:10","slug":"ruhun-yasalari","status":"publish","type":"product","link":"https:\/\/roveyayinevi.com.tr\/index.php\/urun\/ruhun-yasalari\/","title":{"rendered":"Ruhun Yasalar\u0131"},"content":{"rendered":"<p>Varolu\u015fumuzun gizeminde Evren, yer\u00e7ekimi yasas\u0131 kadar ger\u00e7ek ve mevsimlerin de\u011fi\u015fimi kadar d\u00fczenli olan Ruhsal Yasalar do\u011frultusunda i\u015fliyor. Ruhun 12 yasas\u0131 her birimizin y\u00fcre\u011fine kodlanm\u0131\u015ft\u0131r. Bu yasalara uygun bir hayat s\u00fcrmedi\u011fimizde, ya\u015fam sevincimiz azal\u0131yor ve hayat\u0131m\u0131z\u0131n kalitesini etkileyecek de\u011fi\u015fik bedeller \u00f6d\u00fcyoruz. Ruhun Yasalar\u0131 ile uyumlu bir ya\u015fam, doyumlu, verimli, yararl\u0131 ve keyifli bir ya\u015famd\u0131r. Asl\u0131nda her birimizin derin arzusu da b\u00f6yle bir ya\u015fam de\u011fil mi? Ruhun Yasalar\u0131 ya\u015fam ser\u00fcveninizde size ilham verecek, i\u00e7sel bar\u0131\u015f\u0131n ve a\u00e7\u0131\u011fa \u00e7\u0131kmay\u0131 bekleyen potansiyelinizin anahtarlar\u0131n\u0131 ke\u015ffetmenizi sa\u011flayacakt\u0131r.     Nefes almak kadar kolay, Tao kadar zarif, bilgece ve e\u011flendirici bir \u00f6\u011freti. Jack Kornfield\/Y\u00fcre\u011fin Yolu kitab\u0131n\u0131n yazar\u0131     Spirit\u00fcel g\u0131dayla dolu bu kitab\u0131 elimden b\u0131rakamad\u0131m. Gerald Jampolsky\/Sevgi Korkudan \u00d6zg\u00fcrle\u015fmektir kitab\u0131n\u0131n yazar\u0131     Dan Millman ruhun \u00e7i\u00e7e\u011fini bilincimize \u00e7\u0131kar\u0131yor. Lynn Andrews\/B\u00fcy\u00fck Kad\u0131n kitab\u0131n\u0131n yazar\u0131<\/p>\n","protected":false},"excerpt":{"rendered":"<p>Varolu\u015fumuzun gizeminde Evren, yer\u00e7ekimi yasas\u0131 kadar ger\u00e7ek ve mevsimlerin de\u011fi\u015fimi kadar d\u00fczenli olan Ruhsal Yasalar do\u011frultusunda i\u015fliyor. Ruhun 12 yasas\u0131 her birimizin y\u00fcre\u011fine kodlanm\u0131\u015ft\u0131r. Bu yasalara<span class=\"excerpt-hellip\"> [\u2026]<\/span><\/p>\n","protected":false},"featured_media":0,"template":"","meta":{"_monsterinsights_skip_tracking":false,"_monsterinsights_sitenote_active":false,"_monsterinsights_sitenote_note":"","_monsterinsights_sitenote_category":0},"product_brand":[],"product_cat":[12364,12376],"product_tag":[],"class_list":{"0":"post-692141","1":"product","2":"type-product","3":"status-publish","5":"product_cat-genel-konular","6":"product_cat-kisisel-gelisim","7":"pa_cilt-ciltsiz","8":"pa_tur-kitap","9":"pa_yayinevi-otesi-yayincilik","10":"pa_yazar-dan-millman","12":"first","13":"instock","14":"sale","15":"shipping-taxable","16":"purchasable","17":"product-type-simple"},"_links":{"self":[{"href":"https:\/\/roveyayinevi.com.tr\/index.php\/wp-json\/wp\/v2\/product\/692141","targetHints":{"allow":["GET"]}}],"collection":[{"href":"https:\/\/roveyayinevi.com.tr\/index.php\/wp-json\/wp\/v2\/product"}],"about":[{"href":"https:\/\/roveyayinevi.com.tr\/index.php\/wp-json\/wp\/v2\/types\/product"}],"wp:attachment":[{"href":"https:\/\/roveyayinevi.com.tr\/index.php\/wp-json\/wp\/v2\/media?parent=692141"}],"wp:term":[{"taxonomy":"product_brand","embeddable":true,"href":"https:\/\/roveyayinevi.com.tr\/index.php\/wp-json\/wp\/v2\/product_brand?post=692141"},{"taxonomy":"product_cat","embeddable":true,"href":"https:\/\/roveyayinevi.com.tr\/index.php\/wp-json\/wp\/v2\/product_cat?post=692141"},{"taxonomy":"product_tag","embeddable":true,"href":"https:\/\/roveyayinevi.com.tr\/index.php\/wp-json\/wp\/v2\/product_tag?post=692141"}],"curies":[{"name":"wp","href":"https:\/\/api.w.org\/{rel}","templated":true}]}}