{"id":692140,"date":"2025-08-27T14:04:41","date_gmt":"2025-08-27T11:04:41","guid":{"rendered":"https:\/\/roveyayinevi.com.tr\/index.php\/urun\/bayrak-sairi-arif-nihat-asyadan-secmeler\/"},"modified":"2026-04-16T02:02:10","modified_gmt":"2026-04-15T23:02:10","slug":"bayrak-sairi-arif-nihat-asyadan-secmeler","status":"publish","type":"product","link":"https:\/\/roveyayinevi.com.tr\/index.php\/urun\/bayrak-sairi-arif-nihat-asyadan-secmeler\/","title":{"rendered":"Bayrak \u015eairi Arif Nihat Asya\u2019dan Se\u00e7meler"},"content":{"rendered":"<p>Bir sanat\u00e7\u0131n\u0131n g\u00f6z nuru d\u00f6kerek, fikir sanc\u0131lar\u0131 ve i\u00e7 burkulmalar\u0131yla,  kalp a\u011fr\u0131lar\u0131  i\u00e7inde,  kalemine ci\u011ferinden kan \u00e7ekerek , belki hi\u00e7bir  nesle \u00e2\u015fin\u00e2 ulamadan . yazd\u0131\u011f\u0131 her eser, de\u011ferlidir. Sanat\u00e7\u0131n\u0131n her yazd\u0131\u011f\u0131n\u0131, f\u0131rsat yaratarak,  zaman yok  bahanesine s\u0131\u011f\u0131nmadan okumak gerekir. Ama, zaman\u0131m\u0131zda, her yazd\u0131\u011f\u0131 zevkle okunan bir sanat\u00e7\u0131y\u0131 bile  se\u00e7erek okumak  zarureti do\u011fmu\u015f bulunuyor. Bu se\u00e7mede. Arif Nihat\u2019taki tematik \u00e7e\u015fitlili\u011fin, hayat\u0131 kavray\u0131\u015f\u0131ndaki \u00e7ok y\u00f6nl\u00fcl\u00fc\u011f\u00fcn g\u00f6zler \u00f6n\u00fcne serilmesine \u00f6nem verilmi\u015ftir. Sanat adam\u0131n\u0131n, \u00e7o\u011fu zaman, en \u00e7ok  \u00f6ne \u00e7\u0131kan \u00f6zellikleriyle tan\u0131nd\u0131\u011f\u0131na ve s\u0131rf bu y\u00fczden, as\u0131l sanat g\u00fcc\u00fcn\u00fcn yeterince ortaya \u00e7\u0131kmad\u0131\u011f\u0131na dair bir\u00e7ok \u00f6rnek verilebilir. Bu d\u00fc\u015f\u00fcnceyle, se\u00e7ilen \u00f6rneklerin,  b\u00fct\u00fcn \u00fc ifade edebilecek nitelikte olmas\u0131na dikkat edilmeye \u00e7al\u0131\u015f\u0131lm\u0131\u015ft\u0131r. \u015eiiri olsun, nesri olsun, Arif Nihat\u2019\u0131n eserleri, bir k\u00fclt\u00fcr ve bilgi birikimiyle kaleme al\u0131nm\u0131\u015ft\u0131r. 1920\u2019li y\u0131llardan ba\u015flay\u0131p 50 y\u0131ldan fazla s\u00fcren bu sanat faaliyetinin arkas\u0131nda, Birinci ve ikinci D\u00fcnya Sava\u015f\u0131\u2019n\u0131, istikl\u00e2l Sava\u015f\u0131\u2019n\u0131, Osmanl\u0131 Devleti\u2019nin y\u0131k\u0131l\u0131\u015f\u0131n\u0131, Cumhuriyet\u2019in kurulu\u015funu, siyasal ve ideolojik \u00e7eki\u015fmeleri&#8230; i\u00e7inden ge\u00e7erek ya\u015fayan bir ayd\u0131n vard\u0131r. Bu sebeple, bug\u00fcn\u00fcn gen\u00e7lerinin kolay anlayamayaca\u011f\u0131 baz\u0131 y\u00f6nlerin bulunmas\u0131 normaldir. Onun i\u00e7in, bug\u00fcn  eskimi\u015f  bulunan baz\u0131 kelimelerin metindeki kar\u015f\u0131l\u0131klar\u0131 her metnin hemen alt\u0131nda verilmi\u015f; baz\u0131 tarih\u00ee olaylar ve ki\u015filer hakk\u0131nda k\u0131sa a\u00e7\u0131klamalar yap\u0131lm\u0131\u015ft\u0131r. <\/p>\n","protected":false},"excerpt":{"rendered":"<p>Bir sanat\u00e7\u0131n\u0131n g\u00f6z nuru d\u00f6kerek, fikir sanc\u0131lar\u0131 ve i\u00e7 burkulmalar\u0131yla, kalp a\u011fr\u0131lar\u0131 i\u00e7inde, kalemine ci\u011ferinden kan \u00e7ekerek , belki hi\u00e7bir nesle \u00e2\u015fin\u00e2 ulamadan . yazd\u0131\u011f\u0131 her<span class=\"excerpt-hellip\"> [\u2026]<\/span><\/p>\n","protected":false},"featured_media":0,"template":"","meta":{"_monsterinsights_skip_tracking":false,"_monsterinsights_sitenote_active":false,"_monsterinsights_sitenote_note":"","_monsterinsights_sitenote_category":0},"product_brand":[],"product_cat":[12364],"product_tag":[],"class_list":{"0":"post-692140","1":"product","2":"type-product","3":"status-publish","5":"product_cat-genel-konular","6":"pa_tur-kitap","7":"pa_yayinevi-otuken-nesriyat","8":"pa_yazar-saadettin-yildiz","10":"first","11":"instock","12":"sale","13":"shipping-taxable","14":"purchasable","15":"product-type-simple"},"_links":{"self":[{"href":"https:\/\/roveyayinevi.com.tr\/index.php\/wp-json\/wp\/v2\/product\/692140","targetHints":{"allow":["GET"]}}],"collection":[{"href":"https:\/\/roveyayinevi.com.tr\/index.php\/wp-json\/wp\/v2\/product"}],"about":[{"href":"https:\/\/roveyayinevi.com.tr\/index.php\/wp-json\/wp\/v2\/types\/product"}],"wp:attachment":[{"href":"https:\/\/roveyayinevi.com.tr\/index.php\/wp-json\/wp\/v2\/media?parent=692140"}],"wp:term":[{"taxonomy":"product_brand","embeddable":true,"href":"https:\/\/roveyayinevi.com.tr\/index.php\/wp-json\/wp\/v2\/product_brand?post=692140"},{"taxonomy":"product_cat","embeddable":true,"href":"https:\/\/roveyayinevi.com.tr\/index.php\/wp-json\/wp\/v2\/product_cat?post=692140"},{"taxonomy":"product_tag","embeddable":true,"href":"https:\/\/roveyayinevi.com.tr\/index.php\/wp-json\/wp\/v2\/product_tag?post=692140"}],"curies":[{"name":"wp","href":"https:\/\/api.w.org\/{rel}","templated":true}]}}