{"id":692138,"date":"2025-08-27T14:04:40","date_gmt":"2025-08-27T11:04:40","guid":{"rendered":"https:\/\/roveyayinevi.com.tr\/index.php\/urun\/koroglu-destani\/"},"modified":"2026-04-16T02:02:10","modified_gmt":"2026-04-15T23:02:10","slug":"koroglu-destani","status":"publish","type":"product","link":"https:\/\/roveyayinevi.com.tr\/index.php\/urun\/koroglu-destani\/","title":{"rendered":"K\u00f6ro\u011flu Destan\u0131"},"content":{"rendered":"<p>K\u00f6ro\u011flu, T\u00fcrk destan gelene\u011finde mitolojik kahramandan destan kahraman\u0131na, &#8220;vergi alm\u0131\u015f \u015faman&#8217;dan Hakk&#8217;tan g\u00f6nl\u00fcne ilham d\u00fc\u015fen \u00e2\u015f\u0131k&#8217;a, karanl\u0131k g\u00fc\u00e7lerle sava\u015fan alp&#8217;ten, insanlar\u0131 haks\u0131zl\u0131ktan koruyan kahraman&#8217;a, \u00e7iltanlarla, Hz. H\u0131z\u0131r&#8217;la, Hz. Ali&#8217;yle, on iki imamla konu\u015fabilen eren&#8217;e kadar s\u00fcrekli stat\u00fc de\u011fi\u015ftirerek varl\u0131\u011f\u0131n\u0131 s\u00fcrd\u00fcrm\u00fc\u015ft\u00fcr. K\u00f6ro\u011flu Destan\u0131 b\u00fct\u00fcn T\u00fcrk halklar\u0131n\u0131n s\u00f6zl\u00fc edebiyat\u0131nda [ayr\u0131ca K\u00fcrt, Arap, Tacik, G\u00fcrc\u00fc, Acar (G\u00fcrc\u00fc dilinde), Ermeni, Afgan, Abaza folklorunda] mevcuttur ve s\u00f6zl\u00fc gelenekte, bug\u00fcnk\u00fc \u015fekliyle tam d\u00f6rt as\u0131rd\u0131r icra edilen en \u00f6nemli epik eseridir. T\u00fcrklerin etno-siyasal birlik d\u00f6neminde mevcut olan ancak T\u00fcrklerin yay\u0131lmac\u0131l\u0131klar\u0131yla farkl\u0131 co\u011frafyalarda, farkl\u0131 toplumlarda bir bi\u00e7imlenme ge\u00e7iren K\u00f6ro\u011flu Destan\u0131 en az 17 T\u00fcrk ve 8 gayri-T\u00fcrk halk\u0131n halk edebiyat\u0131nda yaz\u0131ya aktar\u0131lm\u0131\u015f \u015fekliyle mevcuttur. Bundan ba\u015fka \u0130ngiliz, Frans\u0131z, Alman, Rus, Fars, Macar, Bulgar, \u00c7ek, Slovak dillerine de terc\u00fcme edilmi\u015ftir. Bir destan\u0131n bu kadar \u00e7ok dile \u00e7evrilmesi de yaln\u0131z K\u00f6ro\u011flu Destan\u0131 i\u00e7in ge\u00e7erlidir.Prof. Dr. Fuzuli Bayat diyor ki: &#8220;Bu eserde K\u00f6ro\u011flu Destan\u0131&#8217;n\u0131n b\u00fct\u00fcn varyantlar\u0131n\u0131 ve kollar\u0131n\u0131 bir araya getirmeye \u00e7al\u0131\u015ft\u0131k ve K\u00f6ro\u011flu fenomenolojisinin s\u0131rr\u0131n\u0131 \u00f6\u011frenmek istedik. Bu destanla ilgili yaz\u0131lm\u0131\u015f eserlerin \u00e7ok b\u00fcy\u00fck bir k\u0131sm\u0131n\u0131 inceledik ve sonunda halk edebiyat\u0131 ara\u015ft\u0131rmalar\u0131nda kullan\u0131lan yeni bak\u0131\u015f a\u00e7\u0131s\u0131ndan yola \u00e7\u0131karak destan\u0131n temelini veya folklor terminolojisi ile s\u00f6yleyecek olursak arketipini olu\u015fturan \u00f6\u011feyi ortaya \u00e7\u0131karmaya ve K\u00f6ro\u011flu fenomenolojisinin sebeplerini a\u00e7\u0131klama\u011fa \u00e7al\u0131\u015ft\u0131k.<\/p>\n","protected":false},"excerpt":{"rendered":"<p>K\u00f6ro\u011flu, T\u00fcrk destan gelene\u011finde mitolojik kahramandan destan kahraman\u0131na, &#8220;vergi alm\u0131\u015f \u015faman&#8217;dan Hakk&#8217;tan g\u00f6nl\u00fcne ilham d\u00fc\u015fen \u00e2\u015f\u0131k&#8217;a, karanl\u0131k g\u00fc\u00e7lerle sava\u015fan alp&#8217;ten, insanlar\u0131 haks\u0131zl\u0131ktan koruyan kahraman&#8217;a, \u00e7iltanlarla, Hz.<span class=\"excerpt-hellip\"> [\u2026]<\/span><\/p>\n","protected":false},"featured_media":0,"template":"","meta":{"_monsterinsights_skip_tracking":false,"_monsterinsights_sitenote_active":false,"_monsterinsights_sitenote_note":"","_monsterinsights_sitenote_category":0},"product_brand":[],"product_cat":[12291,12711],"product_tag":[],"class_list":{"0":"post-692138","1":"product","2":"type-product","3":"status-publish","5":"product_cat-edebiyat","6":"product_cat-roman-oyku","7":"pa_cilt-ciltsiz","8":"pa_tur-kitap","9":"pa_yayinevi-otuken-nesriyat","10":"pa_yazar-fuzuli-bayat","12":"first","13":"instock","14":"sale","15":"shipping-taxable","16":"purchasable","17":"product-type-simple"},"_links":{"self":[{"href":"https:\/\/roveyayinevi.com.tr\/index.php\/wp-json\/wp\/v2\/product\/692138","targetHints":{"allow":["GET"]}}],"collection":[{"href":"https:\/\/roveyayinevi.com.tr\/index.php\/wp-json\/wp\/v2\/product"}],"about":[{"href":"https:\/\/roveyayinevi.com.tr\/index.php\/wp-json\/wp\/v2\/types\/product"}],"wp:attachment":[{"href":"https:\/\/roveyayinevi.com.tr\/index.php\/wp-json\/wp\/v2\/media?parent=692138"}],"wp:term":[{"taxonomy":"product_brand","embeddable":true,"href":"https:\/\/roveyayinevi.com.tr\/index.php\/wp-json\/wp\/v2\/product_brand?post=692138"},{"taxonomy":"product_cat","embeddable":true,"href":"https:\/\/roveyayinevi.com.tr\/index.php\/wp-json\/wp\/v2\/product_cat?post=692138"},{"taxonomy":"product_tag","embeddable":true,"href":"https:\/\/roveyayinevi.com.tr\/index.php\/wp-json\/wp\/v2\/product_tag?post=692138"}],"curies":[{"name":"wp","href":"https:\/\/api.w.org\/{rel}","templated":true}]}}