{"id":692137,"date":"2025-08-27T14:04:40","date_gmt":"2025-08-27T11:04:40","guid":{"rendered":"https:\/\/roveyayinevi.com.tr\/index.php\/urun\/kitap-suuru\/"},"modified":"2026-04-16T02:02:10","modified_gmt":"2026-04-15T23:02:10","slug":"kitap-suuru","status":"publish","type":"product","link":"https:\/\/roveyayinevi.com.tr\/index.php\/urun\/kitap-suuru\/","title":{"rendered":"Kitap \u015euuru"},"content":{"rendered":"<p>Bir neslin el kitab\u0131&#8230; \u00c7o\u011funlu\u011fu 1968 ile 1973 y\u0131llar\u0131 aras\u0131nda yaz\u0131lm\u0131\u015f, muhtelif dergilerde yay\u0131nlanm\u0131\u015f makaleler&#8230; O makaleler ki yaz\u0131ld\u0131klar\u0131 zamandan itibaren bir \u00e7ok mahfilde seminer ve ders konusu olarak takip edildiler. O makaleler ki bug\u00fcn yaz\u0131lsalar belki de ayn\u0131 duygular ve kelimelerle yaz\u0131lacaklard\u0131. &#8220;Kitap \u015euuru bug\u00fcne kadar oldu\u011fu gibi bundan sonraki nesillere de \u015fuur kazand\u0131racakt\u0131r. <\/p>\n","protected":false},"excerpt":{"rendered":"<p>Bir neslin el kitab\u0131&#8230; \u00c7o\u011funlu\u011fu 1968 ile 1973 y\u0131llar\u0131 aras\u0131nda yaz\u0131lm\u0131\u015f, muhtelif dergilerde yay\u0131nlanm\u0131\u015f makaleler&#8230; O makaleler ki yaz\u0131ld\u0131klar\u0131 zamandan itibaren bir \u00e7ok mahfilde seminer ve<span class=\"excerpt-hellip\"> [\u2026]<\/span><\/p>\n","protected":false},"featured_media":0,"template":"","meta":{"_monsterinsights_skip_tracking":false,"_monsterinsights_sitenote_active":false,"_monsterinsights_sitenote_note":"","_monsterinsights_sitenote_category":0},"product_brand":[],"product_cat":[12777,12291],"product_tag":[],"class_list":{"0":"post-692137","1":"product","2":"type-product","3":"status-publish","5":"product_cat-deneme","6":"product_cat-edebiyat","7":"pa_cilt-ciltsiz","8":"pa_tur-kitap","9":"pa_yayinevi-otuken-nesriyat","10":"pa_yazar-nevzat-kosoglu","12":"first","13":"instock","14":"sale","15":"shipping-taxable","16":"purchasable","17":"product-type-simple"},"_links":{"self":[{"href":"https:\/\/roveyayinevi.com.tr\/index.php\/wp-json\/wp\/v2\/product\/692137","targetHints":{"allow":["GET"]}}],"collection":[{"href":"https:\/\/roveyayinevi.com.tr\/index.php\/wp-json\/wp\/v2\/product"}],"about":[{"href":"https:\/\/roveyayinevi.com.tr\/index.php\/wp-json\/wp\/v2\/types\/product"}],"wp:attachment":[{"href":"https:\/\/roveyayinevi.com.tr\/index.php\/wp-json\/wp\/v2\/media?parent=692137"}],"wp:term":[{"taxonomy":"product_brand","embeddable":true,"href":"https:\/\/roveyayinevi.com.tr\/index.php\/wp-json\/wp\/v2\/product_brand?post=692137"},{"taxonomy":"product_cat","embeddable":true,"href":"https:\/\/roveyayinevi.com.tr\/index.php\/wp-json\/wp\/v2\/product_cat?post=692137"},{"taxonomy":"product_tag","embeddable":true,"href":"https:\/\/roveyayinevi.com.tr\/index.php\/wp-json\/wp\/v2\/product_tag?post=692137"}],"curies":[{"name":"wp","href":"https:\/\/api.w.org\/{rel}","templated":true}]}}