{"id":692133,"date":"2025-08-27T14:04:39","date_gmt":"2025-08-27T11:04:39","guid":{"rendered":"https:\/\/roveyayinevi.com.tr\/index.php\/urun\/kubbeler\/"},"modified":"2026-04-16T02:02:10","modified_gmt":"2026-04-15T23:02:10","slug":"kubbeler","status":"publish","type":"product","link":"https:\/\/roveyayinevi.com.tr\/index.php\/urun\/kubbeler\/","title":{"rendered":"Kubbeler"},"content":{"rendered":"<p>Yunus, uzun yolculuklardan sonra \u015feyhinin kap\u0131s\u0131na d\u00f6nm\u00fc\u015f&#8230; G\u00f6r\u00fcnmeye y\u00fcz\u00fc yok&#8230; Tapduk\u2019un sabah namaz\u0131 i\u00e7in ge\u00e7ece\u011fi yola uzanm\u0131\u015f. Tapduk e\u015fikte aya\u011f\u0131na tak\u0131lan\u0131n kim oldu\u011funu sorunca Ana Bac\u0131\u2019dan  Yunus&#8230;  cevab\u0131n\u0131 alm\u0131\u015f; Tapduk Emre  Bizim Yunus mu?  dedi\u011fi zaman sevincinden d\u00fcnyalar Yunus\u2019un olmu\u015f. Ey b\u00fcy\u00fck Yunus, ey yar\u0131nlar\u0131n Yunus\u2019u: Bug\u00fcn burada \u00e7evrendeyiz. Belki g\u00fcnde be\u015f vakit ge\u00e7ti\u011fin yolday\u0131z. Tapduk\u2019un yerinde sen vars\u0131n, senin yerinde biz. Bu toplananlar\u0131n kimler oldu\u011funu merak edip sorarsan elbet biri \u00e7\u0131k\u0131p  Ahmet, Mehmet, \u00c2rif  diyecektir. Bizim Ahmet mi, bizim Mehmet mi?.. dersen ne mutlu bize! Hele  Bizim \u00c2rif mi?  deyiverirsen ne mutlu bana!.. <\/p>\n","protected":false},"excerpt":{"rendered":"<p>Yunus, uzun yolculuklardan sonra \u015feyhinin kap\u0131s\u0131na d\u00f6nm\u00fc\u015f&#8230; G\u00f6r\u00fcnmeye y\u00fcz\u00fc yok&#8230; Tapduk\u2019un sabah namaz\u0131 i\u00e7in ge\u00e7ece\u011fi yola uzanm\u0131\u015f. Tapduk e\u015fikte aya\u011f\u0131na tak\u0131lan\u0131n kim oldu\u011funu sorunca Ana Bac\u0131\u2019dan<span class=\"excerpt-hellip\"> [\u2026]<\/span><\/p>\n","protected":false},"featured_media":0,"template":"","meta":{"_monsterinsights_skip_tracking":false,"_monsterinsights_sitenote_active":false,"_monsterinsights_sitenote_note":"","_monsterinsights_sitenote_category":0},"product_brand":[],"product_cat":[12777,12291],"product_tag":[],"class_list":{"0":"post-692133","1":"product","2":"type-product","3":"status-publish","5":"product_cat-deneme","6":"product_cat-edebiyat","7":"pa_cilt-ciltsiz","8":"pa_tur-kitap","9":"pa_yayinevi-otuken-nesriyat","10":"pa_yazar-arif-nihat-asya","12":"first","13":"instock","14":"sale","15":"shipping-taxable","16":"purchasable","17":"product-type-simple"},"_links":{"self":[{"href":"https:\/\/roveyayinevi.com.tr\/index.php\/wp-json\/wp\/v2\/product\/692133","targetHints":{"allow":["GET"]}}],"collection":[{"href":"https:\/\/roveyayinevi.com.tr\/index.php\/wp-json\/wp\/v2\/product"}],"about":[{"href":"https:\/\/roveyayinevi.com.tr\/index.php\/wp-json\/wp\/v2\/types\/product"}],"wp:attachment":[{"href":"https:\/\/roveyayinevi.com.tr\/index.php\/wp-json\/wp\/v2\/media?parent=692133"}],"wp:term":[{"taxonomy":"product_brand","embeddable":true,"href":"https:\/\/roveyayinevi.com.tr\/index.php\/wp-json\/wp\/v2\/product_brand?post=692133"},{"taxonomy":"product_cat","embeddable":true,"href":"https:\/\/roveyayinevi.com.tr\/index.php\/wp-json\/wp\/v2\/product_cat?post=692133"},{"taxonomy":"product_tag","embeddable":true,"href":"https:\/\/roveyayinevi.com.tr\/index.php\/wp-json\/wp\/v2\/product_tag?post=692133"}],"curies":[{"name":"wp","href":"https:\/\/api.w.org\/{rel}","templated":true}]}}