{"id":692132,"date":"2025-08-27T14:04:39","date_gmt":"2025-08-27T11:04:39","guid":{"rendered":"https:\/\/roveyayinevi.com.tr\/index.php\/urun\/klasik-yunan-mitolojisi\/"},"modified":"2026-04-16T02:02:10","modified_gmt":"2026-04-15T23:02:10","slug":"klasik-yunan-mitolojisi","status":"publish","type":"product","link":"https:\/\/roveyayinevi.com.tr\/index.php\/urun\/klasik-yunan-mitolojisi\/","title":{"rendered":"Klasik Yunan Mitolojisi"},"content":{"rendered":"<p>D\u00fcnya \u00fczerinde hayat ba\u015flad\u0131ktan milyonlarca sene sonra, varl\u0131klar\u0131n en g\u00fczeli, en \u015fereflisi, en m\u00fckemmeli olan insan yarat\u0131ld\u0131. \u0130nsanlar yery\u00fcz\u00fcnde g\u00f6r\u00fcl\u00fcp ve d\u00fc\u015f\u00fcnmeye ve hayal kurmaya ba\u015flad\u0131klar\u0131 zamanlarda k\u00e2inat\u0131 ve kendilerini yaratan tanr\u0131y\u0131 aram\u0131\u015flard\u0131r. Esasen insan yarad\u0131l\u0131\u015f\u0131 itibariyle yaradan\u0131 aramak f\u0131trat\u0131nda halkedilmi\u015ftir. Hen\u00fcz ilmin \u0131\u015f\u0131k tutamad\u0131\u011f\u0131 ve tarihin kaydedemedi\u011fi, mazinin o karanl\u0131k devirlerinde insan, Tanr\u0131s\u0131n\u0131 bazen g\u00fcne\u015fte, bazen y\u0131ld\u0131zda, bazen denizde, bazen ate\u015fte aram\u0131\u015f ve kendi akl\u0131nca bulmu\u015f sanarak temsil\u00ee heykelini yapm\u0131\u015f, mabedini in\u015fa etmi\u015f ve ona tapm\u0131\u015ft\u0131r. \u015eu bir ger\u00e7ek olayd\u0131r ki, ma\u011faralarda ya\u015fayan en iptidai insandan, atom devrinin en m\u00fctek\u00e2mil insan\u0131na gelinceye kadar insanl\u0131k hi\u00e7bir zaman Tanr\u0131s\u0131z kalmam\u0131\u015f ve Tanr\u0131s\u0131z ya\u015famam\u0131\u015ft\u0131r. Tanr\u0131ya inanmad\u0131\u011f\u0131n\u0131 sand\u0131\u011f\u0131, daha do\u011frusu Tanr\u0131s\u0131n\u0131 ink\u00e2r etti\u011fi zamanlarda bile, insan, sadece Tanr\u0131s\u0131n\u0131 de\u011fi\u015ftirmi\u015ftir, yani bir inanc\u0131 b\u0131rakm\u0131\u015f, ba\u015fka bir inanca sar\u0131lm\u0131\u015ft\u0131r. D\u00fcn inand\u0131\u011f\u0131n\u0131 bug\u00fcn ink\u00e2r ederken, zavall\u0131, bir mabetten yeni bir mabede girdi\u011finin fark\u0131na varmam\u0131\u015f, ink\u00e2r\u0131n da bir iman oldu\u011funu anlayamam\u0131\u015ft\u0131r. Eski Yunanl\u0131lar\u0131n inand\u0131klar\u0131 tanr\u0131, tanr\u0131\u00e7a ve kahramanlar\u0131n hayat ve maceralar\u0131ndan bahseden Mitoloji\u2019yi okurken, insano\u011flunun, kendini yaratan Tanr\u0131s\u0131n\u0131, arama ve bulma hususunda y\u00fczy\u0131llar boyunca ne hayaller kurdu\u011funu, ne gayretler sarfetti\u011fini g\u00f6rece\u011fiz. <\/p>\n","protected":false},"excerpt":{"rendered":"<p>D\u00fcnya \u00fczerinde hayat ba\u015flad\u0131ktan milyonlarca sene sonra, varl\u0131klar\u0131n en g\u00fczeli, en \u015fereflisi, en m\u00fckemmeli olan insan yarat\u0131ld\u0131. \u0130nsanlar yery\u00fcz\u00fcnde g\u00f6r\u00fcl\u00fcp ve d\u00fc\u015f\u00fcnmeye ve hayal kurmaya ba\u015flad\u0131klar\u0131<span class=\"excerpt-hellip\"> [\u2026]<\/span><\/p>\n","protected":false},"featured_media":0,"template":"","meta":{"_monsterinsights_skip_tracking":false,"_monsterinsights_sitenote_active":false,"_monsterinsights_sitenote_note":"","_monsterinsights_sitenote_category":0},"product_brand":[],"product_cat":[12718,12858],"product_tag":[],"class_list":{"0":"post-692132","1":"product","2":"type-product","3":"status-publish","5":"product_cat-din","6":"product_cat-mitolojiler","7":"pa_cilt-ciltsiz","8":"pa_tur-kitap","9":"pa_yayinevi-otuken-nesriyat","10":"pa_yazar-sefik-can","12":"first","13":"instock","14":"sale","15":"shipping-taxable","16":"purchasable","17":"product-type-simple"},"_links":{"self":[{"href":"https:\/\/roveyayinevi.com.tr\/index.php\/wp-json\/wp\/v2\/product\/692132","targetHints":{"allow":["GET"]}}],"collection":[{"href":"https:\/\/roveyayinevi.com.tr\/index.php\/wp-json\/wp\/v2\/product"}],"about":[{"href":"https:\/\/roveyayinevi.com.tr\/index.php\/wp-json\/wp\/v2\/types\/product"}],"wp:attachment":[{"href":"https:\/\/roveyayinevi.com.tr\/index.php\/wp-json\/wp\/v2\/media?parent=692132"}],"wp:term":[{"taxonomy":"product_brand","embeddable":true,"href":"https:\/\/roveyayinevi.com.tr\/index.php\/wp-json\/wp\/v2\/product_brand?post=692132"},{"taxonomy":"product_cat","embeddable":true,"href":"https:\/\/roveyayinevi.com.tr\/index.php\/wp-json\/wp\/v2\/product_cat?post=692132"},{"taxonomy":"product_tag","embeddable":true,"href":"https:\/\/roveyayinevi.com.tr\/index.php\/wp-json\/wp\/v2\/product_tag?post=692132"}],"curies":[{"name":"wp","href":"https:\/\/api.w.org\/{rel}","templated":true}]}}