{"id":692130,"date":"2025-08-27T14:04:39","date_gmt":"2025-08-27T11:04:39","guid":{"rendered":"https:\/\/roveyayinevi.com.tr\/index.php\/urun\/kirk-ambar\/"},"modified":"2026-04-16T02:02:10","modified_gmt":"2026-04-15T23:02:10","slug":"kirk-ambar","status":"publish","type":"product","link":"https:\/\/roveyayinevi.com.tr\/index.php\/urun\/kirk-ambar\/","title":{"rendered":"K\u0131rk Ambar"},"content":{"rendered":"<p>Bu kitapta edebiyat\u00e7\u0131lar\u0131n ve edeb\u00ee eserlerin El\u00e7in\u2019in zihnindeki yans\u0131malar\u0131n\u0131 bulacaks\u0131n\u0131z. \u0130lk bak\u0131\u015fta bir b\u00fct\u00fcnl\u00fck arz etmeyen bu k\u0131sa yaz\u0131lar, y\u00fczlerce eser okumakla olu\u015fmu\u015f bilgi, bedi\u00ee hassasiyet ve heyecan\u0131n ifadeleridir. Bunlarda ince bir tenkit var, ama kas\u0131t o de\u011fildir; bunlar ansiklopedik bir \u00f6zellik de ta\u015f\u0131m\u0131yorlar. Esasen kuru ve so\u011fuk bilgiler fikri hareketlendirmez, heyecan uyand\u0131rmaz. Ama El\u00e7in\u2019in bu notlar\u0131nda, edeb\u00ee eserlerin insan hayalini ve tefekk\u00fcr\u00fcn\u00fc nas\u0131l tetikledi\u011fini g\u00f6r\u00fcyor ve ger\u00e7ek bir edibin   zihin damarlar\u0131nda   dola\u015f\u0131yorsunuz. <\/p>\n","protected":false},"excerpt":{"rendered":"<p>Bu kitapta edebiyat\u00e7\u0131lar\u0131n ve edeb\u00ee eserlerin El\u00e7in\u2019in zihnindeki yans\u0131malar\u0131n\u0131 bulacaks\u0131n\u0131z. \u0130lk bak\u0131\u015fta bir b\u00fct\u00fcnl\u00fck arz etmeyen bu k\u0131sa yaz\u0131lar, y\u00fczlerce eser okumakla olu\u015fmu\u015f bilgi, bedi\u00ee hassasiyet<span class=\"excerpt-hellip\"> [\u2026]<\/span><\/p>\n","protected":false},"featured_media":0,"template":"","meta":{"_monsterinsights_skip_tracking":false,"_monsterinsights_sitenote_active":false,"_monsterinsights_sitenote_note":"","_monsterinsights_sitenote_category":0},"product_brand":[],"product_cat":[12777,12291],"product_tag":[],"class_list":{"0":"post-692130","1":"product","2":"type-product","3":"status-publish","5":"product_cat-deneme","6":"product_cat-edebiyat","7":"pa_tur-kitap","8":"pa_yayinevi-otuken-nesriyat","9":"pa_yazar-elcin","11":"first","12":"instock","13":"sale","14":"shipping-taxable","15":"purchasable","16":"product-type-simple"},"_links":{"self":[{"href":"https:\/\/roveyayinevi.com.tr\/index.php\/wp-json\/wp\/v2\/product\/692130","targetHints":{"allow":["GET"]}}],"collection":[{"href":"https:\/\/roveyayinevi.com.tr\/index.php\/wp-json\/wp\/v2\/product"}],"about":[{"href":"https:\/\/roveyayinevi.com.tr\/index.php\/wp-json\/wp\/v2\/types\/product"}],"wp:attachment":[{"href":"https:\/\/roveyayinevi.com.tr\/index.php\/wp-json\/wp\/v2\/media?parent=692130"}],"wp:term":[{"taxonomy":"product_brand","embeddable":true,"href":"https:\/\/roveyayinevi.com.tr\/index.php\/wp-json\/wp\/v2\/product_brand?post=692130"},{"taxonomy":"product_cat","embeddable":true,"href":"https:\/\/roveyayinevi.com.tr\/index.php\/wp-json\/wp\/v2\/product_cat?post=692130"},{"taxonomy":"product_tag","embeddable":true,"href":"https:\/\/roveyayinevi.com.tr\/index.php\/wp-json\/wp\/v2\/product_tag?post=692130"}],"curies":[{"name":"wp","href":"https:\/\/api.w.org\/{rel}","templated":true}]}}