{"id":692126,"date":"2025-08-27T14:04:38","date_gmt":"2025-08-27T11:04:38","guid":{"rendered":"https:\/\/roveyayinevi.com.tr\/index.php\/urun\/atcali-kel-mehmed\/"},"modified":"2026-04-16T02:02:09","modified_gmt":"2026-04-15T23:02:09","slug":"atcali-kel-mehmed","status":"publish","type":"product","link":"https:\/\/roveyayinevi.com.tr\/index.php\/urun\/atcali-kel-mehmed\/","title":{"rendered":"At\u00e7al\u0131 Kel Mehmed"},"content":{"rendered":"<p>Vakan\u00fcvis tarihlerinde XVI., XVII. ve XVIII. y\u00fczy\u0131llarda ayaklanan E\u015fkiyalara dair olduk\u00e7a \u00f6nemli bilgiler vard\u0131r. Fakat i\u015f XIX. y\u00fczy\u0131ldaki E\u015fkiyalara gelince, durum karanl\u0131k bir safhaya girer. Ger\u00e7i Cevdet Pa\u015fa, bu asr\u0131n \u00c7eyrek devri E\u015fkiyalar\u0131 hakk\u0131nda baz\u0131 faydal\u0131 bilgiler vermektedir, fakat bu \u00e7ok k\u0131sa ve kifayetsizdir. Onun zeyli olan Ahmet L\u00fctfi Efendi tarihinde de durum ayn\u0131 gibidir. Bu yazd\u0131\u011f\u0131m\u0131z tarihler, bu alanda XIX. y\u00fczy\u0131l\u0131n tek kayna\u011f\u0131 say\u0131l\u0131rlar. Di\u011fer y\u00fczy\u0131llara g\u00f6re XIX. y\u00fczy\u0131l\u0131n kaynaklar\u0131 zengin olmad\u0131\u011f\u0131ndan bu asr\u0131n E\u015fkiyalar\u0131 da di\u011fer y\u00fczy\u0131llardakiler kadar bilinmez ve tan\u0131nmazlar. <\/p>\n","protected":false},"excerpt":{"rendered":"<p>Vakan\u00fcvis tarihlerinde XVI., XVII. ve XVIII. y\u00fczy\u0131llarda ayaklanan E\u015fkiyalara dair olduk\u00e7a \u00f6nemli bilgiler vard\u0131r. Fakat i\u015f XIX. y\u00fczy\u0131ldaki E\u015fkiyalara gelince, durum karanl\u0131k bir safhaya girer. Ger\u00e7i<span class=\"excerpt-hellip\"> [\u2026]<\/span><\/p>\n","protected":false},"featured_media":0,"template":"","meta":{"_monsterinsights_skip_tracking":false,"_monsterinsights_sitenote_active":false,"_monsterinsights_sitenote_note":"","_monsterinsights_sitenote_category":0},"product_brand":[],"product_cat":[12370,12304],"product_tag":[],"class_list":{"0":"post-692126","1":"product","2":"type-product","3":"status-publish","5":"product_cat-arastirma-inceleme","6":"product_cat-tarih","7":"pa_tur-kitap","8":"pa_yayinevi-otuken-nesriyat","9":"pa_yazar-m-cagatay-ulucay","11":"first","12":"instock","13":"sale","14":"shipping-taxable","15":"purchasable","16":"product-type-simple"},"_links":{"self":[{"href":"https:\/\/roveyayinevi.com.tr\/index.php\/wp-json\/wp\/v2\/product\/692126","targetHints":{"allow":["GET"]}}],"collection":[{"href":"https:\/\/roveyayinevi.com.tr\/index.php\/wp-json\/wp\/v2\/product"}],"about":[{"href":"https:\/\/roveyayinevi.com.tr\/index.php\/wp-json\/wp\/v2\/types\/product"}],"wp:attachment":[{"href":"https:\/\/roveyayinevi.com.tr\/index.php\/wp-json\/wp\/v2\/media?parent=692126"}],"wp:term":[{"taxonomy":"product_brand","embeddable":true,"href":"https:\/\/roveyayinevi.com.tr\/index.php\/wp-json\/wp\/v2\/product_brand?post=692126"},{"taxonomy":"product_cat","embeddable":true,"href":"https:\/\/roveyayinevi.com.tr\/index.php\/wp-json\/wp\/v2\/product_cat?post=692126"},{"taxonomy":"product_tag","embeddable":true,"href":"https:\/\/roveyayinevi.com.tr\/index.php\/wp-json\/wp\/v2\/product_tag?post=692126"}],"curies":[{"name":"wp","href":"https:\/\/api.w.org\/{rel}","templated":true}]}}