{"id":692121,"date":"2025-08-27T14:04:37","date_gmt":"2025-08-27T11:04:37","guid":{"rendered":"https:\/\/roveyayinevi.com.tr\/index.php\/urun\/cadilarin-kirbaci\/"},"modified":"2026-04-16T02:02:09","modified_gmt":"2026-04-15T23:02:09","slug":"cadilarin-kirbaci","status":"publish","type":"product","link":"https:\/\/roveyayinevi.com.tr\/index.php\/urun\/cadilarin-kirbaci\/","title":{"rendered":"Cad\u0131lar\u0131n K\u0131rbac\u0131"},"content":{"rendered":"<p>Vaktiyle canlar\u0131 s\u0131k\u0131lan cad\u0131lar, esrarl\u0131 k\u00fcplerine biner, g\u00f6klerde u\u00e7arm\u0131\u015f. Rastlad\u0131klar\u0131, k\u0131skand\u0131klar\u0131, belki de canlar\u0131 istedi\u011fi insanlara c\u0131z\u0131rdayan k\u00fcplerinin \u00fczerinden ba\u015flar\u0131n\u0131 uzat\u0131r, ellerindeki ya\u011fl\u0131 k\u0131rba\u00e7lar\u0131 ile vururlarm\u0131\u015f. Bu k\u0131rbac\u0131 yiyen insanlar bir daha ac\u0131dan, \u0131zd\u0131raptan kurtulamazlarm\u0131\u015f. Tarih\u00ee romanlar\u0131yla \u00fcnl\u00fc Bekir B\u00fcy\u00fckark\u0131n, gazete tefrikalar\u0131nda kalm\u0131\u015f olan bu roman\u0131n\u0131 da okuyucular\u0131n ilgiyle okuyacaklar\u0131n\u0131 ve 1940\u2019l\u0131, 1950\u2019li y\u0131llar\u0131n T\u00fcrkiye\u2019si hakk\u0131nda fikir sahibi olacaklar\u0131n\u0131 umuyoruz. <\/p>\n","protected":false},"excerpt":{"rendered":"<p>Vaktiyle canlar\u0131 s\u0131k\u0131lan cad\u0131lar, esrarl\u0131 k\u00fcplerine biner, g\u00f6klerde u\u00e7arm\u0131\u015f. Rastlad\u0131klar\u0131, k\u0131skand\u0131klar\u0131, belki de canlar\u0131 istedi\u011fi insanlara c\u0131z\u0131rdayan k\u00fcplerinin \u00fczerinden ba\u015flar\u0131n\u0131 uzat\u0131r, ellerindeki ya\u011fl\u0131 k\u0131rba\u00e7lar\u0131 ile vururlarm\u0131\u015f.<span class=\"excerpt-hellip\"> [\u2026]<\/span><\/p>\n","protected":false},"featured_media":0,"template":"","meta":{"_monsterinsights_skip_tracking":false,"_monsterinsights_sitenote_active":false,"_monsterinsights_sitenote_note":"","_monsterinsights_sitenote_category":0},"product_brand":[],"product_cat":[12291,12292],"product_tag":[],"class_list":{"0":"post-692121","1":"product","2":"type-product","3":"status-publish","5":"product_cat-edebiyat","6":"product_cat-turk-edebiyati","7":"pa_tur-kitap","8":"pa_yayinevi-otuken-nesriyat","9":"pa_yazar-bekir-buyukarkin","11":"first","12":"instock","13":"sale","14":"shipping-taxable","15":"purchasable","16":"product-type-simple"},"_links":{"self":[{"href":"https:\/\/roveyayinevi.com.tr\/index.php\/wp-json\/wp\/v2\/product\/692121","targetHints":{"allow":["GET"]}}],"collection":[{"href":"https:\/\/roveyayinevi.com.tr\/index.php\/wp-json\/wp\/v2\/product"}],"about":[{"href":"https:\/\/roveyayinevi.com.tr\/index.php\/wp-json\/wp\/v2\/types\/product"}],"wp:attachment":[{"href":"https:\/\/roveyayinevi.com.tr\/index.php\/wp-json\/wp\/v2\/media?parent=692121"}],"wp:term":[{"taxonomy":"product_brand","embeddable":true,"href":"https:\/\/roveyayinevi.com.tr\/index.php\/wp-json\/wp\/v2\/product_brand?post=692121"},{"taxonomy":"product_cat","embeddable":true,"href":"https:\/\/roveyayinevi.com.tr\/index.php\/wp-json\/wp\/v2\/product_cat?post=692121"},{"taxonomy":"product_tag","embeddable":true,"href":"https:\/\/roveyayinevi.com.tr\/index.php\/wp-json\/wp\/v2\/product_tag?post=692121"}],"curies":[{"name":"wp","href":"https:\/\/api.w.org\/{rel}","templated":true}]}}