{"id":692120,"date":"2025-08-27T14:04:37","date_gmt":"2025-08-27T11:04:37","guid":{"rendered":"https:\/\/roveyayinevi.com.tr\/index.php\/urun\/asikpasaoglu-tarihi\/"},"modified":"2026-04-16T02:02:09","modified_gmt":"2026-04-15T23:02:09","slug":"asikpasaoglu-tarihi","status":"publish","type":"product","link":"https:\/\/roveyayinevi.com.tr\/index.php\/urun\/asikpasaoglu-tarihi\/","title":{"rendered":"A\u015f\u0131kpa\u015fao\u011flu Tarihi"},"content":{"rendered":"<p>Bu tarih, o zaman\u0131n T\u00fcrk\u00e7esiyle yaz\u0131lm\u0131\u015f bir eser olup tarih\u00ee de\u011ferinden ba\u015fka dil bak\u0131m\u0131ndan da b\u00fcy\u00fck k\u0131ymet ta\u015f\u0131maktad\u0131r. Dili ve \u00fcsl\u00fbbu Dede Korkut kitab\u0131n\u0131n dilini ve \u00fcsl\u00fbbunu and\u0131rmaktad\u0131r. Kitaba, m\u00fcellifin \u00f6l\u00fcm\u00fcnden sonra da baz\u0131 kimseler, ihtimal A\u015f\u0131kpa\u015fao\u011flu\u2019nun m\u00fcridleri taraf\u0131ndan eklemeler yap\u0131lm\u0131\u015ft\u0131r. Ben o par\u00e7alar\u0131 buraya almad\u0131m. M\u00fcellif, anlatt\u0131\u011f\u0131 vakalar\u0131n tarihini yaln\u0131z hicr\u00ee y\u0131l olarak vermekte, ay ve g\u00fcn zikretmemektedir. Bu sebeple bir hicr\u00ee y\u0131l, mil\u00e2d\u00ee tarihin hangi y\u0131l\u0131n\u0131n hangi g\u00fcn\u00fcnden ba\u015flay\u0131p hangisinde bitiyorsa, onu, parantez i\u00e7inde g\u00f6stererek okuyuculara kolayl\u0131k sa\u011flad\u0131m. <\/p>\n","protected":false},"excerpt":{"rendered":"<p>Bu tarih, o zaman\u0131n T\u00fcrk\u00e7esiyle yaz\u0131lm\u0131\u015f bir eser olup tarih\u00ee de\u011ferinden ba\u015fka dil bak\u0131m\u0131ndan da b\u00fcy\u00fck k\u0131ymet ta\u015f\u0131maktad\u0131r. Dili ve \u00fcsl\u00fbbu Dede Korkut kitab\u0131n\u0131n dilini ve<span class=\"excerpt-hellip\"> [\u2026]<\/span><\/p>\n","protected":false},"featured_media":0,"template":"","meta":{"_monsterinsights_skip_tracking":false,"_monsterinsights_sitenote_active":false,"_monsterinsights_sitenote_note":"","_monsterinsights_sitenote_category":0},"product_brand":[],"product_cat":[12370,12304],"product_tag":[],"class_list":{"0":"post-692120","1":"product","2":"type-product","3":"status-publish","5":"product_cat-arastirma-inceleme","6":"product_cat-tarih","7":"pa_cilt-ciltsiz","8":"pa_tur-kitap","9":"pa_yayinevi-otuken-nesriyat","10":"pa_yazar-huseyin-nihal-atsiz","12":"first","13":"instock","14":"sale","15":"shipping-taxable","16":"purchasable","17":"product-type-simple"},"_links":{"self":[{"href":"https:\/\/roveyayinevi.com.tr\/index.php\/wp-json\/wp\/v2\/product\/692120","targetHints":{"allow":["GET"]}}],"collection":[{"href":"https:\/\/roveyayinevi.com.tr\/index.php\/wp-json\/wp\/v2\/product"}],"about":[{"href":"https:\/\/roveyayinevi.com.tr\/index.php\/wp-json\/wp\/v2\/types\/product"}],"wp:attachment":[{"href":"https:\/\/roveyayinevi.com.tr\/index.php\/wp-json\/wp\/v2\/media?parent=692120"}],"wp:term":[{"taxonomy":"product_brand","embeddable":true,"href":"https:\/\/roveyayinevi.com.tr\/index.php\/wp-json\/wp\/v2\/product_brand?post=692120"},{"taxonomy":"product_cat","embeddable":true,"href":"https:\/\/roveyayinevi.com.tr\/index.php\/wp-json\/wp\/v2\/product_cat?post=692120"},{"taxonomy":"product_tag","embeddable":true,"href":"https:\/\/roveyayinevi.com.tr\/index.php\/wp-json\/wp\/v2\/product_tag?post=692120"}],"curies":[{"name":"wp","href":"https:\/\/api.w.org\/{rel}","templated":true}]}}