{"id":692119,"date":"2025-08-27T14:04:37","date_gmt":"2025-08-27T11:04:37","guid":{"rendered":"https:\/\/roveyayinevi.com.tr\/index.php\/urun\/asyada-bes-turk\/"},"modified":"2026-04-16T02:02:09","modified_gmt":"2026-04-15T23:02:09","slug":"asyada-bes-turk","status":"publish","type":"product","link":"https:\/\/roveyayinevi.com.tr\/index.php\/urun\/asyada-bes-turk\/","title":{"rendered":"Asyada Be\u015f T\u00fcrk"},"content":{"rendered":"<p>Enver Pa\u015fa bir yandan orduyu \u0131slah ederken, di\u011fer yandan propaganda faaliyetleri y\u00fcr\u00fctmek \u00fczere Te\u015fkilat-\u0131 Mahsusa isimli bir istihbarat te\u015fkilat\u0131 v\u00fccuda getirir. Ba\u015far\u0131s\u0131z olan Osmanl\u0131c\u0131l\u0131k politikas\u0131n\u0131 b\u0131rak\u0131p T\u00fcrkbirli\u011fi ve \u0130slambirli\u011fi politikalar\u0131na sar\u0131lan Enver Pa\u015fa, Te\u015fkilat-\u0131 Mahsusa&#8217;n\u0131n mensuplar\u0131n\u0131 b\u00fct\u00fcn T\u00fcrk ve \u0130slam \u00fclkelerine salar. Bu meyanda be\u015f ki\u015fiyi de 1914&#8217;te Hindistan \u00fczerinden T\u00fcrkistan&#8217;a g\u00f6nderir. Bu be\u015f ki\u015fi 1916&#8217;daki b\u00fcy\u00fck T\u00fcrkistan isyan\u0131n\u0131n bir safhas\u0131 olan K\u0131rg\u0131zlar\u0131n ba\u015flatt\u0131\u011f\u0131 Yedisu isyan\u0131n\u0131 idare eder ve Ruslara b\u00fcy\u00fck zayiat verdirir. Bu eser, Yedisu isyan\u0131n\u0131n Erk\u00e2n-\u0131 Harbiye Reisli\u011fini (kurmay ba\u015fkanl\u0131\u011f\u0131n\u0131) y\u00fcr\u00fcten piyade y\u00fczba\u015f\u0131s\u0131 Adil Hikmet Bey&#8217;in hat\u0131ralar\u0131d\u0131r.<\/p>\n","protected":false},"excerpt":{"rendered":"<p>Enver Pa\u015fa bir yandan orduyu \u0131slah ederken, di\u011fer yandan propaganda faaliyetleri y\u00fcr\u00fctmek \u00fczere Te\u015fkilat-\u0131 Mahsusa isimli bir istihbarat te\u015fkilat\u0131 v\u00fccuda getirir. Ba\u015far\u0131s\u0131z olan Osmanl\u0131c\u0131l\u0131k politikas\u0131n\u0131 b\u0131rak\u0131p<span class=\"excerpt-hellip\"> [\u2026]<\/span><\/p>\n","protected":false},"featured_media":0,"template":"","meta":{"_monsterinsights_skip_tracking":false,"_monsterinsights_sitenote_active":false,"_monsterinsights_sitenote_note":"","_monsterinsights_sitenote_category":0},"product_brand":[],"product_cat":[12312,12304],"product_tag":[],"class_list":{"0":"post-692119","1":"product","2":"type-product","3":"status-publish","5":"product_cat-diger","6":"product_cat-tarih","7":"pa_cilt-ciltsiz","8":"pa_tur-kitap","9":"pa_yayinevi-otuken-nesriyat","10":"pa_yazar-adil-hikmet-bey","12":"first","13":"instock","14":"sale","15":"shipping-taxable","16":"purchasable","17":"product-type-simple"},"_links":{"self":[{"href":"https:\/\/roveyayinevi.com.tr\/index.php\/wp-json\/wp\/v2\/product\/692119","targetHints":{"allow":["GET"]}}],"collection":[{"href":"https:\/\/roveyayinevi.com.tr\/index.php\/wp-json\/wp\/v2\/product"}],"about":[{"href":"https:\/\/roveyayinevi.com.tr\/index.php\/wp-json\/wp\/v2\/types\/product"}],"wp:attachment":[{"href":"https:\/\/roveyayinevi.com.tr\/index.php\/wp-json\/wp\/v2\/media?parent=692119"}],"wp:term":[{"taxonomy":"product_brand","embeddable":true,"href":"https:\/\/roveyayinevi.com.tr\/index.php\/wp-json\/wp\/v2\/product_brand?post=692119"},{"taxonomy":"product_cat","embeddable":true,"href":"https:\/\/roveyayinevi.com.tr\/index.php\/wp-json\/wp\/v2\/product_cat?post=692119"},{"taxonomy":"product_tag","embeddable":true,"href":"https:\/\/roveyayinevi.com.tr\/index.php\/wp-json\/wp\/v2\/product_tag?post=692119"}],"curies":[{"name":"wp","href":"https:\/\/api.w.org\/{rel}","templated":true}]}}