{"id":692116,"date":"2025-08-27T14:04:36","date_gmt":"2025-08-27T11:04:36","guid":{"rendered":"https:\/\/roveyayinevi.com.tr\/index.php\/urun\/bozkir-imparatorlugu\/"},"modified":"2026-04-16T02:02:09","modified_gmt":"2026-04-15T23:02:09","slug":"bozkir-imparatorlugu","status":"publish","type":"product","link":"https:\/\/roveyayinevi.com.tr\/index.php\/urun\/bozkir-imparatorlugu\/","title":{"rendered":"Bozk\u0131r \u0130mparatorlu\u011fu"},"content":{"rendered":"<p>Korkuyla birle\u015fen bir sayg\u0131n\u0131n, \u015fa\u015fk\u0131nl\u0131kla birle\u015fen bir hayranl\u0131\u011f\u0131n ifadesidir. Tarihte daima h\u00e2kim bir rol oynam\u0131\u015f, bir zamanlar d\u00fcnya milletlerinin kaderini \u00e7izmi\u015f olan T\u00fcrklerin Asya bozk\u0131rlar\u0131ndaki muhte\u015fem tarih\u00ee maceralar\u0131n\u0131 anlat\u0131r. Milletimizin karakterini etkileyen g\u00f6\u00e7ebelik, g\u00f6\u00e7ebe ve bozk\u0131r medeniyeti, buna ba\u011fl\u0131 olarak Asya ve \u00f6zellikle Orta Asya T\u00fcrk Tarihi, eserin ana konular\u0131n\u0131 te\u015fkil eder. Olay ve olgular, kitab\u0131n kapaktaki ad\u0131nda da zikredilen \u00fc\u00e7 cihangirin silsilesi takip edilerek anlat\u0131l\u0131r: Atilla, Cengiz Han ve Timur&#8230; &#8220;Bu kitab\u0131n ba\u015fl\u0131\u011f\u0131nda yaz\u0131lm\u0131\u015f \u00fc\u00e7 kudretli ismin etraf\u0131nda ve onlar\u0131 anlatarak, on as\u0131rl\u0131k tarih boyunca \u00c7in s\u0131n\u0131rlar\u0131ndan Bat\u0131&#8217;n\u0131n s\u0131n\u0131rlar\u0131na y\u00fcr\u00fcyen b\u00fcy\u00fck g\u00f6\u00e7ebeler kavmini hat\u0131ra getirmek istedim. Yaln\u0131z tarih\u00e7ilere de\u011fil bozk\u0131rdan ne\u015fet eden k\u00fclt\u00fcr ve medeniyetimizin tarih i\u00e7erisindeki g\u00f6r\u00fcn\u00fcmlerini merak eden herkese hitap eder.<\/p>\n","protected":false},"excerpt":{"rendered":"<p>Korkuyla birle\u015fen bir sayg\u0131n\u0131n, \u015fa\u015fk\u0131nl\u0131kla birle\u015fen bir hayranl\u0131\u011f\u0131n ifadesidir. Tarihte daima h\u00e2kim bir rol oynam\u0131\u015f, bir zamanlar d\u00fcnya milletlerinin kaderini \u00e7izmi\u015f olan T\u00fcrklerin Asya bozk\u0131rlar\u0131ndaki muhte\u015fem<span class=\"excerpt-hellip\"> [\u2026]<\/span><\/p>\n","protected":false},"featured_media":0,"template":"","meta":{"_monsterinsights_skip_tracking":false,"_monsterinsights_sitenote_active":false,"_monsterinsights_sitenote_note":"","_monsterinsights_sitenote_category":0},"product_brand":[],"product_cat":[13517,12304],"product_tag":[],"class_list":{"0":"post-692116","1":"product","2":"type-product","3":"status-publish","5":"product_cat-osmanli-tarihi","6":"product_cat-tarih","7":"pa_cilt-ciltsiz","8":"pa_tur-kitap","9":"pa_yayinevi-otuken-nesriyat","10":"pa_yazar-rene-grousset","12":"first","13":"instock","14":"sale","15":"shipping-taxable","16":"purchasable","17":"product-type-simple"},"_links":{"self":[{"href":"https:\/\/roveyayinevi.com.tr\/index.php\/wp-json\/wp\/v2\/product\/692116","targetHints":{"allow":["GET"]}}],"collection":[{"href":"https:\/\/roveyayinevi.com.tr\/index.php\/wp-json\/wp\/v2\/product"}],"about":[{"href":"https:\/\/roveyayinevi.com.tr\/index.php\/wp-json\/wp\/v2\/types\/product"}],"wp:attachment":[{"href":"https:\/\/roveyayinevi.com.tr\/index.php\/wp-json\/wp\/v2\/media?parent=692116"}],"wp:term":[{"taxonomy":"product_brand","embeddable":true,"href":"https:\/\/roveyayinevi.com.tr\/index.php\/wp-json\/wp\/v2\/product_brand?post=692116"},{"taxonomy":"product_cat","embeddable":true,"href":"https:\/\/roveyayinevi.com.tr\/index.php\/wp-json\/wp\/v2\/product_cat?post=692116"},{"taxonomy":"product_tag","embeddable":true,"href":"https:\/\/roveyayinevi.com.tr\/index.php\/wp-json\/wp\/v2\/product_tag?post=692116"}],"curies":[{"name":"wp","href":"https:\/\/api.w.org\/{rel}","templated":true}]}}