{"id":692115,"date":"2025-08-27T14:04:36","date_gmt":"2025-08-27T11:04:36","guid":{"rendered":"https:\/\/roveyayinevi.com.tr\/index.php\/urun\/bir-tereddudun-romani\/"},"modified":"2026-04-16T02:02:09","modified_gmt":"2026-04-15T23:02:09","slug":"bir-tereddudun-romani","status":"publish","type":"product","link":"https:\/\/roveyayinevi.com.tr\/index.php\/urun\/bir-tereddudun-romani\/","title":{"rendered":"Bir Teredd\u00fcd\u00fcn Roman\u0131"},"content":{"rendered":"<p>Peyami Safa\u2019n\u0131n romanc\u0131l\u0131\u011f\u0131n\u0131n zirvesine \u00e7\u0131kt\u0131\u011f\u0131 eserlerinden biri olan Bir Teredd\u00fcd\u00fcn Roman\u0131, 1. D\u00fcnya Sava\u015f\u0131\u2019ndan sonra inanmakla ink\u00e2r, bireysel ve toplumsal temay\u00fcller, kendi kendini tahrip a\u015fk\u0131 ile yarat\u0131c\u0131 h\u0131rslar ve sevdalar aras\u0131nda kalan insano\u011flunun teredd\u00fct ve bocalamalar\u0131n\u0131 konu edinmi\u015ftir. Roman i\u00e7inde yaz\u0131lan roman kurmacas\u0131 ve Peyami Safa\u2019n\u0131n kendi hayat\u0131ndan derin izler ta\u015f\u0131yan yap\u0131s\u0131yla Bir Teredd\u00fcd\u00fcn Roman\u0131, m\u00fctareke y\u0131llar\u0131nda ve sava\u015f sonras\u0131nda do\u011fan ya\u015famak yorgunlu\u011fu, toplumsal de\u011ferlerin alt \u00fcst olu\u015fu, ge\u00e7mi\u015fle olan ba\u011flar\u0131n kopu\u015fu, ahlak bunal\u0131m\u0131, maddi ve ruhi sefalet, hi\u00e7bir \u015feye tam olarak ba\u011flanamamak ac\u0131s\u0131, insanlar\u0131n inanmakla ink\u00e2r etmek, yapmakla y\u0131kmak, sevmekle nefret etmek, iyilikle k\u00f6t\u00fcl\u00fck, isyan etmekle boyun e\u011fmek, \u00f6lmekle ya\u015famak aras\u0131nda ge\u00e7irilen teredd\u00fctleri \u00fczerine kurulmu\u015ftur.<\/p>\n","protected":false},"excerpt":{"rendered":"<p>Peyami Safa\u2019n\u0131n romanc\u0131l\u0131\u011f\u0131n\u0131n zirvesine \u00e7\u0131kt\u0131\u011f\u0131 eserlerinden biri olan Bir Teredd\u00fcd\u00fcn Roman\u0131, 1. D\u00fcnya Sava\u015f\u0131\u2019ndan sonra inanmakla ink\u00e2r, bireysel ve toplumsal temay\u00fcller, kendi kendini tahrip a\u015fk\u0131 ile<span class=\"excerpt-hellip\"> [\u2026]<\/span><\/p>\n","protected":false},"featured_media":0,"template":"","meta":{"_monsterinsights_skip_tracking":false,"_monsterinsights_sitenote_active":false,"_monsterinsights_sitenote_note":"","_monsterinsights_sitenote_category":0},"product_brand":[],"product_cat":[12291,12292],"product_tag":[],"class_list":{"0":"post-692115","1":"product","2":"type-product","3":"status-publish","5":"product_cat-edebiyat","6":"product_cat-turk-edebiyati","7":"pa_cilt-ciltsiz","8":"pa_tur-kitap","9":"pa_yayinevi-otuken-nesriyat","10":"pa_yazar-peyami-safa","12":"first","13":"instock","14":"sale","15":"shipping-taxable","16":"purchasable","17":"product-type-simple"},"_links":{"self":[{"href":"https:\/\/roveyayinevi.com.tr\/index.php\/wp-json\/wp\/v2\/product\/692115","targetHints":{"allow":["GET"]}}],"collection":[{"href":"https:\/\/roveyayinevi.com.tr\/index.php\/wp-json\/wp\/v2\/product"}],"about":[{"href":"https:\/\/roveyayinevi.com.tr\/index.php\/wp-json\/wp\/v2\/types\/product"}],"wp:attachment":[{"href":"https:\/\/roveyayinevi.com.tr\/index.php\/wp-json\/wp\/v2\/media?parent=692115"}],"wp:term":[{"taxonomy":"product_brand","embeddable":true,"href":"https:\/\/roveyayinevi.com.tr\/index.php\/wp-json\/wp\/v2\/product_brand?post=692115"},{"taxonomy":"product_cat","embeddable":true,"href":"https:\/\/roveyayinevi.com.tr\/index.php\/wp-json\/wp\/v2\/product_cat?post=692115"},{"taxonomy":"product_tag","embeddable":true,"href":"https:\/\/roveyayinevi.com.tr\/index.php\/wp-json\/wp\/v2\/product_tag?post=692115"}],"curies":[{"name":"wp","href":"https:\/\/api.w.org\/{rel}","templated":true}]}}