{"id":692114,"date":"2025-08-27T14:04:36","date_gmt":"2025-08-27T11:04:36","guid":{"rendered":"https:\/\/roveyayinevi.com.tr\/index.php\/urun\/bir-inanc-ve-kultur-terkipcisi-yahya-kemal\/"},"modified":"2026-04-16T02:02:09","modified_gmt":"2026-04-15T23:02:09","slug":"bir-inanc-ve-kultur-terkipcisi-yahya-kemal","status":"publish","type":"product","link":"https:\/\/roveyayinevi.com.tr\/index.php\/urun\/bir-inanc-ve-kultur-terkipcisi-yahya-kemal\/","title":{"rendered":"Bir \u0130nan\u00e7 ve K\u00fclt\u00fcr Terkip\u00e7isi Yahya Kemal"},"content":{"rendered":"<p>Bir sanatkar\u0131n sanat\u0131na \u015fekil veren felsef\u00ee arka plan\u0131n\u0131n, d\u00fc\u015f\u00fcnce yap\u0131s\u0131n\u0131n, gizlendi\u011fi sanat yap\u0131tlar\u0131n\u0131n aras\u0131ndan bulunup \u00e7\u0131kar\u0131lmas\u0131, hem k\u00fclt\u00fcr\u00fcm\u00fcz\u00fcn zenginle\u015ftirilmesine, hem de gelece\u011fe daha g\u00fcvenle bakmam\u0131za yard\u0131mc\u0131 olacakt\u0131r. \u0130\u015fte bu tarz \u00e7al\u0131\u015fmalara konu olabilecek \u015fahsiyetlerden biri de Yahya Kemal Beyatl\u0131&#8217;d\u0131r. Bilindi\u011fi \u00fczere Yahya Kemal, T\u00fcrk \u015fiirinin \u015fahika isimlerinden biridir ve o, yaln\u0131zca edeb\u00ee y\u00f6n\u00fcyle tan\u0131nmakta olup genellikle edebiyat\u00e7\u0131lar\u0131n ara\u015ft\u0131rmalar\u0131na konu olmu\u015ftur. Ancak tespitlerimize g\u00f6re o, sadece \u015fair de\u011fil, ayn\u0131 zamanda bu \u015fiirlerinin aras\u0131nda d\u00fc\u015f\u00fcnce derinli\u011fi de bulunan bir m\u00fctefekkirdir. Onun \u015fiirleri, yaln\u0131zca duygular\u0131n s\u00f6zc\u00fcklerle yaz\u0131lm\u0131\u015f \u015fekilleri de\u011fil; bu \u015fiirlerden b\u00fcy\u00fck bir k\u0131sm\u0131, \u00fczerinde uzun zaman yo\u011funla\u015f\u0131lan \u00e7e\u015fitli d\u00fc\u015f\u00fcncelerin, duygularla \u00f6r\u00fclerek sanatk\u00e2rane bir \u015fekilde olu\u015fturuldu\u011fu \u015fiirsel ifadelerdir. Ayr\u0131ca Yahya Kemal, \u00e7e\u015fitli d\u00fc\u015f\u00fcncelerini ifade etti\u011fi nesir t\u00fcr\u00fcnden eserler de yazm\u0131\u015ft\u0131r; onun bu yaz\u0131lar\u0131, \u00e7o\u011funlukla \u015fiirlerindeki konulara a\u00e7\u0131kl\u0131k getirir mahiyettedir. Yahya Kemal&#8217;in d\u00fc\u015f\u00fcnce d\u00fcnyas\u0131n\u0131n a\u00e7\u0131\u011fa \u00e7\u0131kar\u0131lmas\u0131 ve onun felsef\u00ee a\u00e7\u0131dan da de\u011ferlendirilebilmesi i\u00e7in \u015fiir ve nesirlerinin bir arada ele al\u0131narak fikirlerinin bir b\u00fct\u00fcn halinde ortaya koyulmas\u0131 gerekmektedir ki, \u00e7al\u0131\u015fmada takip edilen yol da budur. \ufffcTan\u0131t\u0131m Metni<\/p>\n","protected":false},"excerpt":{"rendered":"<p>Bir sanatkar\u0131n sanat\u0131na \u015fekil veren felsef\u00ee arka plan\u0131n\u0131n, d\u00fc\u015f\u00fcnce yap\u0131s\u0131n\u0131n, gizlendi\u011fi sanat yap\u0131tlar\u0131n\u0131n aras\u0131ndan bulunup \u00e7\u0131kar\u0131lmas\u0131, hem k\u00fclt\u00fcr\u00fcm\u00fcz\u00fcn zenginle\u015ftirilmesine, hem de gelece\u011fe daha g\u00fcvenle bakmam\u0131za yard\u0131mc\u0131<span class=\"excerpt-hellip\"> [\u2026]<\/span><\/p>\n","protected":false},"featured_media":0,"template":"","meta":{"_monsterinsights_skip_tracking":false,"_monsterinsights_sitenote_active":false,"_monsterinsights_sitenote_note":"","_monsterinsights_sitenote_category":0},"product_brand":[],"product_cat":[14009,12291],"product_tag":[],"class_list":{"0":"post-692114","1":"product","2":"type-product","3":"status-publish","5":"product_cat-biyografi-otobiyografi-edebiyat","6":"product_cat-edebiyat","7":"pa_cilt-ciltsiz","8":"pa_tur-kitap","9":"pa_yayinevi-otuken-nesriyat","10":"pa_yazar-h-omer-ozden","12":"first","13":"instock","14":"sale","15":"shipping-taxable","16":"purchasable","17":"product-type-simple"},"_links":{"self":[{"href":"https:\/\/roveyayinevi.com.tr\/index.php\/wp-json\/wp\/v2\/product\/692114","targetHints":{"allow":["GET"]}}],"collection":[{"href":"https:\/\/roveyayinevi.com.tr\/index.php\/wp-json\/wp\/v2\/product"}],"about":[{"href":"https:\/\/roveyayinevi.com.tr\/index.php\/wp-json\/wp\/v2\/types\/product"}],"wp:attachment":[{"href":"https:\/\/roveyayinevi.com.tr\/index.php\/wp-json\/wp\/v2\/media?parent=692114"}],"wp:term":[{"taxonomy":"product_brand","embeddable":true,"href":"https:\/\/roveyayinevi.com.tr\/index.php\/wp-json\/wp\/v2\/product_brand?post=692114"},{"taxonomy":"product_cat","embeddable":true,"href":"https:\/\/roveyayinevi.com.tr\/index.php\/wp-json\/wp\/v2\/product_cat?post=692114"},{"taxonomy":"product_tag","embeddable":true,"href":"https:\/\/roveyayinevi.com.tr\/index.php\/wp-json\/wp\/v2\/product_tag?post=692114"}],"curies":[{"name":"wp","href":"https:\/\/api.w.org\/{rel}","templated":true}]}}