{"id":692113,"date":"2025-08-27T14:04:35","date_gmt":"2025-08-27T11:04:35","guid":{"rendered":"https:\/\/roveyayinevi.com.tr\/index.php\/urun\/bir-medeniyet-teorisi\/"},"modified":"2026-04-16T02:02:09","modified_gmt":"2026-04-15T23:02:09","slug":"bir-medeniyet-teorisi","status":"publish","type":"product","link":"https:\/\/roveyayinevi.com.tr\/index.php\/urun\/bir-medeniyet-teorisi\/","title":{"rendered":"Bir Medeniyet Teorisi"},"content":{"rendered":"<p>K\u00fclt\u00fcr ve medeniyet  yaln\u0131z \u015fimdi ve sadece T\u00fcrkiye\u2019de de\u011fil, kullan\u0131lmaya ba\u015fland\u0131klar\u0131 zamandan itibaren ve b\u00fct\u00fcn d\u00fcnyada kafalar\u0131 kar\u0131\u015ft\u0131ran m\u00fcphem kavramlard\u0131r. Sosyal Bilimlerin farkl\u0131 dallar\u0131nda eser veren pek \u00e7ok bilim insan\u0131, sezgilerine, sahip olduklar\u0131 de\u011ferlere ve kulaktan dolma anlay\u0131\u015flara istinad ederek bu iki kavram\u0131 tan\u0131mlamaya \u00e7al\u0131\u015fm\u0131\u015flard\u0131r. Oysa bilimde fikir, do\u011fru ve yanl\u0131\u015f olmaktan \u00f6nce tutarl\u0131 ve bilimsel olmal\u0131d\u0131r. \u015eimdiye kadar ortaya konan pek \u00e7ok yakla\u015f\u0131m\u0131n yetersizlik ve tutars\u0131zl\u0131\u011f\u0131 sa\u011flam ve ku\u015fat\u0131c\u0131 bir teorinin \u00fcr\u00fcn\u00fc olmamalar\u0131ndan kaynaklanmaktad\u0131r. Bu eksikli\u011fi te\u015fhis eden yazar  k\u00fclt\u00fcr  ve  medeniyet i yepyeni ve \u00f6zg\u00fcn bir teori \u00e7er\u00e7evesinde kavramla\u015ft\u0131r\u0131yor. \u00d6ncelikle bug\u00fcne kadar vazge\u00e7ilmi\u015f olan teorileri tahlil ediyor, sonra da bunlardan do\u011fan bo\u015flu\u011fun yerine kendi teorisini in\u015fa ediyor. K\u00fclt\u00fcr ve medeniyet kavramlar\u0131 hakk\u0131nda bilgi sahibi olmak isteyenler kadar, bu kavramlar\u0131 bildi\u011fini zannedenlerin de mutlaka okumas\u0131 gereken bir kitap. <\/p>\n","protected":false},"excerpt":{"rendered":"<p>K\u00fclt\u00fcr ve medeniyet yaln\u0131z \u015fimdi ve sadece T\u00fcrkiye\u2019de de\u011fil, kullan\u0131lmaya ba\u015fland\u0131klar\u0131 zamandan itibaren ve b\u00fct\u00fcn d\u00fcnyada kafalar\u0131 kar\u0131\u015ft\u0131ran m\u00fcphem kavramlard\u0131r. Sosyal Bilimlerin farkl\u0131 dallar\u0131nda eser veren<span class=\"excerpt-hellip\"> [\u2026]<\/span><\/p>\n","protected":false},"featured_media":0,"template":"","meta":{"_monsterinsights_skip_tracking":false,"_monsterinsights_sitenote_active":false,"_monsterinsights_sitenote_note":"","_monsterinsights_sitenote_category":0},"product_brand":[],"product_cat":[12312,12304],"product_tag":[],"class_list":{"0":"post-692113","1":"product","2":"type-product","3":"status-publish","5":"product_cat-diger","6":"product_cat-tarih","7":"pa_cilt-ciltsiz","8":"pa_tur-kitap","9":"pa_yayinevi-otuken-nesriyat","10":"pa_yazar-yilmaz-ozakpinar","12":"first","13":"instock","14":"sale","15":"shipping-taxable","16":"purchasable","17":"product-type-simple"},"_links":{"self":[{"href":"https:\/\/roveyayinevi.com.tr\/index.php\/wp-json\/wp\/v2\/product\/692113","targetHints":{"allow":["GET"]}}],"collection":[{"href":"https:\/\/roveyayinevi.com.tr\/index.php\/wp-json\/wp\/v2\/product"}],"about":[{"href":"https:\/\/roveyayinevi.com.tr\/index.php\/wp-json\/wp\/v2\/types\/product"}],"wp:attachment":[{"href":"https:\/\/roveyayinevi.com.tr\/index.php\/wp-json\/wp\/v2\/media?parent=692113"}],"wp:term":[{"taxonomy":"product_brand","embeddable":true,"href":"https:\/\/roveyayinevi.com.tr\/index.php\/wp-json\/wp\/v2\/product_brand?post=692113"},{"taxonomy":"product_cat","embeddable":true,"href":"https:\/\/roveyayinevi.com.tr\/index.php\/wp-json\/wp\/v2\/product_cat?post=692113"},{"taxonomy":"product_tag","embeddable":true,"href":"https:\/\/roveyayinevi.com.tr\/index.php\/wp-json\/wp\/v2\/product_tag?post=692113"}],"curies":[{"name":"wp","href":"https:\/\/api.w.org\/{rel}","templated":true}]}}