{"id":692111,"date":"2025-08-27T14:04:35","date_gmt":"2025-08-27T11:04:35","guid":{"rendered":"https:\/\/roveyayinevi.com.tr\/index.php\/urun\/bulmaca-sozlugu-2\/"},"modified":"2026-04-16T02:02:09","modified_gmt":"2026-04-15T23:02:09","slug":"bulmaca-sozlugu-2","status":"publish","type":"product","link":"https:\/\/roveyayinevi.com.tr\/index.php\/urun\/bulmaca-sozlugu-2\/","title":{"rendered":"Bulmaca S\u00f6zl\u00fc\u011f\u00fc"},"content":{"rendered":"<p>D\u00fc\u015f\u00fcnd\u00fcrmeyi, bilgi birikimini s\u0131namay\u0131 ve kelime da\u011farc\u0131\u011f\u0131n\u0131 art\u0131rmay\u0131 hedefleyen bir oyun asl\u0131nda bulmaca; \u00fcstelik kimileri i\u00e7in ba\u011f\u0131ml\u0131l\u0131k yapacak \u00f6l\u00e7\u00fcde keyifli bir oyun. Ama ne yaz\u0131k ki bir bulmaca oyuncusunun, belli ba\u015fl\u0131 konularda donan\u0131ml\u0131 olmas\u0131, bu oyunda ba\u015far\u0131l\u0131 olmas\u0131na yetmemekte; neredeyse her konuda, hemen hemen her \u015fey hakk\u0131nda belli ba\u015fl\u0131 temel bilgilere sahip olmas\u0131 gerekmektedir. Ge\u00e7mi\u015fe nazaran bilgiye \u00e7ok daha h\u0131zl\u0131 ula\u015fma avantaj\u0131na sahip g\u00fcn\u00fcm\u00fcz insan\u0131n\u0131n bile, bu donan\u0131ma ve yetkinli\u011fe k\u0131sa s\u00fcrede ula\u015fmas\u0131 imk\u00e2ns\u0131z olmasa da son derecede zor ve tabii ger\u00e7ek bir sab\u0131r i\u015fi. <\/p>\n","protected":false},"excerpt":{"rendered":"<p>D\u00fc\u015f\u00fcnd\u00fcrmeyi, bilgi birikimini s\u0131namay\u0131 ve kelime da\u011farc\u0131\u011f\u0131n\u0131 art\u0131rmay\u0131 hedefleyen bir oyun asl\u0131nda bulmaca; \u00fcstelik kimileri i\u00e7in ba\u011f\u0131ml\u0131l\u0131k yapacak \u00f6l\u00e7\u00fcde keyifli bir oyun. Ama ne yaz\u0131k ki<span class=\"excerpt-hellip\"> [\u2026]<\/span><\/p>\n","protected":false},"featured_media":0,"template":"","meta":{"_monsterinsights_skip_tracking":false,"_monsterinsights_sitenote_active":false,"_monsterinsights_sitenote_note":"","_monsterinsights_sitenote_category":0},"product_brand":[],"product_cat":[12492,12274],"product_tag":[],"class_list":{"0":"post-692111","1":"product","2":"type-product","3":"status-publish","5":"product_cat-bilmece-bulmaca","6":"product_cat-cocuk-ve-genclik-kitaplari","7":"pa_cilt-ciltsiz","8":"pa_tur-kitap","9":"pa_yayinevi-omega","10":"pa_yazar-bulent-ermis","12":"first","13":"instock","14":"sale","15":"shipping-taxable","16":"purchasable","17":"product-type-simple"},"_links":{"self":[{"href":"https:\/\/roveyayinevi.com.tr\/index.php\/wp-json\/wp\/v2\/product\/692111","targetHints":{"allow":["GET"]}}],"collection":[{"href":"https:\/\/roveyayinevi.com.tr\/index.php\/wp-json\/wp\/v2\/product"}],"about":[{"href":"https:\/\/roveyayinevi.com.tr\/index.php\/wp-json\/wp\/v2\/types\/product"}],"wp:attachment":[{"href":"https:\/\/roveyayinevi.com.tr\/index.php\/wp-json\/wp\/v2\/media?parent=692111"}],"wp:term":[{"taxonomy":"product_brand","embeddable":true,"href":"https:\/\/roveyayinevi.com.tr\/index.php\/wp-json\/wp\/v2\/product_brand?post=692111"},{"taxonomy":"product_cat","embeddable":true,"href":"https:\/\/roveyayinevi.com.tr\/index.php\/wp-json\/wp\/v2\/product_cat?post=692111"},{"taxonomy":"product_tag","embeddable":true,"href":"https:\/\/roveyayinevi.com.tr\/index.php\/wp-json\/wp\/v2\/product_tag?post=692111"}],"curies":[{"name":"wp","href":"https:\/\/api.w.org\/{rel}","templated":true}]}}