{"id":692110,"date":"2025-08-27T14:04:35","date_gmt":"2025-08-27T11:04:35","guid":{"rendered":"https:\/\/roveyayinevi.com.tr\/index.php\/urun\/bilincli-hipnoz\/"},"modified":"2026-04-16T02:02:09","modified_gmt":"2026-04-15T23:02:09","slug":"bilincli-hipnoz","status":"publish","type":"product","link":"https:\/\/roveyayinevi.com.tr\/index.php\/urun\/bilincli-hipnoz\/","title":{"rendered":"Bilin\u00e7li Hipnoz"},"content":{"rendered":"<p>Vaktiyle t\u0131p d\u00fcnyas\u0131n\u0131 endi\u015felendiren, \u2018\u015farlatanl\u0131k\u2019 yahut \u2018hokkabazl\u0131k\u2019 olarak alg\u0131lanan hipnoz, g\u00fcn\u00fcm\u00fczde destekleyici t\u0131bb\u0131n vazge\u00e7ilmez bir par\u00e7as\u0131, \u00fcniversitelerde seminer konusu ve h\u00e2l\u00e2 geni\u015f kitlelerin ilgi oda\u011f\u0131. Son bilimsel geli\u015fmeler g\u00f6steriyor ki, hipnozun \u015fu ya da bu \u015fekilde ula\u015fmad\u0131\u011f\u0131 disiplin yok gibi. Art\u0131k hipnozla sigara b\u0131rak\u0131labiliyor, ya\u015flanma geciktirilebiliyor, kekemelik \u00f6nlenebiliyor. Bilin\u00e7li hipnoz sayesinde sanc\u0131s\u0131z do\u011fum yapmak, s\u0131navlarda ba\u015far\u0131l\u0131 olmak, hatta kilo vermek dahi m\u00fcmk\u00fcn. \u00dcrolojide, cerrahide ve di\u015f hekimli\u011finde bile hipnozun parmak izleri var. Hipnoz, vajinismustan migrene, topluluk \u00f6n\u00fcnde konu\u015famamaktan aile i\u00e7i \u015fiddete de\u011fin pek \u00e7ok rahats\u0131zl\u0131\u011f\u0131n, sorunun giderilmesinde aktif rol \u00fcstleniyor. Ne var ki, hipnozla ilgilenen okurun do\u011fru bilgiye ula\u015fmas\u0131 g\u00fc\u00e7. Ula\u015ft\u0131\u011f\u0131 bilgileri, \u00fc\u00e7\u00fcnc\u00fc bir ki\u015finin deste\u011fi olmadan hayata ge\u00e7irmesi neredeyse imk\u00e2ns\u0131z. Halbuki hipnoz, \u00e7oktand\u0131r ezoterik bir i\u00e7eri\u011fe sahip de\u011fil. Art\u0131k hipnoza kabul edilmeniz i\u00e7in dahi belirli yeterliliklerinizin olmas\u0131 gerekiyor. \u0130nsandaki s\u0131n\u0131rs\u0131z potansiyeli ortaya \u00e7\u0131karan hipnozu ke\u015ffedebilmek i\u00e7in bilimsel referanslara ihtiya\u00e7 var. T\u00fcrkiye\u2019de hipnozun bilimsel anlamda kabul g\u00f6r\u00fcp yay\u0131lmas\u0131nda etkin rol \u00fcstlenmi\u015f, 1991\u2019de kurulan T\u0131bbi Hipnoz Derne\u011fi\u2019nin o tarihten bu yana ba\u015fkanl\u0131\u011f\u0131n\u0131 y\u00fcr\u00fcten, Yeditepe \u00dcniversitesi\u2019nde d\u00fczenlenen hipnoz kurslar\u0131nda bug\u00fcne de\u011fin 1200 ki\u015fiyi e\u011fiten Ali E\u015fref M\u00fcezzino\u011flu\u2019nun Bilin\u00e7li Hipnoz kitab\u0131, ku\u015fku yok ki, zengin i\u00e7eri\u011fi sayesinde t\u00fcm beklentilerinizi doyuracak. Bu kitap arac\u0131l\u0131\u011f\u0131yla, yanl\u0131\u015f yollara sapmadan, hipnozla ilgili merak etti\u011finiz her \u015feyi \u00f6\u011frenebileceksiniz. <\/p>\n","protected":false},"excerpt":{"rendered":"<p>Vaktiyle t\u0131p d\u00fcnyas\u0131n\u0131 endi\u015felendiren, \u2018\u015farlatanl\u0131k\u2019 yahut \u2018hokkabazl\u0131k\u2019 olarak alg\u0131lanan hipnoz, g\u00fcn\u00fcm\u00fczde destekleyici t\u0131bb\u0131n vazge\u00e7ilmez bir par\u00e7as\u0131, \u00fcniversitelerde seminer konusu ve h\u00e2l\u00e2 geni\u015f kitlelerin ilgi oda\u011f\u0131. Son<span class=\"excerpt-hellip\"> [\u2026]<\/span><\/p>\n","protected":false},"featured_media":0,"template":"","meta":{"_monsterinsights_skip_tracking":false,"_monsterinsights_sitenote_active":false,"_monsterinsights_sitenote_note":"","_monsterinsights_sitenote_category":0},"product_brand":[],"product_cat":[12312,12304],"product_tag":[],"class_list":{"0":"post-692110","1":"product","2":"type-product","3":"status-publish","5":"product_cat-diger","6":"product_cat-tarih","7":"pa_cilt-ciltsiz","8":"pa_tur-kitap","9":"pa_yayinevi-omega","10":"pa_yazar-ali-esref-muezzinoglu","12":"first","13":"instock","14":"sale","15":"shipping-taxable","16":"purchasable","17":"product-type-simple"},"_links":{"self":[{"href":"https:\/\/roveyayinevi.com.tr\/index.php\/wp-json\/wp\/v2\/product\/692110","targetHints":{"allow":["GET"]}}],"collection":[{"href":"https:\/\/roveyayinevi.com.tr\/index.php\/wp-json\/wp\/v2\/product"}],"about":[{"href":"https:\/\/roveyayinevi.com.tr\/index.php\/wp-json\/wp\/v2\/types\/product"}],"wp:attachment":[{"href":"https:\/\/roveyayinevi.com.tr\/index.php\/wp-json\/wp\/v2\/media?parent=692110"}],"wp:term":[{"taxonomy":"product_brand","embeddable":true,"href":"https:\/\/roveyayinevi.com.tr\/index.php\/wp-json\/wp\/v2\/product_brand?post=692110"},{"taxonomy":"product_cat","embeddable":true,"href":"https:\/\/roveyayinevi.com.tr\/index.php\/wp-json\/wp\/v2\/product_cat?post=692110"},{"taxonomy":"product_tag","embeddable":true,"href":"https:\/\/roveyayinevi.com.tr\/index.php\/wp-json\/wp\/v2\/product_tag?post=692110"}],"curies":[{"name":"wp","href":"https:\/\/api.w.org\/{rel}","templated":true}]}}