{"id":692108,"date":"2025-08-27T14:04:34","date_gmt":"2025-08-27T11:04:34","guid":{"rendered":"https:\/\/roveyayinevi.com.tr\/index.php\/urun\/zihinsel-kurtulus\/"},"modified":"2026-04-16T02:02:09","modified_gmt":"2026-04-15T23:02:09","slug":"zihinsel-kurtulus","status":"publish","type":"product","link":"https:\/\/roveyayinevi.com.tr\/index.php\/urun\/zihinsel-kurtulus\/","title":{"rendered":"Zihinsel Kurtulu\u015f"},"content":{"rendered":"<p>13 ya\u015f\u0131ndayken d\u00fcnya \u00f6\u011fretmeni se\u00e7ilen Krishnamurti, hayat\u0131n\u0131 d\u00fcnyay\u0131 dola\u015farak, insanlarla ya\u015fama ve d\u00fcnyaya dair konu\u015farak ge\u00e7irdi. Kendisine mesihlik yak\u0131\u015ft\u0131r\u0131lm\u0131\u015f olmas\u0131na ra\u011fmen bunu hi\u00e7bir zaman kabul etmedi. Onun i\u00e7in, kar\u015f\u0131la\u015ft\u0131\u011f\u0131 herkes ba\u015fl\u0131 ba\u015f\u0131na bir birey di. Bu nedenle \u00f6\u011fretmekten \u00e7ok payla\u015fmay\u0131 ilke edindi. Yine de d\u00fcnya \u00fczerindeki milyonlarca ki\u015fi ondan \u00e7ok \u015fey \u00f6\u011frendi. \u0130nsan hakikati bulmak istiyorsa, t\u00fcm dogmalardan, t\u00fcm ko\u015fulland\u0131rmalardan, t\u00fcm inan\u00e7lardan, boyun e\u011fdiren t\u00fcm otoritelerden t\u00fcm\u00fcyle ar\u0131nm\u0131\u015f olmal\u0131d\u0131r. Asl\u0131nda, tam anlam\u0131yla ba\u011f\u0131ms\u0131z olmal\u0131d\u0131r ve bu olduk\u00e7a g\u00fc\u00e7t\u00fcr; bu, a\u011fa\u00e7lar\u0131n alt\u0131nda oturup sa\u00e7ma sapan konu\u015fmalar dinlemek i\u00e7in ho\u015f bir araba gezintisine \u00e7\u0131kt\u0131\u011f\u0131n\u0131z bir pazar sabah\u0131 hobisi de\u011fildir. Hakikati bulmak, muazzam bir sab\u0131r, yumu\u015fakl\u0131k, ikirciklilik ister. Salt kitap okuman\u0131n bir de\u011feri yoktur ama e\u011fer dinlerken dikkatinizi b\u00fct\u00fcn\u00fcyle verebilirseniz, o dikkatin sizi \u00e7abalamaktan kurtard\u0131\u011f\u0131n\u0131 ve zihnin hi\u00e7bir y\u00f6ne hareket etmeden ola\u011fan\u00fcst\u00fc g\u00fczellikte ve yarat\u0131c\u0131l\u0131kta olan\u0131, bilgiyle, ge\u00e7mi\u015fle \u00f6l\u00e7\u00fclemeyecek olan\u0131 kavramaya muktedir oldu\u011funu g\u00f6receksiniz. Ger\u00e7ekten dindar ve devrimci olan yaln\u0131z b\u00f6yle bir insand\u0131r \u00e7\u00fcnk\u00fc art\u0131k toplumun bir par\u00e7as\u0131 de\u011fildir. \u0130nsan h\u0131rsl\u0131, k\u0131skan\u00e7, edinimci, rekabet\u00e7i oldu\u011fu m\u00fcddet\u00e7e toplumun kendisidir. insan, kurtulman\u0131n ola\u011fan\u00fcst\u00fc zor oldu\u011fu b\u00f6yle bir zihniyetle Tanr\u0131y\u0131 ar\u0131yor ama bu aray\u0131\u015f\u0131n hi\u00e7bir anlam\u0131 yoktur \u00e7\u00fcnk\u00fc bu, bir \u015fey olmak, bir \u015fey elde etmek i\u00e7in g\u00f6sterilen u\u011fra\u015ftan ba\u015fka bir \u015fey de\u011fildir. <\/p>\n","protected":false},"excerpt":{"rendered":"<p>13 ya\u015f\u0131ndayken d\u00fcnya \u00f6\u011fretmeni se\u00e7ilen Krishnamurti, hayat\u0131n\u0131 d\u00fcnyay\u0131 dola\u015farak, insanlarla ya\u015fama ve d\u00fcnyaya dair konu\u015farak ge\u00e7irdi. Kendisine mesihlik yak\u0131\u015ft\u0131r\u0131lm\u0131\u015f olmas\u0131na ra\u011fmen bunu hi\u00e7bir zaman kabul etmedi.<span class=\"excerpt-hellip\"> [\u2026]<\/span><\/p>\n","protected":false},"featured_media":0,"template":"","meta":{"_monsterinsights_skip_tracking":false,"_monsterinsights_sitenote_active":false,"_monsterinsights_sitenote_note":"","_monsterinsights_sitenote_category":0},"product_brand":[],"product_cat":[12364,12376],"product_tag":[],"class_list":{"0":"post-692108","1":"product","2":"type-product","3":"status-publish","5":"product_cat-genel-konular","6":"product_cat-kisisel-gelisim","7":"pa_cilt-ciltsiz","8":"pa_tur-kitap","9":"pa_yayinevi-omega","10":"pa_yazar-jiddu-krishnamurti","12":"first","13":"instock","14":"sale","15":"shipping-taxable","16":"purchasable","17":"product-type-simple"},"_links":{"self":[{"href":"https:\/\/roveyayinevi.com.tr\/index.php\/wp-json\/wp\/v2\/product\/692108","targetHints":{"allow":["GET"]}}],"collection":[{"href":"https:\/\/roveyayinevi.com.tr\/index.php\/wp-json\/wp\/v2\/product"}],"about":[{"href":"https:\/\/roveyayinevi.com.tr\/index.php\/wp-json\/wp\/v2\/types\/product"}],"wp:attachment":[{"href":"https:\/\/roveyayinevi.com.tr\/index.php\/wp-json\/wp\/v2\/media?parent=692108"}],"wp:term":[{"taxonomy":"product_brand","embeddable":true,"href":"https:\/\/roveyayinevi.com.tr\/index.php\/wp-json\/wp\/v2\/product_brand?post=692108"},{"taxonomy":"product_cat","embeddable":true,"href":"https:\/\/roveyayinevi.com.tr\/index.php\/wp-json\/wp\/v2\/product_cat?post=692108"},{"taxonomy":"product_tag","embeddable":true,"href":"https:\/\/roveyayinevi.com.tr\/index.php\/wp-json\/wp\/v2\/product_tag?post=692108"}],"curies":[{"name":"wp","href":"https:\/\/api.w.org\/{rel}","templated":true}]}}