{"id":692102,"date":"2025-08-27T14:04:33","date_gmt":"2025-08-27T11:04:33","guid":{"rendered":"https:\/\/roveyayinevi.com.tr\/index.php\/urun\/benim-gibi-biri\/"},"modified":"2026-04-16T02:02:09","modified_gmt":"2026-04-15T23:02:09","slug":"benim-gibi-biri","status":"publish","type":"product","link":"https:\/\/roveyayinevi.com.tr\/index.php\/urun\/benim-gibi-biri\/","title":{"rendered":"Benim Gibi Biri"},"content":{"rendered":"<p>A\u011f\u0131r ama g\u00fc\u00e7l\u00fc ad\u0131mlarla k\u00f6pr\u00fcye do\u011fru y\u00fcr\u00fcd\u00fcm; y\u00fcr\u00fcrken, s\u0131ms\u0131k\u0131 s\u0131kt\u0131\u011f\u0131m yumru\u011fumu \u00f6b\u00fcr elimin avucu i\u00e7ine vura vura: Ben yaln\u0131z de\u011filim! Ben yaln\u0131z de\u011filim! diye tekrarl\u0131yordum solu\u011fum alt\u0131nda. Ben yaln\u0131z de\u011filim! Bunu yaln\u0131zca kendime de\u011fil, \u00fcst\u00fcnden ge\u00e7ti\u011fim yollara, \u00e7amlara, \u00e7imlere, kayalara s\u00f6ylemek, u\u00e7urumlar\u0131n ucunda durarak avaz avaz g\u00f6klere hayk\u0131rmak istiyordum&#8230; Ben yaln\u0131z de\u011filim! Eti etimden, kan\u0131 kan\u0131mdan biri olacak yan\u0131 ba\u015f\u0131mda. Haks\u0131z su\u00e7lamalara u\u011frad\u0131\u011f\u0131m zamanlarda su\u00e7suzlu\u011fumu savunacak biri olacak yan\u0131 ba\u015f\u0131mda. Yeniden gurbet yollar\u0131na d\u00fc\u015ft\u00fc\u011f\u00fcm takdirde, benimle birlikte y\u00fcr\u00fcyecek; \u00f6fkemi ve h\u00fczn\u00fcm\u00fc anlayacak biri olacak yan\u0131 ba\u015f\u0131mda. Y\u00fcr\u00fcd\u00fcm, y\u00fcr\u00fcd\u00fcm. Bay\u0131r\u0131 t\u0131rmand\u0131m. Bay\u0131r\u0131 indim. Ormanda me\u015fe a\u011fa\u00e7lar\u0131 aras\u0131nda y\u00fcr\u00fcd\u00fcm. Irma\u011f\u0131n k\u0131y\u0131s\u0131nda dizlerimin \u00fcst\u00fcne \u00e7\u00f6kerek so\u011fuk suyla y\u00fcz\u00fcm\u00fc yuvdum; ba\u015f\u0131m\u0131 g\u00f6ky\u00fcz\u00fcne kald\u0131rarak esintiyle, g\u00fcne\u015f \u0131\u015f\u0131klar\u0131yla y\u00fcz\u00fcm\u00fc kurulad\u0131m; ve barakaya yeni bir insan olarak d\u00f6nd\u00fcm. Magdalena yenile\u015fti\u011fimin fark\u0131ndayd\u0131: v\u00fccudunun kar\u015f\u0131t\u0131 bir mutlulukla bakt\u0131 y\u00fcz\u00fcme. &#8220;Mutlu musun?\u201d diye sordu. &#8220;Mutluyum\u201d, dedim. <\/p>\n","protected":false},"excerpt":{"rendered":"<p>A\u011f\u0131r ama g\u00fc\u00e7l\u00fc ad\u0131mlarla k\u00f6pr\u00fcye do\u011fru y\u00fcr\u00fcd\u00fcm; y\u00fcr\u00fcrken, s\u0131ms\u0131k\u0131 s\u0131kt\u0131\u011f\u0131m yumru\u011fumu \u00f6b\u00fcr elimin avucu i\u00e7ine vura vura: Ben yaln\u0131z de\u011filim! Ben yaln\u0131z de\u011filim! diye tekrarl\u0131yordum solu\u011fum<span class=\"excerpt-hellip\"> [\u2026]<\/span><\/p>\n","protected":false},"featured_media":0,"template":"","meta":{"_monsterinsights_skip_tracking":false,"_monsterinsights_sitenote_active":false,"_monsterinsights_sitenote_note":"","_monsterinsights_sitenote_category":0},"product_brand":[],"product_cat":[12291,13570],"product_tag":[],"class_list":{"0":"post-692102","1":"product","2":"type-product","3":"status-publish","5":"product_cat-edebiyat","6":"product_cat-rus-edebiyati","7":"pa_cilt-ciltsiz","8":"pa_tur-kitap","9":"pa_yayinevi-otuken-nesriyat","10":"pa_yazar-cengiz-dagci","12":"first","13":"instock","14":"sale","15":"shipping-taxable","16":"purchasable","17":"product-type-simple"},"_links":{"self":[{"href":"https:\/\/roveyayinevi.com.tr\/index.php\/wp-json\/wp\/v2\/product\/692102","targetHints":{"allow":["GET"]}}],"collection":[{"href":"https:\/\/roveyayinevi.com.tr\/index.php\/wp-json\/wp\/v2\/product"}],"about":[{"href":"https:\/\/roveyayinevi.com.tr\/index.php\/wp-json\/wp\/v2\/types\/product"}],"wp:attachment":[{"href":"https:\/\/roveyayinevi.com.tr\/index.php\/wp-json\/wp\/v2\/media?parent=692102"}],"wp:term":[{"taxonomy":"product_brand","embeddable":true,"href":"https:\/\/roveyayinevi.com.tr\/index.php\/wp-json\/wp\/v2\/product_brand?post=692102"},{"taxonomy":"product_cat","embeddable":true,"href":"https:\/\/roveyayinevi.com.tr\/index.php\/wp-json\/wp\/v2\/product_cat?post=692102"},{"taxonomy":"product_tag","embeddable":true,"href":"https:\/\/roveyayinevi.com.tr\/index.php\/wp-json\/wp\/v2\/product_tag?post=692102"}],"curies":[{"name":"wp","href":"https:\/\/api.w.org\/{rel}","templated":true}]}}