{"id":692099,"date":"2025-08-27T14:04:33","date_gmt":"2025-08-27T11:04:33","guid":{"rendered":"https:\/\/roveyayinevi.com.tr\/index.php\/urun\/bati-dusuncesi-ve-mevlana\/"},"modified":"2026-04-16T02:02:09","modified_gmt":"2026-04-15T23:02:09","slug":"bati-dusuncesi-ve-mevlana","status":"publish","type":"product","link":"https:\/\/roveyayinevi.com.tr\/index.php\/urun\/bati-dusuncesi-ve-mevlana\/","title":{"rendered":"Bat\u0131 D\u00fc\u015f\u00fcncesi ve Mevlana"},"content":{"rendered":"<p>Mevlana, bug\u00fcne kadar genellikle mutasavvafl\u0131\u011f\u0131 ve \u015fairli\u011fi a\u00e7\u0131s\u0131ndan ele al\u0131nm\u0131\u015f fakat fikir ve d\u00fc\u015f\u00fcncelerinin felsefi y\u00f6n\u00fc hep ihmal edilmi\u015ftir. \u0130\u015fte bu kitab\u0131nda \u0130smail Yak\u0131t, Mevlana\u2019n\u0131n fikirlerini T\u00fcrk-\u0130slam felsefesi ve tasavvufunun temel karakterleri i\u00e7erisinde ele al\u0131rken, ayr\u0131ca Bat\u0131 d\u00fcnyas\u0131n\u0131n filozoflar\u0131 ve fikir adamlar\u0131nn ayn\u0131 konulardaki g\u00f6r\u00fc\u015fleriyle bir mukayese imkan\u0131n\u0131 okurlar\u0131na sunmaktad\u0131r. Bu eserinde yazar, Mevlevilik \u00fczerinde hi\u00e7 durmam\u0131\u015ft\u0131r. Kitap, her biri kendi i\u00e7erisinde ba\u011f\u0131ms\u0131z i\u015flenen ama birbiriyle irtibatl\u0131 \u015fu d\u00f6rt b\u00f6l\u00fcmden olu\u015fmaktad\u0131r:  \u0130nsan ve \u0130nsan-\u0131 Kamil ,  Hayat ve Evrim ,  \u00d6l\u00fcm ve \u00d6l\u00fcms\u00fczl\u00fck Felsefesi  ve  Mutluluk Ahlak\u0131 . \u0130. Yak\u0131t, bu konular\u0131 i\u015flerken, ba\u015flang\u0131c\u0131ndan g\u00fcn\u00fcm\u00fcze Bat\u0131 d\u00fc\u015f\u00fcncesini temsil eden \u00f6nemli ki\u015filerin g\u00f6r\u00fc\u015f ve fikirleriyle beraber Mevlana\u2019n\u0131n d\u00fc\u015f\u00fcncelerinin felsefi analizlerini vermektedir. <\/p>\n","protected":false},"excerpt":{"rendered":"<p>Mevlana, bug\u00fcne kadar genellikle mutasavvafl\u0131\u011f\u0131 ve \u015fairli\u011fi a\u00e7\u0131s\u0131ndan ele al\u0131nm\u0131\u015f fakat fikir ve d\u00fc\u015f\u00fcncelerinin felsefi y\u00f6n\u00fc hep ihmal edilmi\u015ftir. \u0130\u015fte bu kitab\u0131nda \u0130smail Yak\u0131t, Mevlana\u2019n\u0131n fikirlerini<span class=\"excerpt-hellip\"> [\u2026]<\/span><\/p>\n","protected":false},"featured_media":0,"template":"","meta":{"_monsterinsights_skip_tracking":false,"_monsterinsights_sitenote_active":false,"_monsterinsights_sitenote_note":"","_monsterinsights_sitenote_category":0},"product_brand":[],"product_cat":[12718,12719,13025],"product_tag":[],"class_list":{"0":"post-692099","1":"product","2":"type-product","3":"status-publish","5":"product_cat-din","6":"product_cat-islam","7":"product_cat-islam-ve-gunumuz-islam-dusuncesi","8":"pa_tur-kitap","9":"pa_yayinevi-otuken-nesriyat","10":"pa_yazar-ismail-yakit","12":"first","13":"instock","14":"sale","15":"shipping-taxable","16":"purchasable","17":"product-type-simple"},"_links":{"self":[{"href":"https:\/\/roveyayinevi.com.tr\/index.php\/wp-json\/wp\/v2\/product\/692099","targetHints":{"allow":["GET"]}}],"collection":[{"href":"https:\/\/roveyayinevi.com.tr\/index.php\/wp-json\/wp\/v2\/product"}],"about":[{"href":"https:\/\/roveyayinevi.com.tr\/index.php\/wp-json\/wp\/v2\/types\/product"}],"wp:attachment":[{"href":"https:\/\/roveyayinevi.com.tr\/index.php\/wp-json\/wp\/v2\/media?parent=692099"}],"wp:term":[{"taxonomy":"product_brand","embeddable":true,"href":"https:\/\/roveyayinevi.com.tr\/index.php\/wp-json\/wp\/v2\/product_brand?post=692099"},{"taxonomy":"product_cat","embeddable":true,"href":"https:\/\/roveyayinevi.com.tr\/index.php\/wp-json\/wp\/v2\/product_cat?post=692099"},{"taxonomy":"product_tag","embeddable":true,"href":"https:\/\/roveyayinevi.com.tr\/index.php\/wp-json\/wp\/v2\/product_tag?post=692099"}],"curies":[{"name":"wp","href":"https:\/\/api.w.org\/{rel}","templated":true}]}}