{"id":692098,"date":"2025-08-27T14:04:32","date_gmt":"2025-08-27T11:04:32","guid":{"rendered":"https:\/\/roveyayinevi.com.tr\/index.php\/urun\/avrupa-turkiyesini-kaybimiz-93-ve-balkan-savaslari\/"},"modified":"2026-04-16T02:02:09","modified_gmt":"2026-04-15T23:02:09","slug":"avrupa-turkiyesini-kaybimiz-93-ve-balkan-savaslari","status":"publish","type":"product","link":"https:\/\/roveyayinevi.com.tr\/index.php\/urun\/avrupa-turkiyesini-kaybimiz-93-ve-balkan-savaslari\/","title":{"rendered":"Avrupa T\u00fcrkiye\u2019sini Kayb\u0131m\u0131z: 93 ve Balkan Sava\u015flar\u0131"},"content":{"rendered":"<p>B\u00fct\u00fcn tarihimizin en b\u00fcy\u00fck kayb\u0131, Rumeli\u2019ni elden \u00e7\u0131karmam\u0131zd\u0131r. Tuna ve Adriyatik\u2019ten Meri\u00e7 \u00e7izgisine \u00e7ekilmemiz, iki safhada oldu: 1877-78 Rus Sava\u015f\u0131 ve 1912-13 Balkan Sava\u015f\u0131. Bu iki sava\u015f\u0131 da kaybeden Osmanl\u0131 Devleti, Rumeli\u2019ni b\u0131rakt\u0131 ve \u0130mparatorlu\u011fun kanatlar\u0131ndan biri koptu. Bu k\u00fc\u00e7\u00fck kitab\u0131m\u0131zda, Osmanl\u0131 T\u00fcrkiye\u2019sinin iki trajik d\u00f6n\u00fcm noktas\u0131, geni\u015f okuyucu kitlesi i\u00e7in anlat\u0131lm\u0131\u015ft\u0131r. T\u00fcrk ve T\u00fcrkiye d\u00fc\u015fmanlar\u0131n\u0131n a\u011flar\u0131n\u0131 nas\u0131l uzun v\u00e2dede, fakat planla, sab\u0131rla ve kararl\u0131l\u0131kla \u00f6rd\u00fckleri, \u0130mparatorluk T\u00fcrkiye\u2019sinin kendisini bu a\u011flardan nas\u0131l ve ni\u00e7in kurtaramad\u0131\u011f\u0131 a\u00e7\u0131klanm\u0131\u015ft\u0131r. \u0130hanetler, yetmezlikler, yeteneksizlikler, baz\u0131 sahifelerde okuyucuyu bunaltacakt\u0131r. Fakat b\u00fct\u00fcn bunlar, tarihimizin ta kendisidir. Bug\u00fcn i\u00e7in de sonsuz ibret dersleriyle doludur. Anadolu\u2019ya s\u0131\u011f\u0131nm\u0131\u015f bir T\u00fcrkiye \u00fczerinde ayn\u0131 planlar d\u00fc\u015f\u00fcn\u00fclm\u00fc\u015f, y\u00fcr\u00fcrl\u00fc\u011fe konmu\u015ftur. <\/p>\n","protected":false},"excerpt":{"rendered":"<p>B\u00fct\u00fcn tarihimizin en b\u00fcy\u00fck kayb\u0131, Rumeli\u2019ni elden \u00e7\u0131karmam\u0131zd\u0131r. Tuna ve Adriyatik\u2019ten Meri\u00e7 \u00e7izgisine \u00e7ekilmemiz, iki safhada oldu: 1877-78 Rus Sava\u015f\u0131 ve 1912-13 Balkan Sava\u015f\u0131. Bu iki<span class=\"excerpt-hellip\"> [\u2026]<\/span><\/p>\n","protected":false},"featured_media":0,"template":"","meta":{"_monsterinsights_skip_tracking":false,"_monsterinsights_sitenote_active":false,"_monsterinsights_sitenote_note":"","_monsterinsights_sitenote_category":0},"product_brand":[],"product_cat":[12304,13493],"product_tag":[],"class_list":{"0":"post-692098","1":"product","2":"type-product","3":"status-publish","5":"product_cat-tarih","6":"product_cat-turkiye-ve-cumhuriyet-tarihi","7":"pa_cilt-ciltsiz","8":"pa_tur-kitap","9":"pa_yayinevi-otuken-nesriyat","10":"pa_yazar-yilmaz-oztuna","12":"first","13":"instock","14":"sale","15":"shipping-taxable","16":"purchasable","17":"product-type-simple"},"_links":{"self":[{"href":"https:\/\/roveyayinevi.com.tr\/index.php\/wp-json\/wp\/v2\/product\/692098","targetHints":{"allow":["GET"]}}],"collection":[{"href":"https:\/\/roveyayinevi.com.tr\/index.php\/wp-json\/wp\/v2\/product"}],"about":[{"href":"https:\/\/roveyayinevi.com.tr\/index.php\/wp-json\/wp\/v2\/types\/product"}],"wp:attachment":[{"href":"https:\/\/roveyayinevi.com.tr\/index.php\/wp-json\/wp\/v2\/media?parent=692098"}],"wp:term":[{"taxonomy":"product_brand","embeddable":true,"href":"https:\/\/roveyayinevi.com.tr\/index.php\/wp-json\/wp\/v2\/product_brand?post=692098"},{"taxonomy":"product_cat","embeddable":true,"href":"https:\/\/roveyayinevi.com.tr\/index.php\/wp-json\/wp\/v2\/product_cat?post=692098"},{"taxonomy":"product_tag","embeddable":true,"href":"https:\/\/roveyayinevi.com.tr\/index.php\/wp-json\/wp\/v2\/product_tag?post=692098"}],"curies":[{"name":"wp","href":"https:\/\/api.w.org\/{rel}","templated":true}]}}