{"id":692097,"date":"2025-08-27T14:04:32","date_gmt":"2025-08-27T11:04:32","guid":{"rendered":"https:\/\/roveyayinevi.com.tr\/index.php\/urun\/turkceyi-dogru-etkili-ve-guzel-konusma-kit-hapi\/"},"modified":"2026-04-16T02:02:09","modified_gmt":"2026-04-15T23:02:09","slug":"turkceyi-dogru-etkili-ve-guzel-konusma-kit-hapi","status":"publish","type":"product","link":"https:\/\/roveyayinevi.com.tr\/index.php\/urun\/turkceyi-dogru-etkili-ve-guzel-konusma-kit-hapi\/","title":{"rendered":"T\u00fcrk\u00e7e\u2019yi Do\u011fru, Etkili ve G\u00fczel Konu\u015fma Kit-Hap\u0131"},"content":{"rendered":"<p>Geli\u015fen teknolojiyle birlikte ne yaz\u0131k ki incelikleri unutmaya ba\u015flad\u0131k. Kendimize ay\u0131rd\u0131\u011f\u0131m\u0131z zaman azald\u0131k\u00e7a g\u00fczelliklerden uzakla\u015ft\u0131k. \u0130leti\u015fim \u00e7a\u011f\u0131nda ileti\u015fim kuramaz olduk! <\/p>\n","protected":false},"excerpt":{"rendered":"<p>Geli\u015fen teknolojiyle birlikte ne yaz\u0131k ki incelikleri unutmaya ba\u015flad\u0131k. Kendimize ay\u0131rd\u0131\u011f\u0131m\u0131z zaman azald\u0131k\u00e7a g\u00fczelliklerden uzakla\u015ft\u0131k. \u0130leti\u015fim \u00e7a\u011f\u0131nda ileti\u015fim kuramaz olduk!<\/p>\n","protected":false},"featured_media":0,"template":"","meta":{"_monsterinsights_skip_tracking":false,"_monsterinsights_sitenote_active":false,"_monsterinsights_sitenote_note":"","_monsterinsights_sitenote_category":0},"product_brand":[],"product_cat":[12364,12376],"product_tag":[],"class_list":{"0":"post-692097","1":"product","2":"type-product","3":"status-publish","5":"product_cat-genel-konular","6":"product_cat-kisisel-gelisim","7":"pa_cilt-ciltsiz","8":"pa_tur-kitap","9":"pa_yayinevi-omega","10":"pa_yazar-dilek-sahzade","12":"first","13":"instock","14":"sale","15":"shipping-taxable","16":"purchasable","17":"product-type-simple"},"_links":{"self":[{"href":"https:\/\/roveyayinevi.com.tr\/index.php\/wp-json\/wp\/v2\/product\/692097","targetHints":{"allow":["GET"]}}],"collection":[{"href":"https:\/\/roveyayinevi.com.tr\/index.php\/wp-json\/wp\/v2\/product"}],"about":[{"href":"https:\/\/roveyayinevi.com.tr\/index.php\/wp-json\/wp\/v2\/types\/product"}],"wp:attachment":[{"href":"https:\/\/roveyayinevi.com.tr\/index.php\/wp-json\/wp\/v2\/media?parent=692097"}],"wp:term":[{"taxonomy":"product_brand","embeddable":true,"href":"https:\/\/roveyayinevi.com.tr\/index.php\/wp-json\/wp\/v2\/product_brand?post=692097"},{"taxonomy":"product_cat","embeddable":true,"href":"https:\/\/roveyayinevi.com.tr\/index.php\/wp-json\/wp\/v2\/product_cat?post=692097"},{"taxonomy":"product_tag","embeddable":true,"href":"https:\/\/roveyayinevi.com.tr\/index.php\/wp-json\/wp\/v2\/product_tag?post=692097"}],"curies":[{"name":"wp","href":"https:\/\/api.w.org\/{rel}","templated":true}]}}