{"id":692096,"date":"2025-08-27T14:04:32","date_gmt":"2025-08-27T11:04:32","guid":{"rendered":"https:\/\/roveyayinevi.com.tr\/index.php\/urun\/attila\/"},"modified":"2026-04-16T02:02:09","modified_gmt":"2026-04-15T23:02:09","slug":"attila","status":"publish","type":"product","link":"https:\/\/roveyayinevi.com.tr\/index.php\/urun\/attila\/","title":{"rendered":"Attila"},"content":{"rendered":"<p>Attil\u00e2, Peyami Safa&#8217;n\u0131n yeg\u00e2ne tarih\u00ee roman\u0131d\u0131r. Peyami Safa bu roman\u0131yla, Attil\u00e2 gibi b\u00fcy\u00fck bir T\u00fcrk cihangirinin devrine ve ki\u015fili\u011fine ilk defa bir T\u00fcrk g\u00f6z\u00fcyle bakm\u0131\u015f, Bat\u0131 d\u00fcnyas\u0131n\u0131n \u201cge\u00e7ti\u011fi yerde ot bitmez\u201d diye karalad\u0131\u011f\u0131 bir devlet adam\u0131 ve kumandan\u0131n\u0131 T\u00fcrk g\u00f6z\u00fcyle tasvir etmi\u015ftir. Peyami Safa, Attil\u00e2&#8217;y\u0131 yazarken yabanc\u0131 kaynaklardan ve \u00f6zellikle Bizans tarih\u00e7ilerinin verdi\u011fi bilgilerden olduk\u00e7a istifade etmi\u015ftir. \u00c7elik iradeli, demir disiplinli bu T\u00fcrk hakan\u0131n\u0131n yaln\u0131zca bir devlet adam\u0131 ve kumandan olarak de\u011fil, \u015fahs\u00ee ili\u015fkilerde yumu\u015fak huylu, engin merhametli ve kendisine s\u0131\u011f\u0131nanlara kar\u015f\u0131 ne kadar hassas y\u00fcrekli bir insan oldu\u011funu da g\u00f6stererek, onu efsanelerin \u00f6rt\u00fcs\u00fcnden s\u0131y\u0131r\u0131p ger\u00e7ek bir tarih\u00ee \u015fahsiyet olarak kar\u015f\u0131m\u0131za \u00e7\u0131karm\u0131\u015ft\u0131r. Belki de b\u00fct\u00fcn bunlardan daha \u00f6nemlisi; Peyami Safa, Attil\u00e2&#8217;n\u0131n \u015fahs\u0131nda, T\u00fcrk cihan h\u00e2kimiyeti \u00fclk\u00fcs\u00fcn\u00fcn izlerini ve bozulmu\u015f bir d\u00fcnyaya yeniden nizam verme iradesini ortaya koymu\u015ftur.<\/p>\n","protected":false},"excerpt":{"rendered":"<p>Attil\u00e2, Peyami Safa&#8217;n\u0131n yeg\u00e2ne tarih\u00ee roman\u0131d\u0131r. Peyami Safa bu roman\u0131yla, Attil\u00e2 gibi b\u00fcy\u00fck bir T\u00fcrk cihangirinin devrine ve ki\u015fili\u011fine ilk defa bir T\u00fcrk g\u00f6z\u00fcyle bakm\u0131\u015f, Bat\u0131<span class=\"excerpt-hellip\"> [\u2026]<\/span><\/p>\n","protected":false},"featured_media":0,"template":"","meta":{"_monsterinsights_skip_tracking":false,"_monsterinsights_sitenote_active":false,"_monsterinsights_sitenote_note":"","_monsterinsights_sitenote_category":0},"product_brand":[],"product_cat":[12291,12745],"product_tag":[],"class_list":{"0":"post-692096","1":"product","2":"type-product","3":"status-publish","5":"product_cat-edebiyat","6":"product_cat-tarihi-roman","7":"pa_cilt-ciltsiz","8":"pa_tur-kitap","9":"pa_yayinevi-otuken-nesriyat","10":"pa_yazar-peyami-safa","12":"first","13":"instock","14":"sale","15":"shipping-taxable","16":"purchasable","17":"product-type-simple"},"_links":{"self":[{"href":"https:\/\/roveyayinevi.com.tr\/index.php\/wp-json\/wp\/v2\/product\/692096","targetHints":{"allow":["GET"]}}],"collection":[{"href":"https:\/\/roveyayinevi.com.tr\/index.php\/wp-json\/wp\/v2\/product"}],"about":[{"href":"https:\/\/roveyayinevi.com.tr\/index.php\/wp-json\/wp\/v2\/types\/product"}],"wp:attachment":[{"href":"https:\/\/roveyayinevi.com.tr\/index.php\/wp-json\/wp\/v2\/media?parent=692096"}],"wp:term":[{"taxonomy":"product_brand","embeddable":true,"href":"https:\/\/roveyayinevi.com.tr\/index.php\/wp-json\/wp\/v2\/product_brand?post=692096"},{"taxonomy":"product_cat","embeddable":true,"href":"https:\/\/roveyayinevi.com.tr\/index.php\/wp-json\/wp\/v2\/product_cat?post=692096"},{"taxonomy":"product_tag","embeddable":true,"href":"https:\/\/roveyayinevi.com.tr\/index.php\/wp-json\/wp\/v2\/product_tag?post=692096"}],"curies":[{"name":"wp","href":"https:\/\/api.w.org\/{rel}","templated":true}]}}