{"id":692095,"date":"2025-08-27T14:04:32","date_gmt":"2025-08-27T11:04:32","guid":{"rendered":"https:\/\/roveyayinevi.com.tr\/index.php\/urun\/ataturk-ve-din\/"},"modified":"2026-04-16T02:02:09","modified_gmt":"2026-04-15T23:02:09","slug":"ataturk-ve-din","status":"publish","type":"product","link":"https:\/\/roveyayinevi.com.tr\/index.php\/urun\/ataturk-ve-din\/","title":{"rendered":"Atat\u00fcrk ve Din"},"content":{"rendered":"<p>Atat\u00fcrk&#8217;\u00fcn din hakk\u0131ndaki g\u00f6r\u00fc\u015flerini olmas\u0131 istendi\u011fi gibi de\u011fil oldu\u011fu gibi ortaya \u00e7\u0131karan bir kitapt\u0131r. Atat\u00fcrk&#8217;\u00fcn din hakk\u0131ndaki g\u00f6r\u00fc\u015fleri onun hakk\u0131nda yap\u0131lan bir tak\u0131m yorumlara de\u011fil do\u011frudan do\u011fruya kendi s\u00f6z, deme\u00e7 ve sohbetlerine dayan\u0131larak tespit edilmi\u015ftir. Kutupla\u015fmalara kat\u0131lmayan Atat\u00fcrk&#8217;\u00fcn din kar\u015f\u0131tl\u0131\u011f\u0131na ya da s\u00f6zde din s\u00f6zc\u00fcl\u00fc\u011f\u00fcne alet edilmesinin \u00f6n\u00fcne ge\u00e7en, mill\u00ee birli\u011fimize hizmet eden bir \u00e7al\u0131\u015fma&#8230; <\/p>\n","protected":false},"excerpt":{"rendered":"<p>Atat\u00fcrk&#8217;\u00fcn din hakk\u0131ndaki g\u00f6r\u00fc\u015flerini olmas\u0131 istendi\u011fi gibi de\u011fil oldu\u011fu gibi ortaya \u00e7\u0131karan bir kitapt\u0131r. Atat\u00fcrk&#8217;\u00fcn din hakk\u0131ndaki g\u00f6r\u00fc\u015fleri onun hakk\u0131nda yap\u0131lan bir tak\u0131m yorumlara de\u011fil do\u011frudan<span class=\"excerpt-hellip\"> [\u2026]<\/span><\/p>\n","protected":false},"featured_media":0,"template":"","meta":{"_monsterinsights_skip_tracking":false,"_monsterinsights_sitenote_active":false,"_monsterinsights_sitenote_note":"","_monsterinsights_sitenote_category":0},"product_brand":[],"product_cat":[12718,12719],"product_tag":[],"class_list":{"0":"post-692095","1":"product","2":"type-product","3":"status-publish","5":"product_cat-din","6":"product_cat-islam","7":"pa_cilt-ciltsiz","8":"pa_tur-kitap","9":"pa_yayinevi-otuken-nesriyat","10":"pa_yazar-ismail-yakit","12":"first","13":"instock","14":"sale","15":"shipping-taxable","16":"purchasable","17":"product-type-simple"},"_links":{"self":[{"href":"https:\/\/roveyayinevi.com.tr\/index.php\/wp-json\/wp\/v2\/product\/692095","targetHints":{"allow":["GET"]}}],"collection":[{"href":"https:\/\/roveyayinevi.com.tr\/index.php\/wp-json\/wp\/v2\/product"}],"about":[{"href":"https:\/\/roveyayinevi.com.tr\/index.php\/wp-json\/wp\/v2\/types\/product"}],"wp:attachment":[{"href":"https:\/\/roveyayinevi.com.tr\/index.php\/wp-json\/wp\/v2\/media?parent=692095"}],"wp:term":[{"taxonomy":"product_brand","embeddable":true,"href":"https:\/\/roveyayinevi.com.tr\/index.php\/wp-json\/wp\/v2\/product_brand?post=692095"},{"taxonomy":"product_cat","embeddable":true,"href":"https:\/\/roveyayinevi.com.tr\/index.php\/wp-json\/wp\/v2\/product_cat?post=692095"},{"taxonomy":"product_tag","embeddable":true,"href":"https:\/\/roveyayinevi.com.tr\/index.php\/wp-json\/wp\/v2\/product_tag?post=692095"}],"curies":[{"name":"wp","href":"https:\/\/api.w.org\/{rel}","templated":true}]}}