{"id":692094,"date":"2025-08-27T14:04:32","date_gmt":"2025-08-27T11:04:32","guid":{"rendered":"https:\/\/roveyayinevi.com.tr\/index.php\/urun\/ask-ve-akil-dogu-ve-bati\/"},"modified":"2026-04-16T02:02:09","modified_gmt":"2026-04-15T23:02:09","slug":"ask-ve-akil-dogu-ve-bati","status":"publish","type":"product","link":"https:\/\/roveyayinevi.com.tr\/index.php\/urun\/ask-ve-akil-dogu-ve-bati\/","title":{"rendered":"A\u015fk ve Ak\u0131l Do\u011fu ve Bat\u0131"},"content":{"rendered":"<p>Acaba bizim vatan\u0131m\u0131z gibi, geni\u015f bir memleketi olup da onu asla g\u00f6rmeyen, edebiyatta g\u00f6zleri ecnebi bir \u00e2leme dalm\u0131\u015f ve yaln\u0131z o \u00e2lemden bahseden ba\u015fka bir millet var m\u0131d\u0131r? D\u00fc\u015f\u00fcnce mesaisinin \u00f6nemli bir b\u00f6l\u00fcm\u00fcn\u00fc Bat\u0131 felsefesinin, m\u00fbsik\u00eesinin, edebiyat ve sanat\u0131n\u0131n zirvelerini, deh\u00e2lar\u0131n\u0131 anlamaya hasretmi\u015f bu sat\u0131rlar\u0131n m\u00fcellifi, Yahya Kemal\u2019in yukar\u0131daki s\u00f6zlerinden pay\u0131na d\u00fc\u015feni almakta samimidir. B\u00fcy\u00fck \u015f\u00e2irimizin bu sat\u0131rlarla meseleyi can evinden kavrad\u0131\u011f\u0131na inanmaktay\u0131m. Kendi g\u00f6k kubbelerinden uzakla\u015fan f\u00e2nilerin yabanc\u0131 iklimlerde hayat ate\u015fini kaybetme riski her zaman mevcuttur. Bu durum, Yahya Kemal de d\u00e2hil olmak \u00fczere herkes i\u00e7in variddir. Yabanc\u0131 bir k\u00fclt\u00fcr\u00fcn ba\u015flang\u0131\u00e7ta g\u00f6z kama\u015ft\u0131ran, fakat sonra bir anafor gibi onu kendi dehlizlerine \u00e7eken d\u00fc\u015f\u00fcnce tuzaklar\u0131na d\u00fc\u015fmemek i\u00e7in, ufuklar\u0131n \u00f6tesini g\u00f6rebilen keskin bak\u0131\u015fl\u0131 rehberler almak gerekmektedir yan\u0131na; t\u0131pk\u0131 Dante\u2019nin \u00e7eli\u015fkiler cehenneminde \u00fcstad\u0131 Vergil\u2019i yan\u0131na k\u0131lavuz almas\u0131 gibi; t\u0131pk\u0131 \u0130kbal\u2019in, Bat\u0131 metafizi\u011finin tehlikeli ge\u00e7itlerinde Mevl\u00e2n\u00e2\u2019ya s\u0131\u011f\u0131nmas\u0131, diy\u00e2r-\u0131 R\u00fbm\u2019un bu P\u00eer\u2019inin ete\u011fine tutunmas\u0131 gibi. <\/p>\n","protected":false},"excerpt":{"rendered":"<p>Acaba bizim vatan\u0131m\u0131z gibi, geni\u015f bir memleketi olup da onu asla g\u00f6rmeyen, edebiyatta g\u00f6zleri ecnebi bir \u00e2leme dalm\u0131\u015f ve yaln\u0131z o \u00e2lemden bahseden ba\u015fka bir millet<span class=\"excerpt-hellip\"> [\u2026]<\/span><\/p>\n","protected":false},"featured_media":0,"template":"","meta":{"_monsterinsights_skip_tracking":false,"_monsterinsights_sitenote_active":false,"_monsterinsights_sitenote_note":"","_monsterinsights_sitenote_category":0},"product_brand":[],"product_cat":[13633,12324],"product_tag":[],"class_list":{"0":"post-692094","1":"product","2":"type-product","3":"status-publish","5":"product_cat-kultur-ve-bilim","6":"product_cat-sosyoloji","7":"pa_tur-kitap","8":"pa_yayinevi-otuken-nesriyat","9":"pa_yazar-senail-ozkan","11":"first","12":"instock","13":"sale","14":"shipping-taxable","15":"purchasable","16":"product-type-simple"},"_links":{"self":[{"href":"https:\/\/roveyayinevi.com.tr\/index.php\/wp-json\/wp\/v2\/product\/692094","targetHints":{"allow":["GET"]}}],"collection":[{"href":"https:\/\/roveyayinevi.com.tr\/index.php\/wp-json\/wp\/v2\/product"}],"about":[{"href":"https:\/\/roveyayinevi.com.tr\/index.php\/wp-json\/wp\/v2\/types\/product"}],"wp:attachment":[{"href":"https:\/\/roveyayinevi.com.tr\/index.php\/wp-json\/wp\/v2\/media?parent=692094"}],"wp:term":[{"taxonomy":"product_brand","embeddable":true,"href":"https:\/\/roveyayinevi.com.tr\/index.php\/wp-json\/wp\/v2\/product_brand?post=692094"},{"taxonomy":"product_cat","embeddable":true,"href":"https:\/\/roveyayinevi.com.tr\/index.php\/wp-json\/wp\/v2\/product_cat?post=692094"},{"taxonomy":"product_tag","embeddable":true,"href":"https:\/\/roveyayinevi.com.tr\/index.php\/wp-json\/wp\/v2\/product_tag?post=692094"}],"curies":[{"name":"wp","href":"https:\/\/api.w.org\/{rel}","templated":true}]}}