{"id":692087,"date":"2025-08-27T14:04:30","date_gmt":"2025-08-27T11:04:30","guid":{"rendered":"https:\/\/roveyayinevi.com.tr\/index.php\/urun\/ansiklopedik-cocuk-adlari-sozlugu\/"},"modified":"2026-04-16T02:02:09","modified_gmt":"2026-04-15T23:02:09","slug":"ansiklopedik-cocuk-adlari-sozlugu","status":"publish","type":"product","link":"https:\/\/roveyayinevi.com.tr\/index.php\/urun\/ansiklopedik-cocuk-adlari-sozlugu\/","title":{"rendered":"Ansiklopedik \u00c7ocuk Adlar\u0131 S\u00f6zl\u00fc\u011f\u00fc"},"content":{"rendered":"<p>Ailelerin bebek sahibi olduklar\u0131nda ya\u015fayaca\u011f\u0131 en tatl\u0131 tela\u015flardan biri de bebe\u011fe bir isim vermektir. Kimi ebeveynler daha bebek ortada yokken bir isim belirler. Kimi bebeklerse do\u011fduktan sonra haftalarca isimsiz kal\u0131rlar. Anne babalar\u0131n bu karars\u0131zl\u0131\u011f\u0131n\u0131 anlamak g\u00fc\u00e7 de\u011fildir. \u00c7\u00fcnk\u00fc genellikle ismin insan\u0131n karakterinde etkisi oldu\u011funa inan\u0131l\u0131r, bu y\u00fczden hassas bir konudur. <\/p>\n","protected":false},"excerpt":{"rendered":"<p>Ailelerin bebek sahibi olduklar\u0131nda ya\u015fayaca\u011f\u0131 en tatl\u0131 tela\u015flardan biri de bebe\u011fe bir isim vermektir. Kimi ebeveynler daha bebek ortada yokken bir isim belirler. Kimi bebeklerse do\u011fduktan<span class=\"excerpt-hellip\"> [\u2026]<\/span><\/p>\n","protected":false},"featured_media":0,"template":"","meta":{"_monsterinsights_skip_tracking":false,"_monsterinsights_sitenote_active":false,"_monsterinsights_sitenote_note":"","_monsterinsights_sitenote_category":0},"product_brand":[],"product_cat":[17996,12364],"product_tag":[],"class_list":{"0":"post-692087","1":"product","2":"type-product","3":"status-publish","5":"product_cat-ebeveyn-kitaplari","6":"product_cat-genel-konular","7":"pa_cilt-ciltsiz","8":"pa_tur-kitap","9":"pa_yayinevi-omega","10":"pa_yazar-derleme","12":"first","13":"instock","14":"sale","15":"shipping-taxable","16":"purchasable","17":"product-type-simple"},"_links":{"self":[{"href":"https:\/\/roveyayinevi.com.tr\/index.php\/wp-json\/wp\/v2\/product\/692087","targetHints":{"allow":["GET"]}}],"collection":[{"href":"https:\/\/roveyayinevi.com.tr\/index.php\/wp-json\/wp\/v2\/product"}],"about":[{"href":"https:\/\/roveyayinevi.com.tr\/index.php\/wp-json\/wp\/v2\/types\/product"}],"wp:attachment":[{"href":"https:\/\/roveyayinevi.com.tr\/index.php\/wp-json\/wp\/v2\/media?parent=692087"}],"wp:term":[{"taxonomy":"product_brand","embeddable":true,"href":"https:\/\/roveyayinevi.com.tr\/index.php\/wp-json\/wp\/v2\/product_brand?post=692087"},{"taxonomy":"product_cat","embeddable":true,"href":"https:\/\/roveyayinevi.com.tr\/index.php\/wp-json\/wp\/v2\/product_cat?post=692087"},{"taxonomy":"product_tag","embeddable":true,"href":"https:\/\/roveyayinevi.com.tr\/index.php\/wp-json\/wp\/v2\/product_tag?post=692087"}],"curies":[{"name":"wp","href":"https:\/\/api.w.org\/{rel}","templated":true}]}}