{"id":692085,"date":"2025-08-27T14:04:30","date_gmt":"2025-08-27T11:04:30","guid":{"rendered":"https:\/\/roveyayinevi.com.tr\/index.php\/urun\/ben-yazarim-3-sinif-oyku-tamamlama\/"},"modified":"2026-04-16T02:02:09","modified_gmt":"2026-04-15T23:02:09","slug":"ben-yazarim-3-sinif-oyku-tamamlama","status":"publish","type":"product","link":"https:\/\/roveyayinevi.com.tr\/index.php\/urun\/ben-yazarim-3-sinif-oyku-tamamlama\/","title":{"rendered":"Ben Yazar\u0131m 3. S\u0131n\u0131f \u00d6yk\u00fc Tamamlama"},"content":{"rendered":"<p>Biz seninle belki de bu kitapla tan\u0131\u015faca\u011f\u0131z. D\u00fc\u015f\u00fcnen, \u00fcreten insanlar\u0131 severim. Umar\u0131m sen de beni seversin. Yazar, \u00f6ncelikle d\u00fc\ufb02\u00fcnen insand\u0131r. Onun da duygular\u0131 vard\u0131r. O da hayal kurar. Sonra oturur, yazar. Her konuda yazabiliriz. Yaz\u0131m\u0131z bir \u00f6yk\u00fc, bir masal olabilir. Bir an\u0131m\u0131z\u0131 kaleme al\u0131r, ba\u015fkalar\u0131yla payla\ufb02abiiriz. Gezip g\u00f6rd\u00fc\u011f\u00fcm\u00fcz yerleri de anlatabiliriz. Ama \u00f6ncelikle \u00e7ok okumam\u0131z gerekir. Yazmadan \u00f6nce birtak\u0131m haz\u0131rl\u0131klar\u0131m\u0131z da olmal\u0131d\u0131r. Sonra&#8230; Rahat ol. \u0130\u00e7inden geldi\u011fi gibi yaz. Gelecekte iyi bir yazar olabilirsin. \u015eimdiden ba\u015far\u0131lar dilerim. Aziz Sivasl\u0131o\u011flu<\/p>\n","protected":false},"excerpt":{"rendered":"<p>Biz seninle belki de bu kitapla tan\u0131\u015faca\u011f\u0131z. D\u00fc\u015f\u00fcnen, \u00fcreten insanlar\u0131 severim. Umar\u0131m sen de beni seversin. Yazar, \u00f6ncelikle d\u00fc\ufb02\u00fcnen insand\u0131r. Onun da duygular\u0131 vard\u0131r. O da<span class=\"excerpt-hellip\"> [\u2026]<\/span><\/p>\n","protected":false},"featured_media":0,"template":"","meta":{"_monsterinsights_skip_tracking":false,"_monsterinsights_sitenote_active":false,"_monsterinsights_sitenote_note":"","_monsterinsights_sitenote_category":0},"product_brand":[],"product_cat":[12274,12284],"product_tag":[],"class_list":{"0":"post-692085","1":"product","2":"type-product","3":"status-publish","5":"product_cat-cocuk-ve-genclik-kitaplari","6":"product_cat-hikayeler","7":"pa_cilt-ciltsiz","8":"pa_tur-kitap","9":"pa_yayinevi-ozyurek-yayinlari","10":"pa_yazar-aziz-sivaslioglu","12":"first","13":"instock","14":"sale","15":"shipping-taxable","16":"purchasable","17":"product-type-simple"},"_links":{"self":[{"href":"https:\/\/roveyayinevi.com.tr\/index.php\/wp-json\/wp\/v2\/product\/692085","targetHints":{"allow":["GET"]}}],"collection":[{"href":"https:\/\/roveyayinevi.com.tr\/index.php\/wp-json\/wp\/v2\/product"}],"about":[{"href":"https:\/\/roveyayinevi.com.tr\/index.php\/wp-json\/wp\/v2\/types\/product"}],"wp:attachment":[{"href":"https:\/\/roveyayinevi.com.tr\/index.php\/wp-json\/wp\/v2\/media?parent=692085"}],"wp:term":[{"taxonomy":"product_brand","embeddable":true,"href":"https:\/\/roveyayinevi.com.tr\/index.php\/wp-json\/wp\/v2\/product_brand?post=692085"},{"taxonomy":"product_cat","embeddable":true,"href":"https:\/\/roveyayinevi.com.tr\/index.php\/wp-json\/wp\/v2\/product_cat?post=692085"},{"taxonomy":"product_tag","embeddable":true,"href":"https:\/\/roveyayinevi.com.tr\/index.php\/wp-json\/wp\/v2\/product_tag?post=692085"}],"curies":[{"name":"wp","href":"https:\/\/api.w.org\/{rel}","templated":true}]}}