{"id":692083,"date":"2025-08-27T14:04:30","date_gmt":"2025-08-27T11:04:30","guid":{"rendered":"https:\/\/roveyayinevi.com.tr\/index.php\/urun\/ask-seks-ve-namus\/"},"modified":"2026-04-16T02:02:08","modified_gmt":"2026-04-15T23:02:08","slug":"ask-seks-ve-namus","status":"publish","type":"product","link":"https:\/\/roveyayinevi.com.tr\/index.php\/urun\/ask-seks-ve-namus\/","title":{"rendered":"A\u015fk, Seks ve Namus"},"content":{"rendered":"<p>13 ya\u015f\u0131ndayken d\u00fcnya \u00f6\u011fretmeni se\u00e7ilen Krishnamurti, hayat\u0131n\u0131 d\u00fcnyay\u0131 dola\u015farak, insanlarla  ya\u015fama ve d\u00fcnyaya dair konu\u015farak ge\u00e7irdi. Kendisine mesihlik yak\u0131\u015ft\u0131r\u0131lm\u0131\u015f olmas\u0131na ra\u011fmen bunu hi\u00e7bir zaman kabul etmedi. Onun i\u00e7in, kar\u015f\u0131la\u015ft\u0131\u011f\u0131 herkes ba\u015fl\u0131 ba\u015f\u0131na bir \u201cbirey\u201ddi. Bu nedenle \u00f6\u011fretmekten \u00e7ok payla\u015fmay\u0131 ilke edindi. Yine de d\u00fcnya \u00fczerindeki milyonlarca ki\u015fi ondan \u00e7ok \u015fey \u00f6\u011frendi. \u00c7o\u011fumuz a\u015fka sahip de\u011filiz ve onun anlam\u0131n\u0131 bilmiyoruz. Bizler zevk almay\u0131 ve ac\u0131 duymay\u0131 biliyoruz. Zevkin ge\u00e7ici ve muhtemelen ac\u0131n\u0131n s\u00fcrekli oldu\u011funun fark\u0131nday\u0131z. Cinsellikten al\u0131nan zevki; \u00fcne, y\u00fcksek bir makama, itibara ula\u015fman\u0131n ve zahitlerin yapt\u0131\u011f\u0131 gibi kendi bedenini denetim ve kay\u0131t alt\u0131nda tutman\u0131n zevkini; bunlar\u0131n hepsini biliyoruz. S\u00fcrekli olarak a\u015fktan s\u00f6z ediyoruz ama bunun ne anlama geldi\u011fini bilmiyoruz, \u00e7\u00fcnk\u00fc a\u015fk\u0131n ba\u015flang\u0131c\u0131n\u0131 olu\u015fturan arzuyu anlam\u0131\u015f de\u011filiz. <\/p>\n","protected":false},"excerpt":{"rendered":"<p>13 ya\u015f\u0131ndayken d\u00fcnya \u00f6\u011fretmeni se\u00e7ilen Krishnamurti, hayat\u0131n\u0131 d\u00fcnyay\u0131 dola\u015farak, insanlarla ya\u015fama ve d\u00fcnyaya dair konu\u015farak ge\u00e7irdi. Kendisine mesihlik yak\u0131\u015ft\u0131r\u0131lm\u0131\u015f olmas\u0131na ra\u011fmen bunu hi\u00e7bir zaman kabul etmedi.<span class=\"excerpt-hellip\"> [\u2026]<\/span><\/p>\n","protected":false},"featured_media":0,"template":"","meta":{"_monsterinsights_skip_tracking":false,"_monsterinsights_sitenote_active":false,"_monsterinsights_sitenote_note":"","_monsterinsights_sitenote_category":0},"product_brand":[],"product_cat":[12364,12376],"product_tag":[],"class_list":{"0":"post-692083","1":"product","2":"type-product","3":"status-publish","5":"product_cat-genel-konular","6":"product_cat-kisisel-gelisim","7":"pa_cilt-ciltsiz","8":"pa_tur-kitap","9":"pa_yayinevi-omega","10":"pa_yazar-jiddu-krishnamurti","12":"first","13":"instock","14":"sale","15":"shipping-taxable","16":"purchasable","17":"product-type-simple"},"_links":{"self":[{"href":"https:\/\/roveyayinevi.com.tr\/index.php\/wp-json\/wp\/v2\/product\/692083","targetHints":{"allow":["GET"]}}],"collection":[{"href":"https:\/\/roveyayinevi.com.tr\/index.php\/wp-json\/wp\/v2\/product"}],"about":[{"href":"https:\/\/roveyayinevi.com.tr\/index.php\/wp-json\/wp\/v2\/types\/product"}],"wp:attachment":[{"href":"https:\/\/roveyayinevi.com.tr\/index.php\/wp-json\/wp\/v2\/media?parent=692083"}],"wp:term":[{"taxonomy":"product_brand","embeddable":true,"href":"https:\/\/roveyayinevi.com.tr\/index.php\/wp-json\/wp\/v2\/product_brand?post=692083"},{"taxonomy":"product_cat","embeddable":true,"href":"https:\/\/roveyayinevi.com.tr\/index.php\/wp-json\/wp\/v2\/product_cat?post=692083"},{"taxonomy":"product_tag","embeddable":true,"href":"https:\/\/roveyayinevi.com.tr\/index.php\/wp-json\/wp\/v2\/product_tag?post=692083"}],"curies":[{"name":"wp","href":"https:\/\/api.w.org\/{rel}","templated":true}]}}