{"id":692082,"date":"2025-08-27T14:04:29","date_gmt":"2025-08-27T11:04:29","guid":{"rendered":"https:\/\/roveyayinevi.com.tr\/index.php\/urun\/her-kalp-kendi-sarkisini-soyler\/"},"modified":"2026-04-16T02:02:08","modified_gmt":"2026-04-15T23:02:08","slug":"her-kalp-kendi-sarkisini-soyler","status":"publish","type":"product","link":"https:\/\/roveyayinevi.com.tr\/index.php\/urun\/her-kalp-kendi-sarkisini-soyler\/","title":{"rendered":"Her Kalp Kendi \u015eark\u0131s\u0131n\u0131 S\u00f6yler"},"content":{"rendered":"<p>Kalbin pusulas\u0131 nedir?Ba\u015far\u0131l\u0131 ve \u00fcnl\u00fc bir avukat olan babas\u0131 tam da Julia\u2019n\u0131n fak\u00fclteden mezun oldu\u011fu g\u00fcn\u00fcn ertesi sabah\u0131 ard\u0131nda hi\u00e7bir iz b\u0131rakmadan ortadan kaybolur. Birka\u00e7 y\u0131l sonra ise annesi \u015fans eseri bulmacan\u0131n bir par\u00e7as\u0131n\u0131 bulacakt\u0131r; Mi Mi adl\u0131 gizemli bir kad\u0131na 40 y\u0131l \u00f6nce yaz\u0131lm\u0131\u015f ama g\u00f6nderilmemi\u015f bir mektup.Babas\u0131n\u0131n ge\u00e7mi\u015findeki gizemi \u00e7\u00f6zme iste\u011fiyle Julia kariyerini ve \u00f6n\u00fcnde onu bekleyen hayat\u0131 bir kenara koyar. Babas\u0131n\u0131n kalbinin pusulas\u0131n\u0131 takip ederek Mi Mi\u2019nin bir zamanlar ya\u015fam\u0131\u015f oldu\u011fu yere gider. Yolculu\u011fu onu do\u011funun esrarengiz bir b\u00f6lgesine, k\u00fc\u00e7\u00fck bir da\u011f kasabas\u0131na g\u00f6t\u00fcr\u00fcr. Orada babas\u0131n\u0131 tan\u0131yan ve kendisi hakk\u0131nda da inan\u0131lmaz \u015fekilde bilgi sahibi olan bir adamla kar\u015f\u0131la\u015f\u0131r. Merak\u0131na teslim olarak onunla bulu\u015fup ondan babas\u0131n\u0131n gen\u00e7li\u011fi hakk\u0131nda \u015fa\u015f\u0131rt\u0131c\u0131 hik\u00e2yeler dinler; \u00e7ocukken k\u00f6r olmu\u015f, manast\u0131rda yeti\u015ftirilmi\u015f ve hepsinden \u00f6te oral\u0131 bir k\u0131za delice bir tutku beslemi\u015ftir.Her Kalp Kendi \u015eark\u0131s\u0131n\u0131 S\u00f6yler, Amerika, Almanya, \u0130talya, \u0130spanya, Hollanda, Japonya, S\u0131rbistan, \u0130srail ve H\u0131rvatistan\u2019da sadece, okuyanlar\u0131n birbirlerine tavsiyesiyle y\u00fcz binlerce satt\u0131, en \u00e7ok konu\u015fulan kitaplardan biri oldu.<\/p>\n","protected":false},"excerpt":{"rendered":"<p>Kalbin pusulas\u0131 nedir?Ba\u015far\u0131l\u0131 ve \u00fcnl\u00fc bir avukat olan babas\u0131 tam da Julia\u2019n\u0131n fak\u00fclteden mezun oldu\u011fu g\u00fcn\u00fcn ertesi sabah\u0131 ard\u0131nda hi\u00e7bir iz b\u0131rakmadan ortadan kaybolur. Birka\u00e7 y\u0131l<span class=\"excerpt-hellip\"> [\u2026]<\/span><\/p>\n","protected":false},"featured_media":0,"template":"","meta":{"_monsterinsights_skip_tracking":false,"_monsterinsights_sitenote_active":false,"_monsterinsights_sitenote_note":"","_monsterinsights_sitenote_category":0},"product_brand":[],"product_cat":[12291,12711],"product_tag":[],"class_list":{"0":"post-692082","1":"product","2":"type-product","3":"status-publish","5":"product_cat-edebiyat","6":"product_cat-roman-oyku","7":"pa_cilt-ciltsiz","8":"pa_tur-kitap","9":"pa_yayinevi-arkadya-yayinlari","10":"pa_yazar-jan-philipp-sendker","12":"first","13":"instock","14":"sale","15":"shipping-taxable","16":"purchasable","17":"product-type-simple"},"_links":{"self":[{"href":"https:\/\/roveyayinevi.com.tr\/index.php\/wp-json\/wp\/v2\/product\/692082","targetHints":{"allow":["GET"]}}],"collection":[{"href":"https:\/\/roveyayinevi.com.tr\/index.php\/wp-json\/wp\/v2\/product"}],"about":[{"href":"https:\/\/roveyayinevi.com.tr\/index.php\/wp-json\/wp\/v2\/types\/product"}],"wp:attachment":[{"href":"https:\/\/roveyayinevi.com.tr\/index.php\/wp-json\/wp\/v2\/media?parent=692082"}],"wp:term":[{"taxonomy":"product_brand","embeddable":true,"href":"https:\/\/roveyayinevi.com.tr\/index.php\/wp-json\/wp\/v2\/product_brand?post=692082"},{"taxonomy":"product_cat","embeddable":true,"href":"https:\/\/roveyayinevi.com.tr\/index.php\/wp-json\/wp\/v2\/product_cat?post=692082"},{"taxonomy":"product_tag","embeddable":true,"href":"https:\/\/roveyayinevi.com.tr\/index.php\/wp-json\/wp\/v2\/product_tag?post=692082"}],"curies":[{"name":"wp","href":"https:\/\/api.w.org\/{rel}","templated":true}]}}