{"id":692081,"date":"2025-08-27T14:04:29","date_gmt":"2025-08-27T11:04:29","guid":{"rendered":"https:\/\/roveyayinevi.com.tr\/index.php\/urun\/anneme-mektuplar\/"},"modified":"2026-04-16T02:02:08","modified_gmt":"2026-04-15T23:02:08","slug":"anneme-mektuplar","status":"publish","type":"product","link":"https:\/\/roveyayinevi.com.tr\/index.php\/urun\/anneme-mektuplar\/","title":{"rendered":"Anneme Mektuplar"},"content":{"rendered":"<p>\u201cA\u011f\u0131r bir ta\u015f gibi oturdu Anneme Mektuplar y\u00fcre\u011fimin \u00fcst\u00fcne y\u0131llarca. Eserin yay\u0131nlanm\u0131\u015f \u015fekli elime ge\u00e7ince ruh dinginli\u011fi i\u00e7inde buldum kendimi -ta\u015f aniden kald\u0131r\u0131ld\u0131, yara kapand\u0131, ve \u00fcst\u00fcme ho\u015f bir hafiflik kondu&#8230; Bug\u00fcne de\u011fin s\u00f6ylemek istedi\u011fim \u015feyleri -beni mutland\u0131ran, beni \u00fczen, beni ayakta tutan ve ya\u015famama yard\u0131m eden \u015feyleri- Anneme Mektuplar&#8217;da s\u00f6yledim&#8230; Anneme Mektuplar&#8217;a d\u00f6kt\u00fc\u011f\u00fcm sevgi ve heyecan\u0131 annem bana yirmi y\u0131l i\u00e7inde nas\u0131l a\u015f\u0131lad\u0131ysa, ayn\u0131 sevgi ve heyecan\u0131 neredeyse k\u0131rkbe\u015f y\u0131l boyunca benden esirgemedi Regina. S\u0131rf bu y\u00fczden onun \u00f6\u011fretmen Akimova&#8217;n\u0131n ki\u015fili\u011finde kendini aramas\u0131n\u0131 tabi\u00ee buluyorum. Ya Saf, ve Saf&#8217;\u0131n annesinin ki\u015filiklerinde kimler sakl\u0131? Edebiyat \u00e7evrelerinde \u00e7ok tekrarlanan bir soru ve soruya \u00fcnl\u00fc bir cevap var: Flaubert&#8217;e, Madame Bovary kim? diye sormu\u015flar; Flaubert de Madame Bovary benim diye cevaplam\u0131\u015f soruyu. \u015eimdi ben kalkar da Anneme Mektuplar&#8217;\u0131n Saf&#8217;\u0131 (veya Topkayac\u0131&#8217;s\u0131) benim dersem, okur inan\u0131r m\u0131 acaba?.. Oysa de\u011filim&#8230; O ki\u015filikleri kendi ruhumda ve kendi i\u00e7imde ta\u015f\u0131d\u0131m uzun y\u0131llar. Sonra ba\u015fkalar\u0131n\u0131n tan\u0131malar\u0131 gere\u011fini duydum ve \u00f6zledim, ve onlar\u0131 kendi ruhum ve dima\u011f\u0131mdan \u00e7\u0131kar\u0131p okura sundum.\u201d (Cengiz Da\u011fc\u0131, Temmuz 1988)<\/p>\n","protected":false},"excerpt":{"rendered":"<p>\u201cA\u011f\u0131r bir ta\u015f gibi oturdu Anneme Mektuplar y\u00fcre\u011fimin \u00fcst\u00fcne y\u0131llarca. Eserin yay\u0131nlanm\u0131\u015f \u015fekli elime ge\u00e7ince ruh dinginli\u011fi i\u00e7inde buldum kendimi -ta\u015f aniden kald\u0131r\u0131ld\u0131, yara kapand\u0131, ve<span class=\"excerpt-hellip\"> [\u2026]<\/span><\/p>\n","protected":false},"featured_media":0,"template":"","meta":{"_monsterinsights_skip_tracking":false,"_monsterinsights_sitenote_active":false,"_monsterinsights_sitenote_note":"","_monsterinsights_sitenote_category":0},"product_brand":[],"product_cat":[13701,12291],"product_tag":[],"class_list":{"0":"post-692081","1":"product","2":"type-product","3":"status-publish","5":"product_cat-ani-mektup-gunluk","6":"product_cat-edebiyat","7":"pa_cilt-ciltsiz","8":"pa_tur-kitap","9":"pa_yayinevi-otuken-nesriyat","10":"pa_yazar-cengiz-dagci","12":"first","13":"instock","14":"sale","15":"shipping-taxable","16":"purchasable","17":"product-type-simple"},"_links":{"self":[{"href":"https:\/\/roveyayinevi.com.tr\/index.php\/wp-json\/wp\/v2\/product\/692081","targetHints":{"allow":["GET"]}}],"collection":[{"href":"https:\/\/roveyayinevi.com.tr\/index.php\/wp-json\/wp\/v2\/product"}],"about":[{"href":"https:\/\/roveyayinevi.com.tr\/index.php\/wp-json\/wp\/v2\/types\/product"}],"wp:attachment":[{"href":"https:\/\/roveyayinevi.com.tr\/index.php\/wp-json\/wp\/v2\/media?parent=692081"}],"wp:term":[{"taxonomy":"product_brand","embeddable":true,"href":"https:\/\/roveyayinevi.com.tr\/index.php\/wp-json\/wp\/v2\/product_brand?post=692081"},{"taxonomy":"product_cat","embeddable":true,"href":"https:\/\/roveyayinevi.com.tr\/index.php\/wp-json\/wp\/v2\/product_cat?post=692081"},{"taxonomy":"product_tag","embeddable":true,"href":"https:\/\/roveyayinevi.com.tr\/index.php\/wp-json\/wp\/v2\/product_tag?post=692081"}],"curies":[{"name":"wp","href":"https:\/\/api.w.org\/{rel}","templated":true}]}}