{"id":692079,"date":"2025-08-27T14:04:29","date_gmt":"2025-08-27T11:04:29","guid":{"rendered":"https:\/\/roveyayinevi.com.tr\/index.php\/urun\/yoga-2-zamanin-mekanin-ve-arzunun-otesinde\/"},"modified":"2026-04-16T02:02:08","modified_gmt":"2026-04-15T23:02:08","slug":"yoga-2-zamanin-mekanin-ve-arzunun-otesinde","status":"publish","type":"product","link":"https:\/\/roveyayinevi.com.tr\/index.php\/urun\/yoga-2-zamanin-mekanin-ve-arzunun-otesinde\/","title":{"rendered":"Yoga 2 &#8211; Zaman\u0131n, Mekan\u0131n ve Arzunun \u00d6tesinde"},"content":{"rendered":"<p>Kendi i\u00e7indeki bilinmeyeni bilmeden, ba\u015fka hi\u00e7 kimseyi tan\u0131yamazs\u0131n. O insan\u0131n esrar\u0131n\u0131 \u00e7\u00f6zmek i\u00e7in tek yol, kendi esrar\u0131n\u0131 \u00e7\u00f6zmektir. Gizli katlar\u0131n arkas\u0131nda ba\u015fka katlar gizlidir, insan sonsuzluktur. Kendi i\u00e7inde ne kadar derine inersen, b\u00fct\u00fcn bir varolu\u015fta, ayr\u0131ca ba\u015fkalar\u0131nda da o kadar derine inersin, \u00e7\u00fcnk\u00fc \u00f6z birdir. \u00c7eperse milyonlarcad\u0131r, oysa \u00f6z tektir. Beden son derece yaln\u0131\u015f kullan\u0131lmaktad\u0131r. Kendi v\u00fccuduna k\u00f6t\u00fc davran\u0131yorsun. Bedenin s\u0131rr\u0131n\u0131 bilmiyorsun. O yaln\u0131zca ten de\u011fildir, yaln\u0131zca kemik de\u011fildir, yaln\u0131zca kan de\u011fildir. O muhte\u015fem bir organik b\u00fct\u00fcnl\u00fck, muhte\u015fem bir dinamizmdir. Daha bir\u00e7ok s\u0131r var. Bu beden, bir\u00e7ok bedenin ilk katman\u0131d\u0131r&#8230; Asl\u0131nda yedi beden vard\u0131r. E\u011fer bu bedende derine inersen, yeni olgularla kar\u015f\u0131la\u015f\u0131rs\u0131n. Bu hantal bedenin arkas\u0131nda, ince beden gizlidir. Bu ince beden uyand\u0131\u011f\u0131nda, \u00e7ok g\u00fc\u00e7l\u00fc olursun, \u00e7\u00fcnk\u00fc belli ba\u015fl\u0131 boyutsal g\u00fc\u00e7ler kazan\u0131rs\u0131n. Bu beden yata\u011f\u0131nda yatarken ince beden hareket edebilir. Onun i\u00e7in engel yoktur. Yer\u00e7ekimi onu etkilemez; onun i\u00e7in zaman ve mek\u00e2n s\u00f6z konusu de\u011fildir. Hareket edebilir&#8230; Her yere gidebilir. B\u00fct\u00fcn d\u00fcnya ona a\u00e7\u0131kt\u0131r. Hantal beden i\u00e7in bu m\u00fcmk\u00fcn de\u011fildir. \u201cOsho, XX. y\u00fczy\u0131l\u0131n 1000 ilah\u0131ndan biri&#8230;\u201d The Sunday Times   \u201cHindistan\u2019\u0131n kaderini de\u011fi\u015ftiren (Gandhi ve Buda gibi) on ki\u015fiden biri&#8230;\u201d Sunday Mid Day   \u201cOsho, \u0130sa\u2019dan bu yana yery\u00fcz\u00fcne inmi\u015f en tehlikeli insan&#8230;\u201d Tom Robbins <\/p>\n","protected":false},"excerpt":{"rendered":"<p>Kendi i\u00e7indeki bilinmeyeni bilmeden, ba\u015fka hi\u00e7 kimseyi tan\u0131yamazs\u0131n. O insan\u0131n esrar\u0131n\u0131 \u00e7\u00f6zmek i\u00e7in tek yol, kendi esrar\u0131n\u0131 \u00e7\u00f6zmektir. Gizli katlar\u0131n arkas\u0131nda ba\u015fka katlar gizlidir, insan sonsuzluktur.<span class=\"excerpt-hellip\"> [\u2026]<\/span><\/p>\n","protected":false},"featured_media":0,"template":"","meta":{"_monsterinsights_skip_tracking":false,"_monsterinsights_sitenote_active":false,"_monsterinsights_sitenote_note":"","_monsterinsights_sitenote_category":0},"product_brand":[],"product_cat":[13365,19822],"product_tag":[],"class_list":{"0":"post-692079","1":"product","2":"type-product","3":"status-publish","5":"product_cat-saglik","6":"product_cat-yoga-meditasyon","7":"pa_cilt-ciltsiz","8":"pa_tur-kitap","9":"pa_yayinevi-omega","10":"pa_yazar-osho-bhagwan-shree-rajneesh","12":"first","13":"instock","14":"sale","15":"shipping-taxable","16":"purchasable","17":"product-type-simple"},"_links":{"self":[{"href":"https:\/\/roveyayinevi.com.tr\/index.php\/wp-json\/wp\/v2\/product\/692079","targetHints":{"allow":["GET"]}}],"collection":[{"href":"https:\/\/roveyayinevi.com.tr\/index.php\/wp-json\/wp\/v2\/product"}],"about":[{"href":"https:\/\/roveyayinevi.com.tr\/index.php\/wp-json\/wp\/v2\/types\/product"}],"wp:attachment":[{"href":"https:\/\/roveyayinevi.com.tr\/index.php\/wp-json\/wp\/v2\/media?parent=692079"}],"wp:term":[{"taxonomy":"product_brand","embeddable":true,"href":"https:\/\/roveyayinevi.com.tr\/index.php\/wp-json\/wp\/v2\/product_brand?post=692079"},{"taxonomy":"product_cat","embeddable":true,"href":"https:\/\/roveyayinevi.com.tr\/index.php\/wp-json\/wp\/v2\/product_cat?post=692079"},{"taxonomy":"product_tag","embeddable":true,"href":"https:\/\/roveyayinevi.com.tr\/index.php\/wp-json\/wp\/v2\/product_tag?post=692079"}],"curies":[{"name":"wp","href":"https:\/\/api.w.org\/{rel}","templated":true}]}}