{"id":692078,"date":"2025-08-27T14:04:29","date_gmt":"2025-08-27T11:04:29","guid":{"rendered":"https:\/\/roveyayinevi.com.tr\/index.php\/urun\/yoga-bireyin-dogusu\/"},"modified":"2026-04-16T02:02:08","modified_gmt":"2026-04-15T23:02:08","slug":"yoga-bireyin-dogusu","status":"publish","type":"product","link":"https:\/\/roveyayinevi.com.tr\/index.php\/urun\/yoga-bireyin-dogusu\/","title":{"rendered":"Yoga &#8211; Bireyin Do\u011fu\u015fu"},"content":{"rendered":"<p>Yoga, hayale dalmayan bir zihne sahip olma y\u00f6ntemidir. Yoga, burada ve \u015fimdide olma bilimidir. Yoga, art\u0131k gelece\u011fe y\u00f6nelmemeye haz\u0131rs\u0131n anlam\u0131na gelir. Yoga, art\u0131k umut etmemeye ve varolu\u015funun bir ad\u0131m \u00f6n\u00fcne z\u0131plamamaya haz\u0131rs\u0131n demektir. Yoga, ger\u00e7ekle oldu\u011fu gibi y\u00fczle\u015fmek demektir. Derin bir ill\u00fczyonda ya\u015f\u0131yoruz -umudun, gelece\u011fin ve yar\u0131n\u0131n ill\u00fczyonunda. \u0130nsan, \u015fu andaki haliyle kendini aldatmadan var olamaz. \u0130nsan, \u015fu andaki haliyle hakikate ula\u015famaz. Bunun iyice anla\u015f\u0131lmas\u0131 gerekir, \u00e7\u00fcnk\u00fc anla\u015f\u0131lmad\u0131\u011f\u0131 takdirde, Yoga denilen ara\u015ft\u0131rmaya giri\u015f yap\u0131lmas\u0131 m\u00fcmk\u00fcn de\u011fildir. Ya\u015fad\u0131\u011f\u0131m\u0131z an, daima bir cehennemdir. Bunu sadece gelece\u011fe y\u00f6nlendirdi\u011fin umutlar\u0131n sayesinde s\u00fcrd\u00fcrebiliyorsun. Bug\u00fcn, bir yar\u0131n oldu\u011fu i\u00e7in ya\u015fayabiliyorsun. Yar\u0131n bir \u015feylerin olaca\u011f\u0131n\u0131 umut ediyorsun -yar\u0131n cennetin baz\u0131 kap\u0131lan a\u00e7\u0131lacak san\u0131yorsun. Bug\u00fcn hi\u00e7bir zaman a\u00e7\u0131lmayacaklar ve yar\u0131n geldi\u011finde yar\u0131n olarak de\u011fil, bug\u00fcn olarak gelecektir, ama zihnin bu arada tekrar ilerlemi\u015f olacakt\u0131r. \u0130leriye do\u011fru gitmeye devam ediyorsun ; i\u015fte hayale dalman\u0131n anlam\u0131 budur. \u015eu anda yan\u0131nda bulunan, burada ve \u015fimdi olan ger\u00e7ekle bir de\u011filsin, ba\u015fka bir yerdesin -ileri do\u011fru hareket ediyor, ileri do\u011fru z\u0131pl\u0131yorsun. \ufffcTan\u0131t\u0131m Metni<\/p>\n","protected":false},"excerpt":{"rendered":"<p>Yoga, hayale dalmayan bir zihne sahip olma y\u00f6ntemidir. Yoga, burada ve \u015fimdide olma bilimidir. Yoga, art\u0131k gelece\u011fe y\u00f6nelmemeye haz\u0131rs\u0131n anlam\u0131na gelir. Yoga, art\u0131k umut etmemeye ve<span class=\"excerpt-hellip\"> [\u2026]<\/span><\/p>\n","protected":false},"featured_media":0,"template":"","meta":{"_monsterinsights_skip_tracking":false,"_monsterinsights_sitenote_active":false,"_monsterinsights_sitenote_note":"","_monsterinsights_sitenote_category":0},"product_brand":[],"product_cat":[12364,12376],"product_tag":[],"class_list":{"0":"post-692078","1":"product","2":"type-product","3":"status-publish","5":"product_cat-genel-konular","6":"product_cat-kisisel-gelisim","7":"pa_cilt-ciltsiz","8":"pa_tur-kitap","9":"pa_yayinevi-omega","10":"pa_yazar-osho","12":"first","13":"instock","14":"sale","15":"shipping-taxable","16":"purchasable","17":"product-type-simple"},"_links":{"self":[{"href":"https:\/\/roveyayinevi.com.tr\/index.php\/wp-json\/wp\/v2\/product\/692078","targetHints":{"allow":["GET"]}}],"collection":[{"href":"https:\/\/roveyayinevi.com.tr\/index.php\/wp-json\/wp\/v2\/product"}],"about":[{"href":"https:\/\/roveyayinevi.com.tr\/index.php\/wp-json\/wp\/v2\/types\/product"}],"wp:attachment":[{"href":"https:\/\/roveyayinevi.com.tr\/index.php\/wp-json\/wp\/v2\/media?parent=692078"}],"wp:term":[{"taxonomy":"product_brand","embeddable":true,"href":"https:\/\/roveyayinevi.com.tr\/index.php\/wp-json\/wp\/v2\/product_brand?post=692078"},{"taxonomy":"product_cat","embeddable":true,"href":"https:\/\/roveyayinevi.com.tr\/index.php\/wp-json\/wp\/v2\/product_cat?post=692078"},{"taxonomy":"product_tag","embeddable":true,"href":"https:\/\/roveyayinevi.com.tr\/index.php\/wp-json\/wp\/v2\/product_tag?post=692078"}],"curies":[{"name":"wp","href":"https:\/\/api.w.org\/{rel}","templated":true}]}}