{"id":692072,"date":"2025-08-27T14:04:27","date_gmt":"2025-08-27T11:04:27","guid":{"rendered":"https:\/\/roveyayinevi.com.tr\/index.php\/urun\/fedailerin-kalesi-alamut\/"},"modified":"2026-04-16T02:02:08","modified_gmt":"2026-04-15T23:02:08","slug":"fedailerin-kalesi-alamut","status":"publish","type":"product","link":"https:\/\/roveyayinevi.com.tr\/index.php\/urun\/fedailerin-kalesi-alamut\/","title":{"rendered":"Fedailerin Kalesi Alamut"},"content":{"rendered":"<p>Bir tarafta Hasan Sabbah\u2019\u0131n yery\u00fcz\u00fc cennetiyle yeni tan\u0131\u015fan g\u00fczel k\u00f6leler, di\u011fer tarafta onun en g\u00fcvenilir sava\u015f\u00e7\u0131lar\u0131 olan fedailer. Sabbah\u2019\u0131n yaratt\u0131\u011f\u0131 cennetin i\u00e7inde g\u00f6zleri a\u00e7\u0131ld\u0131\u011f\u0131nda hepsinin hayat\u0131 hi\u00e7 umulmad\u0131k bir \u015fekilde de\u011fi\u015fir.Hikaye 11. y\u00fczy\u0131l \u0130ran\u0131\u2019nda, kendini peygamber ilan eden Hasan Sabbah\u2019\u0131n, se\u00e7ilmi\u015f bir grup insan\u0131 intihar suikast\u00e7\u0131s\u0131na d\u00f6n\u00fc\u015ft\u00fcrerek b\u00f6lgede hakimiyet kurmak i\u00e7in \u00e7\u0131lg\u0131nca ve ayn\u0131 zamanda zekice bir plan tasarlad\u0131\u011f\u0131 Alamut Kalesi\u2019nde ge\u00e7mektedir. G\u00fczel kad\u0131nlar\u0131n, yemye\u015fil bah\u00e7elerin, \u015farap ve ha\u015fha\u015f\u0131n g\u00f6z boyad\u0131\u011f\u0131 sanal bir cennet yaratan Sabbah, gen\u00e7 sava\u015f\u00e7\u0131lar\u0131n\u0131 emirlerine uyduklar\u0131 takdirde bu cennete gidebileceklerine inand\u0131r\u0131r. Kendilerini onun yoluna adayan, \u00f6lmeyi de \u00f6ld\u00fcrmeyi de g\u00f6ze alm\u0131\u015f olan bu k\u00fc\u00e7\u00fck orduyla h\u00fck\u00fcmdar s\u0131n\u0131f\u0131na g\u00f6zda\u011f\u0131 verebilece\u011fini d\u00fc\u015f\u00fcn\u00fcr. Sabbah kendi deyimiyle insanlar\u0131n safl\u0131\u011f\u0131n\u0131 kullan\u0131p dine adanm\u0131\u015fl\u0131\u011f\u0131 politik emellerine alet eder. Art\u0131k kap\u0131lar onun i\u00e7in ard\u0131na kadar a\u00e7\u0131lm\u0131\u015ft\u0131r.<\/p>\n","protected":false},"excerpt":{"rendered":"<p>Bir tarafta Hasan Sabbah\u2019\u0131n yery\u00fcz\u00fc cennetiyle yeni tan\u0131\u015fan g\u00fczel k\u00f6leler, di\u011fer tarafta onun en g\u00fcvenilir sava\u015f\u00e7\u0131lar\u0131 olan fedailer. Sabbah\u2019\u0131n yaratt\u0131\u011f\u0131 cennetin i\u00e7inde g\u00f6zleri a\u00e7\u0131ld\u0131\u011f\u0131nda hepsinin hayat\u0131<span class=\"excerpt-hellip\"> [\u2026]<\/span><\/p>\n","protected":false},"featured_media":0,"template":"","meta":{"_monsterinsights_skip_tracking":false,"_monsterinsights_sitenote_active":false,"_monsterinsights_sitenote_note":"","_monsterinsights_sitenote_category":0},"product_brand":[],"product_cat":[12782,12291],"product_tag":[],"class_list":{"0":"post-692072","1":"product","2":"type-product","3":"status-publish","5":"product_cat-alman-edebiyati","6":"product_cat-edebiyat","7":"pa_cilt-ciltsiz","8":"pa_tur-kitap","9":"pa_yayinevi-koridor-yayincilik","10":"pa_yazar-vladimir-bartol","12":"first","13":"instock","14":"sale","15":"shipping-taxable","16":"purchasable","17":"product-type-simple"},"_links":{"self":[{"href":"https:\/\/roveyayinevi.com.tr\/index.php\/wp-json\/wp\/v2\/product\/692072","targetHints":{"allow":["GET"]}}],"collection":[{"href":"https:\/\/roveyayinevi.com.tr\/index.php\/wp-json\/wp\/v2\/product"}],"about":[{"href":"https:\/\/roveyayinevi.com.tr\/index.php\/wp-json\/wp\/v2\/types\/product"}],"wp:attachment":[{"href":"https:\/\/roveyayinevi.com.tr\/index.php\/wp-json\/wp\/v2\/media?parent=692072"}],"wp:term":[{"taxonomy":"product_brand","embeddable":true,"href":"https:\/\/roveyayinevi.com.tr\/index.php\/wp-json\/wp\/v2\/product_brand?post=692072"},{"taxonomy":"product_cat","embeddable":true,"href":"https:\/\/roveyayinevi.com.tr\/index.php\/wp-json\/wp\/v2\/product_cat?post=692072"},{"taxonomy":"product_tag","embeddable":true,"href":"https:\/\/roveyayinevi.com.tr\/index.php\/wp-json\/wp\/v2\/product_tag?post=692072"}],"curies":[{"name":"wp","href":"https:\/\/api.w.org\/{rel}","templated":true}]}}