{"id":692070,"date":"2025-08-27T14:04:27","date_gmt":"2025-08-27T11:04:27","guid":{"rendered":"https:\/\/roveyayinevi.com.tr\/index.php\/urun\/ben-yazarim-2-sinif-oyku-tamamlama\/"},"modified":"2026-04-16T02:02:08","modified_gmt":"2026-04-15T23:02:08","slug":"ben-yazarim-2-sinif-oyku-tamamlama","status":"publish","type":"product","link":"https:\/\/roveyayinevi.com.tr\/index.php\/urun\/ben-yazarim-2-sinif-oyku-tamamlama\/","title":{"rendered":"Ben Yazar\u0131m 2. S\u0131n\u0131f \u00d6yk\u00fc Tamamlama"},"content":{"rendered":"<p>Bu bir uygulama kitab\u0131d\u0131r. Sen onu eline ald\u0131n. Birlikte g\u00fczel bir yolculu\u011fa \u00e7\u0131kaca\u011f\u0131z. Kitab\u0131 \u00f6nce inceleyeceksin. Sonra su gibi okuyacaks\u0131n. D\u00fc\u015f\u00fcneceksin. Hayal de kuracaks\u0131n. Ne g\u00fczel! Sen art\u203ak bir yazar aday\u0131s\u0131n. \u00c7ok oku. Gez. G\u00f6zlem yap. Bak. \u0130yi bak. Bakt\u0131\u011f\u0131n\u0131 g\u00f6r. Rahat ol. \u0130\u00e7inden geldi\u011fi gibi yaz. G\u00f6receksin, hi\u00e7 de zor de\u011filmi\u015f.   Yolun ayd\u0131nl\u0131k olsun. Ba\u015far\u0131lar dilerim. Aziz Sivasl\u0131o\u011flu<\/p>\n","protected":false},"excerpt":{"rendered":"<p>Bu bir uygulama kitab\u0131d\u0131r. Sen onu eline ald\u0131n. Birlikte g\u00fczel bir yolculu\u011fa \u00e7\u0131kaca\u011f\u0131z. Kitab\u0131 \u00f6nce inceleyeceksin. Sonra su gibi okuyacaks\u0131n. D\u00fc\u015f\u00fcneceksin. Hayal de kuracaks\u0131n. Ne g\u00fczel!<span class=\"excerpt-hellip\"> [\u2026]<\/span><\/p>\n","protected":false},"featured_media":0,"template":"","meta":{"_monsterinsights_skip_tracking":false,"_monsterinsights_sitenote_active":false,"_monsterinsights_sitenote_note":"","_monsterinsights_sitenote_category":0},"product_brand":[],"product_cat":[12274,12284],"product_tag":[],"class_list":{"0":"post-692070","1":"product","2":"type-product","3":"status-publish","5":"product_cat-cocuk-ve-genclik-kitaplari","6":"product_cat-hikayeler","7":"pa_cilt-ciltsiz","8":"pa_tur-kitap","9":"pa_yayinevi-ozyurek-yayinlari","10":"pa_yazar-aziz-sivaslioglu","12":"first","13":"instock","14":"sale","15":"shipping-taxable","16":"purchasable","17":"product-type-simple"},"_links":{"self":[{"href":"https:\/\/roveyayinevi.com.tr\/index.php\/wp-json\/wp\/v2\/product\/692070","targetHints":{"allow":["GET"]}}],"collection":[{"href":"https:\/\/roveyayinevi.com.tr\/index.php\/wp-json\/wp\/v2\/product"}],"about":[{"href":"https:\/\/roveyayinevi.com.tr\/index.php\/wp-json\/wp\/v2\/types\/product"}],"wp:attachment":[{"href":"https:\/\/roveyayinevi.com.tr\/index.php\/wp-json\/wp\/v2\/media?parent=692070"}],"wp:term":[{"taxonomy":"product_brand","embeddable":true,"href":"https:\/\/roveyayinevi.com.tr\/index.php\/wp-json\/wp\/v2\/product_brand?post=692070"},{"taxonomy":"product_cat","embeddable":true,"href":"https:\/\/roveyayinevi.com.tr\/index.php\/wp-json\/wp\/v2\/product_cat?post=692070"},{"taxonomy":"product_tag","embeddable":true,"href":"https:\/\/roveyayinevi.com.tr\/index.php\/wp-json\/wp\/v2\/product_tag?post=692070"}],"curies":[{"name":"wp","href":"https:\/\/api.w.org\/{rel}","templated":true}]}}