{"id":692056,"date":"2025-08-27T14:04:24","date_gmt":"2025-08-27T11:04:24","guid":{"rendered":"https:\/\/roveyayinevi.com.tr\/index.php\/urun\/emek-tartismasi\/"},"modified":"2026-04-16T02:02:08","modified_gmt":"2026-04-15T23:02:08","slug":"emek-tartismasi","status":"publish","type":"product","link":"https:\/\/roveyayinevi.com.tr\/index.php\/urun\/emek-tartismasi\/","title":{"rendered":"Emek Tart\u0131\u015fmas\u0131"},"content":{"rendered":"<p>Emek sorununa hem geleneksel Marksizmin hem de post-modern Marksizmin bak\u0131\u015f a\u00e7\u0131s\u0131ndan farkl\u0131 bir yerden bakan kitap, soyut-somut emek, i\u015f\u00e7i s\u0131n\u0131f\u0131, devrimci \u00f6zne, devrimci bilin\u00e7, s\u00f6m\u00fcr\u00fc, i\u015f\u00e7i s\u0131n\u0131f\u0131 \u00f6rg\u00fctleri gibi temel kavramlar\u0131 yeniden ele al\u0131p yorumluyor. Bu yorumun ekseninde ise &#8220;kapitalist i\u015f&#8221; duruyor. Emek Tart\u0131\u015fmas\u0131 kitab\u0131, kapitalist i\u015fi ve kapitalist i\u015fe dayal\u0131 toplumsall\u0131\u011f\u0131n kurulu\u015funu ve i\u015fleyi\u015fini derinlemesine inceliyor. Kitab\u0131 derleyenlerin &#8220;kar\u015f\u0131l\u0131\u011f\u0131 parasal \u00fccretle \u00f6denen\u2026\u00f6zg\u00fcl bir emek bi\u00e7imi&#8221; olarak tan\u0131mlad\u0131klar\u0131 kapitalist i\u015f, kapitalist de\u011fer \u00fcretme ili\u015fkilerinin geni\u015fletilmesi ve derinle\u015ftirilmesinin s\u00fcreklili\u011fini sa\u011flayan temel olarak ortaya konuyor. Kapitalist i\u015f olmaks\u0131z\u0131n ne kapitalist de\u011fer \u00fcretimi ne de bu de\u011fer \u00fcretimini g\u00fcvence alt\u0131na alan toplumsal ili\u015fkilerin kurulu\u015fu m\u00fcmk\u00fcn olabilir. &#8220;\u0130nsan etkinli\u011fi&#8221;nin, b\u00fct\u00fcn\u00fcyle kapitalist i\u015fe d\u00f6n\u00fc\u015fm\u00fc\u015f olmas\u0131, yani ancak &#8220;parasal \u00fccret&#8221; kar\u015f\u0131l\u0131\u011f\u0131nda kabul g\u00f6r\u00fcr hale gelmi\u015f olmas\u0131, g\u00fcn\u00fcm\u00fczde kapitalist iktidar ili\u015fkilerinin t\u00fcm toplumu tahakk\u00fcm alt\u0131na alm\u0131\u015f oldu\u011funu g\u00f6sterir. Kapitalist i\u015f zararl\u0131d\u0131r, insan\u0131 ya\u015fat\u0131yormu\u015f gibi g\u00f6r\u00fcn\u00fcr ama \u00f6ld\u00fcr\u00fcr. \ufffcTan\u0131t\u0131m Metni<\/p>\n","protected":false},"excerpt":{"rendered":"<p>Emek sorununa hem geleneksel Marksizmin hem de post-modern Marksizmin bak\u0131\u015f a\u00e7\u0131s\u0131ndan farkl\u0131 bir yerden bakan kitap, soyut-somut emek, i\u015f\u00e7i s\u0131n\u0131f\u0131, devrimci \u00f6zne, devrimci bilin\u00e7, s\u00f6m\u00fcr\u00fc, i\u015f\u00e7i<span class=\"excerpt-hellip\"> [\u2026]<\/span><\/p>\n","protected":false},"featured_media":0,"template":"","meta":{"_monsterinsights_skip_tracking":false,"_monsterinsights_sitenote_active":false,"_monsterinsights_sitenote_note":"","_monsterinsights_sitenote_category":0},"product_brand":[],"product_cat":[13590,12337],"product_tag":[],"class_list":{"0":"post-692056","1":"product","2":"type-product","3":"status-publish","5":"product_cat-arastirma-inceleme-politika-siyaset","6":"product_cat-politika-siyaset","7":"pa_cilt-ciltsiz","8":"pa_tur-kitap","9":"pa_yayinevi-otonom-yayincilik","10":"pa_yazar-michael-neary","12":"first","13":"instock","14":"sale","15":"shipping-taxable","16":"purchasable","17":"product-type-simple"},"_links":{"self":[{"href":"https:\/\/roveyayinevi.com.tr\/index.php\/wp-json\/wp\/v2\/product\/692056","targetHints":{"allow":["GET"]}}],"collection":[{"href":"https:\/\/roveyayinevi.com.tr\/index.php\/wp-json\/wp\/v2\/product"}],"about":[{"href":"https:\/\/roveyayinevi.com.tr\/index.php\/wp-json\/wp\/v2\/types\/product"}],"wp:attachment":[{"href":"https:\/\/roveyayinevi.com.tr\/index.php\/wp-json\/wp\/v2\/media?parent=692056"}],"wp:term":[{"taxonomy":"product_brand","embeddable":true,"href":"https:\/\/roveyayinevi.com.tr\/index.php\/wp-json\/wp\/v2\/product_brand?post=692056"},{"taxonomy":"product_cat","embeddable":true,"href":"https:\/\/roveyayinevi.com.tr\/index.php\/wp-json\/wp\/v2\/product_cat?post=692056"},{"taxonomy":"product_tag","embeddable":true,"href":"https:\/\/roveyayinevi.com.tr\/index.php\/wp-json\/wp\/v2\/product_tag?post=692056"}],"curies":[{"name":"wp","href":"https:\/\/api.w.org\/{rel}","templated":true}]}}