{"id":692055,"date":"2025-08-27T14:04:24","date_gmt":"2025-08-27T11:04:24","guid":{"rendered":"https:\/\/roveyayinevi.com.tr\/index.php\/urun\/akil-oyunlari\/"},"modified":"2026-04-16T02:02:08","modified_gmt":"2026-04-15T23:02:08","slug":"akil-oyunlari","status":"publish","type":"product","link":"https:\/\/roveyayinevi.com.tr\/index.php\/urun\/akil-oyunlari\/","title":{"rendered":"Ak\u0131l Oyunlar\u0131"},"content":{"rendered":"<p>Charlie Giles, kariyerinin zirvesinde bir y\u00f6netici. Kendisine \u015fifreli notlar b\u0131rakt\u0131\u011f\u0131n\u0131 asla hat\u0131rlam\u0131yor. Kimi \u00f6ld\u00fcrece\u011fini tek tek s\u0131ralad\u0131\u011f\u0131 listeye ilk defa g\u00f6rm\u00fc\u015f\u00e7esine bak\u0131yor. Nas\u0131l olur da en yak\u0131n\u0131ndaki insan\u0131 bile \u00f6ld\u00fcrmek ister? Anlam veremedi\u011fi bu \u015fifreli notlar\u0131 kendisinin yazd\u0131\u011f\u0131ndan emin. Gelebilecek tehlikelere kar\u015f\u0131 onu uyaran Anne Pedersen ad\u0131nda biriyle konu\u015fuyor fakat kad\u0131n\u0131n ad\u0131 kay\u0131tlarda yok. \u00d6lm\u00fc\u015f bir adam g\u00f6r\u00fcyor ancak polisi oraya g\u00f6t\u00fcrd\u00fc\u011f\u00fcnde ceset ard\u0131nda hi\u00e7bir iz b\u0131rakmadan ortadan yok oluyor. \u0130\u015fler daha da \u00e7\u0131\u011f\u0131r\u0131ndan \u00e7\u0131kmaya ba\u015flad\u0131\u011f\u0131nda Charlie, karde\u015fi ve babas\u0131 gibi \u015fizofren oldu\u011funu d\u00fc\u015f\u00fcnmeye ba\u015fl\u0131yor. \ufffcTan\u0131t\u0131m Metni<\/p>\n","protected":false},"excerpt":{"rendered":"<p>Charlie Giles, kariyerinin zirvesinde bir y\u00f6netici. Kendisine \u015fifreli notlar b\u0131rakt\u0131\u011f\u0131n\u0131 asla hat\u0131rlam\u0131yor. Kimi \u00f6ld\u00fcrece\u011fini tek tek s\u0131ralad\u0131\u011f\u0131 listeye ilk defa g\u00f6rm\u00fc\u015f\u00e7esine bak\u0131yor. Nas\u0131l olur da en<span class=\"excerpt-hellip\"> [\u2026]<\/span><\/p>\n","protected":false},"featured_media":0,"template":"","meta":{"_monsterinsights_skip_tracking":false,"_monsterinsights_sitenote_active":false,"_monsterinsights_sitenote_note":"","_monsterinsights_sitenote_category":0},"product_brand":[],"product_cat":[12891,12291],"product_tag":[],"class_list":{"0":"post-692055","1":"product","2":"type-product","3":"status-publish","5":"product_cat-amerikan-edebiyati","6":"product_cat-edebiyat","7":"pa_cilt-ciltsiz","8":"pa_tur-kitap","9":"pa_yayinevi-koridor-yayincilik","10":"pa_yazar-daniel-palmer","12":"first","13":"instock","14":"sale","15":"shipping-taxable","16":"purchasable","17":"product-type-simple"},"_links":{"self":[{"href":"https:\/\/roveyayinevi.com.tr\/index.php\/wp-json\/wp\/v2\/product\/692055","targetHints":{"allow":["GET"]}}],"collection":[{"href":"https:\/\/roveyayinevi.com.tr\/index.php\/wp-json\/wp\/v2\/product"}],"about":[{"href":"https:\/\/roveyayinevi.com.tr\/index.php\/wp-json\/wp\/v2\/types\/product"}],"wp:attachment":[{"href":"https:\/\/roveyayinevi.com.tr\/index.php\/wp-json\/wp\/v2\/media?parent=692055"}],"wp:term":[{"taxonomy":"product_brand","embeddable":true,"href":"https:\/\/roveyayinevi.com.tr\/index.php\/wp-json\/wp\/v2\/product_brand?post=692055"},{"taxonomy":"product_cat","embeddable":true,"href":"https:\/\/roveyayinevi.com.tr\/index.php\/wp-json\/wp\/v2\/product_cat?post=692055"},{"taxonomy":"product_tag","embeddable":true,"href":"https:\/\/roveyayinevi.com.tr\/index.php\/wp-json\/wp\/v2\/product_tag?post=692055"}],"curies":[{"name":"wp","href":"https:\/\/api.w.org\/{rel}","templated":true}]}}