{"id":692045,"date":"2025-08-27T14:04:22","date_gmt":"2025-08-27T11:04:22","guid":{"rendered":"https:\/\/roveyayinevi.com.tr\/index.php\/urun\/yuruyen-kentler-3-cehennem-makineleri\/"},"modified":"2026-04-16T02:02:08","modified_gmt":"2026-04-15T23:02:08","slug":"yuruyen-kentler-3-cehennem-makineleri","status":"publish","type":"product","link":"https:\/\/roveyayinevi.com.tr\/index.php\/urun\/yuruyen-kentler-3-cehennem-makineleri\/","title":{"rendered":"Y\u00fcr\u00fcyen Kentler 3 &#8211; Cehennem Makineleri"},"content":{"rendered":"<p>Philip Reeve\u2019in sars\u0131c\u0131 bilimkurgu dizisinin beklenen 3. kitab\u0131 T\u00fcrk\u00e7e\u2019de! Makineler diriliyor, an\u0131lar canlan\u0131yor. Y\u00fcr\u00fcyen Kentler\u2019in palet izlerinde hesapla\u015fma vakti yak\u0131n! Vineland\u2019i terk etmeye karar verdim. Bir grup Yitik O\u011flan buraya geldi. Meraklanmay\u0131n, ama\u00e7lar\u0131 zarar vermek de\u011fil. Beni de yanlar\u0131na alacaklar. Sal-kentler\u2019i ve Av Alan\u0131\u2019n\u0131, t\u00fcm d\u00fcnyay\u0131 g\u00f6rece\u011fim ve t\u0131pk\u0131 sizler gibi maceralara at\u0131laca\u011f\u0131m&#8230; S\u00f6yleseydim beni engellemeye \u00e7al\u0131\u015f\u0131rd\u0131n\u0131z. Kendime iyi bakaca\u011f\u0131m ve&#8230; en k\u0131sa zamanda d\u00f6nece\u011fim. Sevgiler, Wren Do\u011fu ile Bat\u0131\u2019n\u0131n sava\u015f\u0131 d\u00fcnyay\u0131 zifiri karanl\u0131\u011fa s\u00fcr\u00fckl\u00fcyor. Sava\u015f\u0131n zihinleri alt\u00fcst etti\u011fi bir d\u00fcnyada, u\u011fruna yola \u00e7\u0131k\u0131lan idealler bulan\u0131kla\u015f\u0131yor ve kutupla\u015fma derinle\u015fiyor. \u0130nsan, topra\u011f\u0131 canland\u0131rmaktan aciz; yaratt\u0131\u011f\u0131 makinelerle ezip ge\u00e7ti\u011fi ve \u00e7orakla\u015ft\u0131rd\u0131\u011f\u0131 d\u00fcnyada verdi\u011fi ya\u015fam m\u00fccadelesi her ad\u0131mda daha a\u011f\u0131r. Bir yanda Y\u00fcr\u00fcyen Kentler, bir yanda Mobillik Kar\u015f\u0131tlar\u0131. Herkes, kadim d\u00fcnyadan kalma Teneke Kitap\u2019\u0131n pe\u015finde. Teneke Kitap hangi s\u0131rr\u0131 sakl\u0131yor? Modern \u00e7a\u011f\u0131n Jules Verne\u2019i \u0130ngiliz yazar ve \u00e7izer Philip Reeve, s\u0131rad\u0131\u015f\u0131 bulu\u015flarla, \u00e7evre meselelerine, politikaya, insana ve sevgiye dair derin bir duyarl\u0131kla yazd\u0131\u011f\u0131 bol \u00f6d\u00fcll\u00fc bilimkurgu dizisinin 3. kitab\u0131nda, sava\u015flarla t\u00fckenen d\u00fcnyan\u0131n ve vah\u015fili\u011fi son raddesine ula\u015fan insan\u0131n son d\u00f6nemece giri\u015f yolculu\u011funu anlat\u0131yor. Y\u00fcr\u00fcyen Kentler dizisinin 3. kitab\u0131 Cehennem Makineleri okurunu, gerilim ve heyecan dolu yolculu\u011fun sondan bir \u00f6nceki dura\u011f\u0131na davet ediyor. <\/p>\n","protected":false},"excerpt":{"rendered":"<p>Philip Reeve\u2019in sars\u0131c\u0131 bilimkurgu dizisinin beklenen 3. kitab\u0131 T\u00fcrk\u00e7e\u2019de! Makineler diriliyor, an\u0131lar canlan\u0131yor. Y\u00fcr\u00fcyen Kentler\u2019in palet izlerinde hesapla\u015fma vakti yak\u0131n! Vineland\u2019i terk etmeye karar verdim. Bir<span class=\"excerpt-hellip\"> [\u2026]<\/span><\/p>\n","protected":false},"featured_media":0,"template":"","meta":{"_monsterinsights_skip_tracking":false,"_monsterinsights_sitenote_active":false,"_monsterinsights_sitenote_note":"","_monsterinsights_sitenote_category":0},"product_brand":[],"product_cat":[12540,12291],"product_tag":[],"class_list":{"0":"post-692045","1":"product","2":"type-product","3":"status-publish","5":"product_cat-bilim-kurgu","6":"product_cat-edebiyat","7":"pa_cilt-ciltsiz","8":"pa_tur-kitap","9":"pa_yayinevi-on8-kitap","10":"pa_yazar-philip-reeve","12":"first","13":"instock","14":"sale","15":"shipping-taxable","16":"purchasable","17":"product-type-simple"},"_links":{"self":[{"href":"https:\/\/roveyayinevi.com.tr\/index.php\/wp-json\/wp\/v2\/product\/692045","targetHints":{"allow":["GET"]}}],"collection":[{"href":"https:\/\/roveyayinevi.com.tr\/index.php\/wp-json\/wp\/v2\/product"}],"about":[{"href":"https:\/\/roveyayinevi.com.tr\/index.php\/wp-json\/wp\/v2\/types\/product"}],"wp:attachment":[{"href":"https:\/\/roveyayinevi.com.tr\/index.php\/wp-json\/wp\/v2\/media?parent=692045"}],"wp:term":[{"taxonomy":"product_brand","embeddable":true,"href":"https:\/\/roveyayinevi.com.tr\/index.php\/wp-json\/wp\/v2\/product_brand?post=692045"},{"taxonomy":"product_cat","embeddable":true,"href":"https:\/\/roveyayinevi.com.tr\/index.php\/wp-json\/wp\/v2\/product_cat?post=692045"},{"taxonomy":"product_tag","embeddable":true,"href":"https:\/\/roveyayinevi.com.tr\/index.php\/wp-json\/wp\/v2\/product_tag?post=692045"}],"curies":[{"name":"wp","href":"https:\/\/api.w.org\/{rel}","templated":true}]}}